{"id":25270,"date":"2019-11-21T11:25:40","date_gmt":"2019-11-21T09:25:40","guid":{"rendered":"http:\/\/bugaderiaemporda.efimatica.com\/politica-de-cookies\/"},"modified":"2020-01-07T18:14:26","modified_gmt":"2020-01-07T16:14:26","slug":"politique-des-cookies","status":"publish","type":"page","link":"https:\/\/bugaderiaemporda.com\/fr\/politique-des-cookies\/","title":{"rendered":"Politique des cookies"},"content":{"rendered":"<p>[vc_row full_width=\u00a0\u00bbstretch_row_content_no_spaces\u00a0\u00bb css=\u00a0\u00bb.vc_custom_1574071008328{margin-bottom: 0px !important;background-color: #d7d7d7 !important;}\u00a0\u00bb][vc_column]<h1 class=\"boc_heading  center  \"  style=\"margin-bottom: 50px;margin-top: 50px;color: #00adef;font-size: 50px;\"><span>POLITIQUE DES COOKIES<\/span><\/h1>[\/vc_column][\/vc_row][vc_row css=\u00a0\u00bb.vc_custom_1574326821590{padding-top: 80px !important;padding-bottom: 80px !important;}\u00a0\u00bb][vc_column][vc_column_text]<\/p>\n<ul>\n<li>Les cookies (biscuits) sont des petits fichiers de texte stock\u00e9s dans le terminal de l\u2019internaute qui permettent l\u2019acc\u00e8s \u00e0 notre site Web. Ils peuvent sauvegarder l\u2019identification de l\u2019utilisateur qui visite le site et les sites o\u00f9 il navigue. Lorsque l\u2019utilisateur (vous, dans ce cas-ci) nous revisite, les cookies sont lus pour vous identifier et r\u00e9tablir vos pr\u00e9f\u00e9rences et votre configuration de navigation. Si un utilisateur n\u2019autorise pas l\u2019utilisation des cookies, certains services ou certaines fonctions du site Web pourraient ne pas \u00eatre disponibles.Nous souhaitons que ce site puisse offrir un bon service et qu\u2019il soit facile \u00e0 utiliser. \u00c0 cet \u00e9gard, nous utilisons des cookies de Google Analytics. Ceci nous permet :\n<ul>\n<li>Effectuer des analyses statistiques de l\u2019information \u00e0 laquelle acc\u00e8dent les utilisateurs de notre site. Les donn\u00e9es recueillies peuvent inclure l\u2019activit\u00e9 du navigateur de l\u2019internaute lors de sa visite, la route suivies par les utilisateurs sur notre site Web, l\u2019information du fournisseur des services Internet du visiteur, le nombre de fois que les utilisateurs acc\u00e8dent au site et leur comportement sur celui-ci (les pages visit\u00e9es, les formulaires qu\u2019il a rempli et autres formalit\u00e9s similaires).<\/li>\n<\/ul>\n<ul>\n<li>Identifier les utilisateurs qui nous visitent depuis l\u2019invitation d\u2019un site Web associ\u00e9 ou d\u2019un lien sponsoris\u00e9.<\/li>\n<\/ul>\n<p>Pour plus d\u2019information concernant Google Analytics, allez sur le site\u00a0<a href=\"http:\/\/www.google.com\/analytics\/\">www.google.com\/analytics\/<\/a>. Pour contr\u00f4ler la collecte de donn\u00e9es, \u00e0 des fins analytiques, effectu\u00e9e par Google Analytics, vous pouvez vous adresser \u00e0\u00a0<a href=\"https:\/\/tools.google.com\/dlpage\/gaoptout?hl=en\">https:\/\/tools.google.com\/dlpage\/gaoptout?hl=en<\/a>.<\/p>\n<p>Vous pouvez r\u00e9voquer votre consentement \u00e0 l\u2019utilisation de cookies en les supprimant \u00e0 l\u2019aide des options offertes par votre navigateur.<\/p>\n<p>Si vous souhaitez recevoir des renseignements suppl\u00e9mentaires concernant l\u2019activit\u00e9 des entreprises de publicit\u00e9 sur Internet et sur la fa\u00e7on d\u2019\u00e9liminer vos donn\u00e9es des registres de ces entreprises, nous vous recommandons de visiter\u00a0<a href=\"http:\/\/www.networkadvertising.org\/\">www.networkadvertising.org<\/a>.<\/p>\n<p>Vous pouvez configurer votre navigateur pour qu\u2019il puisse vous informer pr\u00e9alablement lors d\u2019une \u00e9ventuelle installation de cookies. Vous pourrez \u00e9galement choisir de les supprimer automatiquement une fois que vous aurez ferm\u00e9 le navigateur, le terminal ou le dispositif. Vous trouverez l\u2019information pour le faire sur :<\/p>\n<p>\u2013 Pour Firefox:\u00a0<a href=\"http:\/\/support.mozilla.org\/ca\/kb\/Galetes\">http:\/\/support.mozilla.org\/ca\/kb\/Galetes<\/a>.<\/p>\n<p>\u2013 Pour Chrome:\u00a0<a href=\"https:\/\/support.google.com\/chrome\/answer\/95647?hl=fr\">http:\/\/support.google.com\/chrome\/bin\/answer.py?hl=es&amp;answer=95647<\/a>.<\/p>\n<p>\u2013 Pour Explorer:\u00a0<a href=\"http:\/\/windows.microsoft.com\/es-es\/windows7\/how-to-manage-cookies-in-internet-explorer-9\">http:\/\/windows.microsoft.com\/es-es\/windows7\/how-to-manage-cookies-in-internet-explorer-9<\/a>.<\/p>\n<p>\u2013 Pour Safari:\u00a0<a href=\"https:\/\/support.apple.com\/kb\/ph21411?locale=es_ES\">https:\/\/support.apple.com\/kb\/ph21411?locale=es_ES<\/a>.<\/p>\n<p>\u2013 Pour Safari sur IOS:\u00a0<a href=\"http:\/\/support.apple.com\/kb\/HT1677?viewlocale=es_ES&amp;locale=es_ES\">http:\/\/support.apple.com\/kb\/HT1677?viewlocale=es_ES&amp;locale=es_ES<\/a>.<\/p>\n<p>\u2013 Pour Opera:\u00a0<a href=\"https:\/\/www.opera.com\/help\/tutorials\/security\/cookies\/\">https:\/\/www.opera.com\/help\/tutorials\/security\/cookies\/<\/a>.<\/li>\n<\/ul>\n<p>[\/vc_column_text][\/vc_column][\/vc_row]<\/p>\n","protected":false},"excerpt":{"rendered":"<p>[vc_row full_width=\u00a0\u00bbstretch_row_content_no_spaces\u00a0\u00bb css=\u00a0\u00bb.vc_custom_1574071008328{margin-bottom: 0px !important;background-color: #d7d7d7 !important;}\u00a0\u00bb][vc_column][\/vc_column][\/vc_row][vc_row css=\u00a0\u00bb.vc_custom_1574326821590{padding-top: 80px !important;padding-bottom: 80px !important;}\u00a0\u00bb][vc_column][vc_column_text] Les cookies (biscuits) sont des petits fichiers de texte stock\u00e9s dans le terminal de l\u2019internaute qui permettent l\u2019acc\u00e8s \u00e0 notre site Web. Ils peuvent sauvegarder l\u2019identification de l\u2019utilisateur qui visite le site et les sites o\u00f9 il navigue. Lorsque l\u2019utilisateur (vous, dans ce cas-ci) nous revisite, les cookies<\/p>\n<div class=\"h10\"><\/div>\n<p><a class=\"more-link2 flat\" href=\"https:\/\/bugaderiaemporda.com\/fr\/politique-des-cookies\/\">Read more<\/a><\/p>\n","protected":false},"author":1,"featured_media":0,"parent":0,"menu_order":46,"comment_status":"open","ping_status":"closed","template":"","meta":{"footnotes":""},"class_list":["post-25270","page","type-page","status-publish","hentry"],"yoast_head":"<!-- This site is optimized with the Yoast SEO plugin v23.3 - https:\/\/yoast.com\/wordpress\/plugins\/seo\/ -->\n<title>Politique des cookies - Bugaderia Empord\u00e0<\/title>\n<meta name=\"robots\" content=\"index, follow, max-snippet:-1, max-image-preview:large, max-video-preview:-1\" \/>\n<link rel=\"canonical\" href=\"https:\/\/bugaderiaemporda.com\/politica-de-cookies\/\" \/>\n<meta property=\"og:locale\" content=\"fr_FR\" \/>\n<meta property=\"og:type\" content=\"article\" \/>\n<meta property=\"og:title\" content=\"Politique des cookies - Bugaderia Empord\u00e0\" \/>\n<meta property=\"og:description\" content=\"[vc_row full_width=\u00a0\u00bbstretch_row_content_no_spaces\u00a0\u00bb css=\u00a0\u00bb.vc_custom_1574071008328{margin-bottom: 0px !important;background-color: #d7d7d7 !important;}\u00a0\u00bb][vc_column][\/vc_column][\/vc_row][vc_row css=\u00a0\u00bb.vc_custom_1574326821590{padding-top: 80px !important;padding-bottom: 80px !important;}\u00a0\u00bb][vc_column][vc_column_text] Les cookies (biscuits) sont des petits fichiers de texte stock\u00e9s dans le terminal de l\u2019internaute qui permettent l\u2019acc\u00e8s \u00e0 notre site Web. Ils peuvent sauvegarder l\u2019identification de l\u2019utilisateur qui visite le site et les sites o\u00f9 il navigue. Lorsque l\u2019utilisateur (vous, dans ce cas-ci) nous revisite, les cookiesRead more\" \/>\n<meta property=\"og:url\" content=\"https:\/\/bugaderiaemporda.com\/politica-de-cookies\/\" \/>\n<meta property=\"og:site_name\" content=\"Bugaderia Empord\u00e0\" \/>\n<meta property=\"article:modified_time\" content=\"2020-01-07T16:14:26+00:00\" \/>\n<meta property=\"og:image\" content=\"https:\/\/bugaderiaemporda.com\/wp-content\/uploads\/2019\/11\/bugaderia-logo-home-01.png\" \/>\n\t<meta property=\"og:image:width\" content=\"338\" \/>\n\t<meta property=\"og:image:height\" content=\"72\" \/>\n\t<meta property=\"og:image:type\" content=\"image\/png\" \/>\n<meta name=\"twitter:card\" content=\"summary_large_image\" \/>\n<meta name=\"twitter:label1\" content=\"Dur\u00e9e de lecture estim\u00e9e\" \/>\n\t<meta name=\"twitter:data1\" content=\"3 minutes\" \/>\n<script type=\"application\/ld+json\" class=\"yoast-schema-graph\">{\"@context\":\"https:\/\/schema.org\",\"@graph\":[{\"@type\":\"WebPage\",\"@id\":\"https:\/\/bugaderiaemporda.com\/politica-de-cookies\/\",\"url\":\"https:\/\/bugaderiaemporda.com\/politica-de-cookies\/\",\"name\":\"Politique des cookies - Bugaderia Empord\u00e0\",\"isPartOf\":{\"@id\":\"https:\/\/bugaderiaemporda.com\/#website\"},\"datePublished\":\"2019-11-21T09:25:40+00:00\",\"dateModified\":\"2020-01-07T16:14:26+00:00\",\"breadcrumb\":{\"@id\":\"https:\/\/bugaderiaemporda.com\/politica-de-cookies\/#breadcrumb\"},\"inLanguage\":\"fr-FR\",\"potentialAction\":[{\"@type\":\"ReadAction\",\"target\":[\"https:\/\/bugaderiaemporda.com\/politica-de-cookies\/\"]}]},{\"@type\":\"BreadcrumbList\",\"@id\":\"https:\/\/bugaderiaemporda.com\/politica-de-cookies\/#breadcrumb\",\"itemListElement\":[{\"@type\":\"ListItem\",\"position\":1,\"name\":\"Inici\",\"item\":\"https:\/\/bugaderiaemporda.com\/fr\/\"},{\"@type\":\"ListItem\",\"position\":2,\"name\":\"Politique des cookies\"}]},{\"@type\":\"WebSite\",\"@id\":\"https:\/\/bugaderiaemporda.com\/#website\",\"url\":\"https:\/\/bugaderiaemporda.com\/\",\"name\":\"Bugaderia Empord\u00e0\",\"description\":\"Alta qualitat en renting t\u00e8xtil\",\"potentialAction\":[{\"@type\":\"SearchAction\",\"target\":{\"@type\":\"EntryPoint\",\"urlTemplate\":\"https:\/\/bugaderiaemporda.com\/?s={search_term_string}\"},\"query-input\":\"required name=search_term_string\"}],\"inLanguage\":\"fr-FR\"}]}<\/script>\n<!-- \/ Yoast SEO plugin. -->","yoast_head_json":{"title":"Politique des cookies - Bugaderia Empord\u00e0","robots":{"index":"index","follow":"follow","max-snippet":"max-snippet:-1","max-image-preview":"max-image-preview:large","max-video-preview":"max-video-preview:-1"},"canonical":"https:\/\/bugaderiaemporda.com\/politica-de-cookies\/","og_locale":"fr_FR","og_type":"article","og_title":"Politique des cookies - Bugaderia Empord\u00e0","og_description":"[vc_row full_width=\u00a0\u00bbstretch_row_content_no_spaces\u00a0\u00bb css=\u00a0\u00bb.vc_custom_1574071008328{margin-bottom: 0px !important;background-color: #d7d7d7 !important;}\u00a0\u00bb][vc_column][\/vc_column][\/vc_row][vc_row css=\u00a0\u00bb.vc_custom_1574326821590{padding-top: 80px !important;padding-bottom: 80px !important;}\u00a0\u00bb][vc_column][vc_column_text] Les cookies (biscuits) sont des petits fichiers de texte stock\u00e9s dans le terminal de l\u2019internaute qui permettent l\u2019acc\u00e8s \u00e0 notre site Web. Ils peuvent sauvegarder l\u2019identification de l\u2019utilisateur qui visite le site et les sites o\u00f9 il navigue. Lorsque l\u2019utilisateur (vous, dans ce cas-ci) nous revisite, les cookiesRead more","og_url":"https:\/\/bugaderiaemporda.com\/politica-de-cookies\/","og_site_name":"Bugaderia Empord\u00e0","article_modified_time":"2020-01-07T16:14:26+00:00","og_image":[{"width":338,"height":72,"url":"https:\/\/bugaderiaemporda.com\/wp-content\/uploads\/2019\/11\/bugaderia-logo-home-01.png","type":"image\/png"}],"twitter_card":"summary_large_image","twitter_misc":{"Dur\u00e9e de lecture estim\u00e9e":"3 minutes"},"schema":{"@context":"https:\/\/schema.org","@graph":[{"@type":"WebPage","@id":"https:\/\/bugaderiaemporda.com\/politica-de-cookies\/","url":"https:\/\/bugaderiaemporda.com\/politica-de-cookies\/","name":"Politique des cookies - Bugaderia Empord\u00e0","isPartOf":{"@id":"https:\/\/bugaderiaemporda.com\/#website"},"datePublished":"2019-11-21T09:25:40+00:00","dateModified":"2020-01-07T16:14:26+00:00","breadcrumb":{"@id":"https:\/\/bugaderiaemporda.com\/politica-de-cookies\/#breadcrumb"},"inLanguage":"fr-FR","potentialAction":[{"@type":"ReadAction","target":["https:\/\/bugaderiaemporda.com\/politica-de-cookies\/"]}]},{"@type":"BreadcrumbList","@id":"https:\/\/bugaderiaemporda.com\/politica-de-cookies\/#breadcrumb","itemListElement":[{"@type":"ListItem","position":1,"name":"Inici","item":"https:\/\/bugaderiaemporda.com\/fr\/"},{"@type":"ListItem","position":2,"name":"Politique des cookies"}]},{"@type":"WebSite","@id":"https:\/\/bugaderiaemporda.com\/#website","url":"https:\/\/bugaderiaemporda.com\/","name":"Bugaderia Empord\u00e0","description":"Alta qualitat en renting t\u00e8xtil","potentialAction":[{"@type":"SearchAction","target":{"@type":"EntryPoint","urlTemplate":"https:\/\/bugaderiaemporda.com\/?s={search_term_string}"},"query-input":"required name=search_term_string"}],"inLanguage":"fr-FR"}]}},"_links":{"self":[{"href":"https:\/\/bugaderiaemporda.com\/fr\/wp-json\/wp\/v2\/pages\/25270"}],"collection":[{"href":"https:\/\/bugaderiaemporda.com\/fr\/wp-json\/wp\/v2\/pages"}],"about":[{"href":"https:\/\/bugaderiaemporda.com\/fr\/wp-json\/wp\/v2\/types\/page"}],"author":[{"embeddable":true,"href":"https:\/\/bugaderiaemporda.com\/fr\/wp-json\/wp\/v2\/users\/1"}],"replies":[{"embeddable":true,"href":"https:\/\/bugaderiaemporda.com\/fr\/wp-json\/wp\/v2\/comments?post=25270"}],"version-history":[{"count":2,"href":"https:\/\/bugaderiaemporda.com\/fr\/wp-json\/wp\/v2\/pages\/25270\/revisions"}],"predecessor-version":[{"id":25281,"href":"https:\/\/bugaderiaemporda.com\/fr\/wp-json\/wp\/v2\/pages\/25270\/revisions\/25281"}],"wp:attachment":[{"href":"https:\/\/bugaderiaemporda.com\/fr\/wp-json\/wp\/v2\/media?parent=25270"}],"curies":[{"name":"wp","href":"https:\/\/api.w.org\/{rel}","templated":true}]}}