{"id":25267,"date":"2019-11-21T11:10:04","date_gmt":"2019-11-21T09:10:04","guid":{"rendered":"http:\/\/bugaderiaemporda.efimatica.com\/avis-legal\/"},"modified":"2024-06-03T12:07:33","modified_gmt":"2024-06-03T10:07:33","slug":"avis-legal","status":"publish","type":"page","link":"https:\/\/bugaderiaemporda.com\/fr\/avis-legal\/","title":{"rendered":"Avis legal"},"content":{"rendered":"<p>[vc_row full_width=\u00a0\u00bbstretch_row_content_no_spaces\u00a0\u00bb css=\u00a0\u00bb.vc_custom_1574071008328{margin-bottom: 0px !important;background-color: #d7d7d7 !important;}\u00a0\u00bb][vc_column]<h1 class=\"boc_heading  center  \"  style=\"margin-bottom: 50px;margin-top: 50px;color: #00adef;font-size: 50px;\"><span>AVIS LEGAL<\/span><\/h1>[\/vc_column][\/vc_row][vc_row css=\u00a0\u00bb.vc_custom_1574326821590{padding-top: 80px !important;padding-bottom: 80px !important;}\u00a0\u00bb][vc_column][vc_column_text]Le site Web et le domaine\u00a0<em>bugaderiaemporda.com\u00a0<\/em>appartiennent \u00e0 Bugaderia l\u2019Empord\u00e0 S.A., immatricul\u00e9e sous le num\u00e9ro (CIF) A17165432, dont le si\u00e8ge social est situ\u00e9 Avinguda Punt\u00fc\u00ed, 13, zone industrielle El Rissech, de Cor\u00e7\u00e0 (CP 17121), t\u00e9l. 972 64 31 48, adresse \u00e9lectronique\u00a0<em>atencion.cliente@bugaderiaemporda.com<\/em>\u00a0et inscrite au Registre du Commerce de Girona, volume 447.<\/p>\n<p><strong>PROPRI\u00c9T\u00c9 INTELLECTUELLE ET INDUSTRIELLE<\/strong><\/p>\n<p>Les droits sur les contenus de ce site, y compris les textes, les images, les conceptions graphiques, les marques et autres signes distinctifs (dor\u00e9navant \u00ab les contenus \u00bb) appartiennent \u00e0 Bugaderia l\u2019Empord\u00e0 ou \u00e0 des tiers qui en ont autoris\u00e9 l\u2019utilisation. Bugaderia l\u2019Empord\u00e0 pr\u00e9sente ces contenus pour informer sur ses services et activit\u00e9s. Bugaderia l\u2019Empord\u00e0 autorise l\u2019utilisation des contenus \u00e0 des fins non commerciales \u00e0 condition d\u2019indiquer la source de fa\u00e7on claire. Si les contenus s\u2019utilisent dans des environnements Web, il faudra inclure un lien vers\u00a0<u><a href=\"http:\/\/www.bugaderiaemporda.com\/\">la page d\u2019accueil du site Web<\/a><\/u>. Bugaderia l\u2019Empord\u00e0 se r\u00e9serve le droit d\u2019engager les proc\u00e9dures judiciaires n\u00e9cessaires pour d\u00e9fendre ses droits de propri\u00e9t\u00e9 intellectuelle ou industrielle.<\/p>\n<p>Les pr\u00e9sentations des contenus du site ne sont pas autoris\u00e9es sur une fen\u00eatre autre que\u00a0<a href=\"http:\/\/www.bugaderiaemporda.com\/\">http:\/\/www.bugaderiaemporda.com\/<\/a>\u00a0(framing).<\/p>\n<p><strong>RESPONSABILIT\u00c9 SUR LES CONTENUS<\/strong><\/p>\n<p>Malgr\u00e9 la diligence dont Bugaderia l\u2019Empord\u00e0 fait preuve, il pourrait arriver que certaines donn\u00e9es ou information nouvelle ne soient pas totalement mises \u00e0 jour au moment o\u00f9 l\u2019internaute du site Web le consulte. C\u2019est pourquoi, Bugaderia l\u2019Empord\u00e0 manifeste que les r\u00e9f\u00e9rences des services pr\u00e9sentes sur son site Web sont \u00e0 titre indicatif et n\u2019obligent Bugaderia l\u2019Empord\u00e0 jusqu\u2019\u00e0 l\u2019acceptation expresse d\u2019une commande.<\/p>\n<p>Bugaderia l\u2019Empord\u00e0 se r\u00e9serve le droit de modifier unilat\u00e9ralement, \u00e0 tout moment et sans pr\u00e9avis, la pr\u00e9sentation, la configuration et les contenus du site.<\/p>\n<p>Bugaderia l\u2019Empord\u00e0 ne sera en aucun cas responsable de l\u2019information pouvant \u00eatre obtenue \u00e0 travers les liens inclus sur le site.<\/p>\n<p><strong>CONDITIONS D\u2019UTILISATION<\/strong><\/p>\n<p>L\u2019utilisation de ce site implique l\u2019acceptation pleine des termes et conditions de la pr\u00e9sente notice l\u00e9gale. Les \u00e9ventuels conflits concernant ce site Web seront r\u00e9gis exclusivement par le droit de l\u2019\u00c9tat espagnol. Toute personne utilisant le site Web, ind\u00e9pendamment de la juridiction territoriale d\u2019o\u00f9 se produit son acc\u00e8s, accepte d\u2019accomplir et de respecter ces clauses en renon\u00e7ant express\u00e9ment \u00e0 toute autre juridiction pouvant lui correspondre.[\/vc_column_text][\/vc_column][\/vc_row]<\/p>\n","protected":false},"excerpt":{"rendered":"<p>[vc_row full_width=\u00a0\u00bbstretch_row_content_no_spaces\u00a0\u00bb css=\u00a0\u00bb.vc_custom_1574071008328{margin-bottom: 0px !important;background-color: #d7d7d7 !important;}\u00a0\u00bb][vc_column][\/vc_column][\/vc_row][vc_row css=\u00a0\u00bb.vc_custom_1574326821590{padding-top: 80px !important;padding-bottom: 80px !important;}\u00a0\u00bb][vc_column][vc_column_text]Le site Web et le domaine\u00a0bugaderiaemporda.com\u00a0appartiennent \u00e0 Bugaderia l\u2019Empord\u00e0 S.A., immatricul\u00e9e sous le num\u00e9ro (CIF) A17165432, dont le si\u00e8ge social est situ\u00e9 Avinguda Punt\u00fc\u00ed, 13, zone industrielle El Rissech, de Cor\u00e7\u00e0 (CP 17121), t\u00e9l. 972 64 31 48, adresse \u00e9lectronique\u00a0atencion.cliente@bugaderiaemporda.com\u00a0et inscrite au Registre du Commerce de Girona, volume 447.<\/p>\n<div class=\"h10\"><\/div>\n<p><a class=\"more-link2 flat\" href=\"https:\/\/bugaderiaemporda.com\/fr\/avis-legal\/\">Read more<\/a><\/p>\n","protected":false},"author":1,"featured_media":0,"parent":0,"menu_order":42,"comment_status":"open","ping_status":"closed","template":"","meta":{"footnotes":""},"class_list":["post-25267","page","type-page","status-publish","hentry"],"yoast_head":"<!-- This site is optimized with the Yoast SEO plugin v23.3 - https:\/\/yoast.com\/wordpress\/plugins\/seo\/ -->\n<title>Avis legal - Bugaderia Empord\u00e0<\/title>\n<meta name=\"robots\" content=\"index, follow, max-snippet:-1, max-image-preview:large, max-video-preview:-1\" \/>\n<link rel=\"canonical\" href=\"https:\/\/bugaderiaemporda.com\/avis-legal\/\" \/>\n<meta property=\"og:locale\" content=\"fr_FR\" \/>\n<meta property=\"og:type\" content=\"article\" \/>\n<meta property=\"og:title\" content=\"Avis legal - Bugaderia Empord\u00e0\" \/>\n<meta property=\"og:description\" content=\"[vc_row full_width=\u00a0\u00bbstretch_row_content_no_spaces\u00a0\u00bb css=\u00a0\u00bb.vc_custom_1574071008328{margin-bottom: 0px !important;background-color: #d7d7d7 !important;}\u00a0\u00bb][vc_column][\/vc_column][\/vc_row][vc_row css=\u00a0\u00bb.vc_custom_1574326821590{padding-top: 80px !important;padding-bottom: 80px !important;}\u00a0\u00bb][vc_column][vc_column_text]Le site Web et le domaine\u00a0bugaderiaemporda.com\u00a0appartiennent \u00e0 Bugaderia l\u2019Empord\u00e0 S.A., immatricul\u00e9e sous le num\u00e9ro (CIF) A17165432, dont le si\u00e8ge social est situ\u00e9 Avinguda Punt\u00fc\u00ed, 13, zone industrielle El Rissech, de Cor\u00e7\u00e0 (CP 17121), t\u00e9l. 972 64 31 48, adresse \u00e9lectronique\u00a0atencion.cliente@bugaderiaemporda.com\u00a0et inscrite au Registre du Commerce de Girona, volume 447.Read more\" \/>\n<meta property=\"og:url\" content=\"https:\/\/bugaderiaemporda.com\/avis-legal\/\" \/>\n<meta property=\"og:site_name\" content=\"Bugaderia Empord\u00e0\" \/>\n<meta property=\"article:modified_time\" content=\"2024-06-03T10:07:33+00:00\" \/>\n<meta property=\"og:image\" content=\"https:\/\/bugaderiaemporda.com\/wp-content\/uploads\/2019\/11\/bugaderia-logo-home-01.png\" \/>\n\t<meta property=\"og:image:width\" content=\"338\" \/>\n\t<meta property=\"og:image:height\" content=\"72\" \/>\n\t<meta property=\"og:image:type\" content=\"image\/png\" \/>\n<meta name=\"twitter:card\" content=\"summary_large_image\" \/>\n<meta name=\"twitter:label1\" content=\"Dur\u00e9e de lecture estim\u00e9e\" \/>\n\t<meta name=\"twitter:data1\" content=\"2 minutes\" \/>\n<script type=\"application\/ld+json\" class=\"yoast-schema-graph\">{\"@context\":\"https:\/\/schema.org\",\"@graph\":[{\"@type\":\"WebPage\",\"@id\":\"https:\/\/bugaderiaemporda.com\/avis-legal\/\",\"url\":\"https:\/\/bugaderiaemporda.com\/avis-legal\/\",\"name\":\"Avis legal - Bugaderia Empord\u00e0\",\"isPartOf\":{\"@id\":\"https:\/\/bugaderiaemporda.com\/#website\"},\"datePublished\":\"2019-11-21T09:10:04+00:00\",\"dateModified\":\"2024-06-03T10:07:33+00:00\",\"breadcrumb\":{\"@id\":\"https:\/\/bugaderiaemporda.com\/avis-legal\/#breadcrumb\"},\"inLanguage\":\"fr-FR\",\"potentialAction\":[{\"@type\":\"ReadAction\",\"target\":[\"https:\/\/bugaderiaemporda.com\/avis-legal\/\"]}]},{\"@type\":\"BreadcrumbList\",\"@id\":\"https:\/\/bugaderiaemporda.com\/avis-legal\/#breadcrumb\",\"itemListElement\":[{\"@type\":\"ListItem\",\"position\":1,\"name\":\"Inici\",\"item\":\"https:\/\/bugaderiaemporda.com\/fr\/\"},{\"@type\":\"ListItem\",\"position\":2,\"name\":\"Avis legal\"}]},{\"@type\":\"WebSite\",\"@id\":\"https:\/\/bugaderiaemporda.com\/#website\",\"url\":\"https:\/\/bugaderiaemporda.com\/\",\"name\":\"Bugaderia Empord\u00e0\",\"description\":\"Alta qualitat en renting t\u00e8xtil\",\"potentialAction\":[{\"@type\":\"SearchAction\",\"target\":{\"@type\":\"EntryPoint\",\"urlTemplate\":\"https:\/\/bugaderiaemporda.com\/?s={search_term_string}\"},\"query-input\":\"required name=search_term_string\"}],\"inLanguage\":\"fr-FR\"}]}<\/script>\n<!-- \/ Yoast SEO plugin. -->","yoast_head_json":{"title":"Avis legal - Bugaderia Empord\u00e0","robots":{"index":"index","follow":"follow","max-snippet":"max-snippet:-1","max-image-preview":"max-image-preview:large","max-video-preview":"max-video-preview:-1"},"canonical":"https:\/\/bugaderiaemporda.com\/avis-legal\/","og_locale":"fr_FR","og_type":"article","og_title":"Avis legal - Bugaderia Empord\u00e0","og_description":"[vc_row full_width=\u00a0\u00bbstretch_row_content_no_spaces\u00a0\u00bb css=\u00a0\u00bb.vc_custom_1574071008328{margin-bottom: 0px !important;background-color: #d7d7d7 !important;}\u00a0\u00bb][vc_column][\/vc_column][\/vc_row][vc_row css=\u00a0\u00bb.vc_custom_1574326821590{padding-top: 80px !important;padding-bottom: 80px !important;}\u00a0\u00bb][vc_column][vc_column_text]Le site Web et le domaine\u00a0bugaderiaemporda.com\u00a0appartiennent \u00e0 Bugaderia l\u2019Empord\u00e0 S.A., immatricul\u00e9e sous le num\u00e9ro (CIF) A17165432, dont le si\u00e8ge social est situ\u00e9 Avinguda Punt\u00fc\u00ed, 13, zone industrielle El Rissech, de Cor\u00e7\u00e0 (CP 17121), t\u00e9l. 972 64 31 48, adresse \u00e9lectronique\u00a0atencion.cliente@bugaderiaemporda.com\u00a0et inscrite au Registre du Commerce de Girona, volume 447.Read more","og_url":"https:\/\/bugaderiaemporda.com\/avis-legal\/","og_site_name":"Bugaderia Empord\u00e0","article_modified_time":"2024-06-03T10:07:33+00:00","og_image":[{"width":338,"height":72,"url":"https:\/\/bugaderiaemporda.com\/wp-content\/uploads\/2019\/11\/bugaderia-logo-home-01.png","type":"image\/png"}],"twitter_card":"summary_large_image","twitter_misc":{"Dur\u00e9e de lecture estim\u00e9e":"2 minutes"},"schema":{"@context":"https:\/\/schema.org","@graph":[{"@type":"WebPage","@id":"https:\/\/bugaderiaemporda.com\/avis-legal\/","url":"https:\/\/bugaderiaemporda.com\/avis-legal\/","name":"Avis legal - Bugaderia Empord\u00e0","isPartOf":{"@id":"https:\/\/bugaderiaemporda.com\/#website"},"datePublished":"2019-11-21T09:10:04+00:00","dateModified":"2024-06-03T10:07:33+00:00","breadcrumb":{"@id":"https:\/\/bugaderiaemporda.com\/avis-legal\/#breadcrumb"},"inLanguage":"fr-FR","potentialAction":[{"@type":"ReadAction","target":["https:\/\/bugaderiaemporda.com\/avis-legal\/"]}]},{"@type":"BreadcrumbList","@id":"https:\/\/bugaderiaemporda.com\/avis-legal\/#breadcrumb","itemListElement":[{"@type":"ListItem","position":1,"name":"Inici","item":"https:\/\/bugaderiaemporda.com\/fr\/"},{"@type":"ListItem","position":2,"name":"Avis legal"}]},{"@type":"WebSite","@id":"https:\/\/bugaderiaemporda.com\/#website","url":"https:\/\/bugaderiaemporda.com\/","name":"Bugaderia Empord\u00e0","description":"Alta qualitat en renting t\u00e8xtil","potentialAction":[{"@type":"SearchAction","target":{"@type":"EntryPoint","urlTemplate":"https:\/\/bugaderiaemporda.com\/?s={search_term_string}"},"query-input":"required name=search_term_string"}],"inLanguage":"fr-FR"}]}},"_links":{"self":[{"href":"https:\/\/bugaderiaemporda.com\/fr\/wp-json\/wp\/v2\/pages\/25267"}],"collection":[{"href":"https:\/\/bugaderiaemporda.com\/fr\/wp-json\/wp\/v2\/pages"}],"about":[{"href":"https:\/\/bugaderiaemporda.com\/fr\/wp-json\/wp\/v2\/types\/page"}],"author":[{"embeddable":true,"href":"https:\/\/bugaderiaemporda.com\/fr\/wp-json\/wp\/v2\/users\/1"}],"replies":[{"embeddable":true,"href":"https:\/\/bugaderiaemporda.com\/fr\/wp-json\/wp\/v2\/comments?post=25267"}],"version-history":[{"count":2,"href":"https:\/\/bugaderiaemporda.com\/fr\/wp-json\/wp\/v2\/pages\/25267\/revisions"}],"predecessor-version":[{"id":25455,"href":"https:\/\/bugaderiaemporda.com\/fr\/wp-json\/wp\/v2\/pages\/25267\/revisions\/25455"}],"wp:attachment":[{"href":"https:\/\/bugaderiaemporda.com\/fr\/wp-json\/wp\/v2\/media?parent=25267"}],"curies":[{"name":"wp","href":"https:\/\/api.w.org\/{rel}","templated":true}]}}