{"id":25195,"date":"2019-11-20T16:37:33","date_gmt":"2019-11-20T14:37:33","guid":{"rendered":"http:\/\/bugaderiaemporda.efimatica.com\/rsc\/"},"modified":"2023-01-20T10:28:22","modified_gmt":"2023-01-20T08:28:22","slug":"rsc","status":"publish","type":"page","link":"https:\/\/bugaderiaemporda.com\/fr\/rsc\/","title":{"rendered":"RSE"},"content":{"rendered":"<p>[vc_row full_width=\u00a0\u00bbstretch_row_content_no_spaces\u00a0\u00bb css=\u00a0\u00bb.vc_custom_1574845250712{margin-bottom: 0px !important;background-color: #fbfbfb !important;}\u00a0\u00bb][vc_column]<h1 class=\"boc_heading  center  \"  style=\"margin-bottom: 50px;margin-top: 50px;color: #00adef;font-size: 50px;\"><span>RESPONSABILIT\u00c9 SOCIALE DE L\u2019ENTREPRISE<\/span><\/h1>[\/vc_column][\/vc_row][vc_row equal_height=\u00a0\u00bbyes\u00a0\u00bb content_placement=\u00a0\u00bbmiddle\u00a0\u00bb css=\u00a0\u00bb.vc_custom_1574851770027{padding-top: 30px !important;padding-bottom: 0px !important;}\u00a0\u00bb][vc_column width=\u00a0\u00bb1\/2&Prime;][vc_column_text]Les entreprises sont le moteur principal de l\u2019\u00e9conomie et en tant que tel, nous avons un grand impact, aussi bien sur la soci\u00e9t\u00e9 que sur notre environnement. C\u2019est pour cela que nous nous consid\u00e9rons responsables de contribuer activement et volontairement \u00e0 l\u2019am\u00e9lioration sociale, \u00e9conomique et environnementale.[\/vc_column_text]<div class=\"boc_spacing \" style=\"height: 20px\"><\/div>[\/vc_column][vc_column width=\u00a0\u00bb1\/2&Prime;][vc_single_image alignment=\u00a0\u00bbcenter\u00a0\u00bb image=\u00a0\u00bb25295&Prime;]<div class=\"boc_spacing \" style=\"height: 20px\"><\/div>[\/vc_column][\/vc_row][vc_row full_width=\u00a0\u00bbstretch_row\u00a0\u00bb equal_height=\u00a0\u00bbyes\u00a0\u00bb bg_type=\u00a0\u00bbimage\u00a0\u00bb parallax_style=\u00a0\u00bbvcpb-vz-jquery\u00a0\u00bb bg_image_new=\u00a0\u00bb24020&Prime; bg_image_repeat=\u00a0\u00bbno-repeat\u00a0\u00bb disable_on_mobile_img_parallax=\u00a0\u00bboff\u00a0\u00bb el_class=\u00a0\u00bbno_text_transform\u00a0\u00bb css=\u00a0\u00bb.vc_custom_1574260746538{margin-bottom: 0px !important;padding-top: 80px !important;padding-bottom: 80px !important;}\u00a0\u00bb][vc_column][vc_row_inner equal_height=\u00a0\u00bbyes\u00a0\u00bb content_placement=\u00a0\u00bbmiddle\u00a0\u00bb css=\u00a0\u00bb.vc_custom_1574262255465{margin-top: 0px !important;margin-right: 15px !important;margin-bottom: 0px !important;margin-left: 15px !important;padding-top: 0px !important;padding-right: 0px !important;padding-bottom: 0px !important;padding-left: 0px !important;background-color: rgba(255,255,255,0.81) !important;*background-color: rgb(255,255,255) !important;}\u00a0\u00bb][vc_column_inner el_class=\u00a0\u00bbequal_height_column white_color\u00a0\u00bb width=\u00a0\u00bb1\/2&Prime; css=\u00a0\u00bb.vc_custom_1574247201118{padding-top: 52px !important;padding-right: 52px !important;padding-bottom: 52px !important;padding-left: 52px !important;}\u00a0\u00bb]<h2 class=\"boc_heading  al_left  \"  style=\"margin-bottom: 20px;margin-top: 0px;color: #333;\"><span>ENVIRONNEMENT<\/span><\/h2>[vc_column_text]La plan\u00e8te nous appartient \u00e0 tous, c\u2019est pour cela que nous consid\u00e9rons qu\u2019il faut en prendre soin et la respecter. Bugaderia l\u2019Empord\u00e0 travaille activement pour la mise en place de mesures pour conserver notre environnement tel que nous le connaissons.[\/vc_column_text][\/vc_column_inner][vc_column_inner el_class=\u00a0\u00bbequal_height_column alturaminima\u00a0\u00bb width=\u00a0\u00bb1\/2&Prime; css=\u00a0\u00bb.vc_custom_1574850226224{margin-top: 0px !important;margin-right: 0px !important;margin-bottom: 0px !important;margin-left: 0px !important;padding-top: 0px !important;padding-right: 0px !important;padding-bottom: 0px !important;padding-left: 0px !important;background-image: url(https:\/\/bugaderiaemporda.com\/wp-content\/uploads\/2019\/11\/bugaderia-img-rsc-05.jpg?id=24016) !important;background-position: center !important;background-repeat: no-repeat !important;background-size: cover !important;}\u00a0\u00bb][\/vc_column_inner][\/vc_row_inner][vc_row_inner equal_height=\u00a0\u00bbyes\u00a0\u00bb gap=\u00a0\u00bb30&Prime; css=\u00a0\u00bb.vc_custom_1574262455378{margin-top: 40px !important;margin-right: 0px !important;margin-bottom: 40px !important;margin-left: 0px !important;padding-top: 0px !important;padding-right: 0px !important;padding-bottom: 0px !important;padding-left: 0px !important;}\u00a0\u00bb][vc_column_inner width=\u00a0\u00bb1\/4&Prime; css=\u00a0\u00bb.vc_custom_1574262264352{padding-top: 32px !important;padding-right: 32px !important;padding-bottom: 32px !important;padding-left: 32px !important;background-color: rgba(255,255,255,0.81) !important;*background-color: rgb(255,255,255) !important;}\u00a0\u00bb]<h3 class=\"boc_heading  al_left  \"  style=\"margin-bottom: 10px;margin-top: 0px;color: #333333;\"><span>PLASTIQUE<\/span><\/h3><div class=\"boc_divider_holder\"><div class=\"boc_divider  \"  style=\"margin-top: 0px;margin-bottom: 15px;height: 1px;background: #333333;\"><\/div><\/div>[vc_column_text]Nous travaillons avec du plastique 100 % vierge, et donc, recyclable. Le plastique et carton que nous utilisons dans notre activit\u00e9 sont recycl\u00e9s et font l\u2019objet d\u2019une certification, et nous avons mis en place diff\u00e9rentes mesures afin de r\u00e9duire la proportion de plastique\/kg de nos produits. En outre, nous mettons \u00e0 disposition de nos clients un r\u00e9cipient pour y d\u00e9poser les d\u00e9chets qui accompagnent nos produits, qui sont recueillis chaque jour.[\/vc_column_text][\/vc_column_inner][vc_column_inner width=\u00a0\u00bb1\/4&Prime; css=\u00a0\u00bb.vc_custom_1574262016271{padding-top: 32px !important;padding-right: 32px !important;padding-bottom: 32px !important;padding-left: 32px !important;background-color: rgba(255,255,255,0.81) !important;*background-color: rgb(255,255,255) !important;}\u00a0\u00bb]<h3 class=\"boc_heading  al_left  \"  style=\"margin-bottom: 10px;margin-top: 0px;color: #333333;\"><span>VAPEUR<\/span><\/h3><div class=\"boc_divider_holder\"><div class=\"boc_divider  \"  style=\"margin-top: 0px;margin-bottom: 15px;height: 1px;background: #333333;\"><\/div><\/div>[vc_column_text]Dans un effort pour r\u00e9duire la vapeur \u00e9mise dans l\u2019atmosph\u00e8re, nous avons con\u00e7u un syst\u00e8me novateur d\u2019exploitation de la vapeur g\u00e9n\u00e9r\u00e9e par notre activit\u00e9. Notre circuit ferm\u00e9 de vapeur profite de presque toute la vapeur que nous g\u00e9n\u00e9rons, qui est utilis\u00e9e ensuite pour les syst\u00e8mes de chauffage et d\u2019eau chaude. Gr\u00e2ce \u00e0 ce syst\u00e8me, nous avons augment\u00e9 l\u2019efficacit\u00e9 de la section blanchisserie de 75 %.[\/vc_column_text][\/vc_column_inner][vc_column_inner width=\u00a0\u00bb1\/4&Prime; css=\u00a0\u00bb.vc_custom_1574262021472{padding-top: 32px !important;padding-right: 32px !important;padding-bottom: 32px !important;padding-left: 32px !important;background-color: rgba(255,255,255,0.81) !important;*background-color: rgb(255,255,255) !important;}\u00a0\u00bb]<h3 class=\"boc_heading  al_left  \"  style=\"margin-bottom: 10px;margin-top: 0px;color: #333333;\"><span>EAU<\/span><\/h3><div class=\"boc_divider_holder\"><div class=\"boc_divider  \"  style=\"margin-top: 0px;margin-bottom: 15px;height: 1px;background: #333333;\"><\/div><\/div>[vc_column_text]Nous sommes \u00e9quip\u00e9s de machines de derni\u00e8re g\u00e9n\u00e9ration qui nous permettent de r\u00e9duire de 50 % la consommation d\u2019eau dans l\u2019activit\u00e9 de blanchisserie. Avant de retourner au r\u00e9seau public, notre eau passe par une station d\u2019\u00e9puration interne, o\u00f9 sont recueillis les plus gros \u00e9l\u00e9ments contaminants et dans la station d\u2019\u00e9puration municipale. Cette station d\u2019\u00e9puration interne est contr\u00f4l\u00e9e tous les mois pour v\u00e9rifier la puret\u00e9 de l\u2019eau.[\/vc_column_text][\/vc_column_inner][vc_column_inner width=\u00a0\u00bb1\/4&Prime; css=\u00a0\u00bb.vc_custom_1574262267985{padding-top: 32px !important;padding-right: 32px !important;padding-bottom: 32px !important;padding-left: 32px !important;background-color: rgba(255,255,255,0.81) !important;*background-color: rgb(255,255,255) !important;}\u00a0\u00bb]<h3 class=\"boc_heading  al_left  \"  style=\"margin-bottom: 10px;margin-top: 0px;color: #333333;\"><span>TRANSPORT<\/span><\/h3><div class=\"boc_divider_holder\"><div class=\"boc_divider  \"  style=\"margin-top: 0px;margin-bottom: 15px;height: 1px;background: #333333;\"><\/div><\/div>[vc_column_text]Nous disposons actuellement d\u2019une flotte de 15 camions et 8 remorques, qui est mise \u00e0 jour constamment. La plupart de notre transport dispose des certifications Euro 5 et 6, qui nous permettent de garantir un transport plus durable et respectueux. Cette flotte garantit les exp\u00e9ditions aux clients et \u00e9galement le ramassage quotidien des d\u00e9chets cr\u00e9\u00e9s.[\/vc_column_text][\/vc_column_inner][\/vc_row_inner][\/vc_column][\/vc_row][vc_row full_width=\u00a0\u00bbstretch_row\u00a0\u00bb equal_height=\u00a0\u00bbyes\u00a0\u00bb bg_type=\u00a0\u00bbimage\u00a0\u00bb parallax_style=\u00a0\u00bbvcpb-vz-jquery\u00a0\u00bb bg_image_new=\u00a0\u00bb24050&Prime; bg_image_repeat=\u00a0\u00bbno-repeat\u00a0\u00bb parallax_sense=\u00a0\u00bb40&Prime; disable_on_mobile_img_parallax=\u00a0\u00bboff\u00a0\u00bb el_class=\u00a0\u00bbno_text_transform\u00a0\u00bb css=\u00a0\u00bb.vc_custom_1574262943057{margin-bottom: 0px !important;padding-top: 80px !important;padding-bottom: 60px !important;}\u00a0\u00bb][vc_column][vc_row_inner equal_height=\u00a0\u00bbyes\u00a0\u00bb content_placement=\u00a0\u00bbmiddle\u00a0\u00bb css=\u00a0\u00bb.vc_custom_1574262888288{margin-top: 0px !important;margin-right: 0px !important;margin-bottom: 0px !important;margin-left: 0px !important;padding-top: 0px !important;padding-right: 0px !important;padding-bottom: 0px !important;padding-left: 0px !important;background-color: rgba(255,255,255,0.82) !important;*background-color: rgb(255,255,255) !important;}\u00a0\u00bb][vc_column_inner el_class=\u00a0\u00bbalturaminima\u00a0\u00bb width=\u00a0\u00bb1\/2&Prime; css=\u00a0\u00bb.vc_custom_1574850232456{margin-top: 0px !important;margin-right: 0px !important;margin-bottom: 0px !important;margin-left: 0px !important;padding-top: 0px !important;padding-right: 0px !important;padding-bottom: 0px !important;padding-left: 0px !important;background-image: url(https:\/\/bugaderiaemporda.com\/wp-content\/uploads\/2019\/11\/bugaderia-img-rsc-06.jpg?id=24049) !important;background-position: center !important;background-repeat: no-repeat !important;background-size: cover !important;}\u00a0\u00bb][\/vc_column_inner][vc_column_inner width=\u00a0\u00bb1\/2&Prime; css=\u00a0\u00bb.vc_custom_1574262867799{padding-top: 82px !important;padding-right: 52px !important;padding-bottom: 82px !important;padding-left: 52px !important;}\u00a0\u00bb]<h2 class=\"boc_heading  al_left  \"  style=\"margin-bottom: 30px;margin-top: 0px;color: #333333;\"><span>TRAVAIL<\/span><\/h2><h3 class=\"boc_heading  al_left  \"  style=\"margin-bottom: 10px;margin-top: 0px;color: #333333;\"><span>PR\u00c9CARIT\u00c9 DANS LE TRAVAIL<\/span><\/h3><div class=\"boc_divider_holder\"><div class=\"boc_divider  \"  style=\"margin-top: 0px;margin-bottom: 10px;height: 1px;background: #333333;\"><\/div><\/div>[vc_column_text]Nous travaillons pour \u00eatre l\u2019une des principales sources de travail de la comarque. Nous sommes engag\u00e9s aupr\u00e8s de la recherche et de la formation constante de nouveaux talents pour augmenter notre \u00e9quipe. Nous avons am\u00e9lior\u00e9 les conditions de travail de nos employ\u00e9s, en adaptant les diff\u00e9rents espaces de travail.[\/vc_column_text]<h3 class=\"boc_heading  al_left  \"  style=\"margin-bottom: 10px;margin-top: 0px;color: #333333;\"><span>PARIT\u00c9<\/span><\/h3><div class=\"boc_divider_holder\"><div class=\"boc_divider  \"  style=\"margin-top: 0px;margin-bottom: 10px;height: 1px;background: #333333;\"><\/div><\/div>[vc_column_text]Nous luttons contre la discrimination de la femme dans le travail, c\u2019est pour cela que 47 % du personnel de Bugaderia l\u2019Empord\u00e0 est f\u00e9minin. En aucun cas il n\u2019y a de discrimination salariale pour des raisons de sexe, religion ou nationalit\u00e9.[\/vc_column_text]<h3 class=\"boc_heading  al_left  \"  style=\"margin-bottom: 10px;margin-top: 0px;color: #333333;\"><span>S\u00c9CURIT\u00c9<\/span><\/h3><div class=\"boc_divider_holder\"><div class=\"boc_divider  \"  style=\"margin-top: 0px;margin-bottom: 10px;height: 1px;background: #333333;\"><\/div><\/div>[vc_column_text]Nous apportons les moyens pour que la Pr\u00e9vention des Risques du Travail soit int\u00e9gr\u00e9e dans notre structure et gestion. Un plan de pr\u00e9vention \u00e9tablissant les responsabilit\u00e9s et objectifs a \u00e9t\u00e9 mis en place, impliquant tous les membres de l\u2019organisation. Nous nous effor\u00e7ons de motiver, former et impliquer tout le personnel dans l\u2019am\u00e9lioration du syst\u00e8me et des conditions de travail.[\/vc_column_text]<h3 class=\"boc_heading  al_left  \"  style=\"margin-bottom: 10px;margin-top: 0px;color: #333333;\"><span>BIEN\u00caTRE<\/span><\/h3><div class=\"boc_divider_holder\"><div class=\"boc_divider  \"  style=\"margin-top: 0px;margin-bottom: 10px;height: 1px;background: #333333;\"><\/div><\/div>[vc_column_text]Nous consid\u00e9rons que les salari\u00e9s et salari\u00e9es sont le bien le plus pr\u00e9cieux de notre organisation. Nous travaillons pour que tous les membres s\u2019identifient avec les valeurs et objectifs de l\u2019entreprise. Pour cela, nous avons mis \u00e0 disposition une bo\u00eete aux lettres o\u00f9 toute proposition ou suggestion peut nous \u00eatre communiqu\u00e9e.[\/vc_column_text][\/vc_column_inner][\/vc_row_inner][\/vc_column][\/vc_row][vc_row full_width=\u00a0\u00bbstretch_row\u00a0\u00bb equal_height=\u00a0\u00bbyes\u00a0\u00bb bg_type=\u00a0\u00bbimage\u00a0\u00bb parallax_style=\u00a0\u00bbvcpb-vz-jquery\u00a0\u00bb bg_image_new=\u00a0\u00bb24043&Prime; bg_image_repeat=\u00a0\u00bbno-repeat\u00a0\u00bb parallax_sense=\u00a0\u00bb40&Prime; disable_on_mobile_img_parallax=\u00a0\u00bboff\u00a0\u00bb el_class=\u00a0\u00bbno_text_transform\u00a0\u00bb css=\u00a0\u00bb.vc_custom_1574262754327{margin-bottom: 0px !important;padding-top: 80px !important;padding-bottom: 60px !important;}\u00a0\u00bb][vc_column][vc_row_inner equal_height=\u00a0\u00bbyes\u00a0\u00bb content_placement=\u00a0\u00bbmiddle\u00a0\u00bb css=\u00a0\u00bb.vc_custom_1574262888288{margin-top: 0px !important;margin-right: 0px !important;margin-bottom: 0px !important;margin-left: 0px !important;padding-top: 0px !important;padding-right: 0px !important;padding-bottom: 0px !important;padding-left: 0px !important;background-color: rgba(255,255,255,0.82) !important;*background-color: rgb(255,255,255) !important;}\u00a0\u00bb][vc_column_inner width=\u00a0\u00bb1\/2&Prime; css=\u00a0\u00bb.vc_custom_1574262867799{padding-top: 82px !important;padding-right: 52px !important;padding-bottom: 82px !important;padding-left: 52px !important;}\u00a0\u00bb]<h2 class=\"boc_heading  al_left  \"  style=\"margin-bottom: 20px;margin-top: 0px;color: #333;\"><span>SOCIAL<\/span><\/h2>[vc_column_text]Nous sommes situ\u00e9s au c\u0153ur du Bas-Ampurdan. Comme notre nom l\u2019indique, nous sommes \u00e9troitement li\u00e9s \u00e0 la comarque et \u00e0 ses habitants ; nous collaborons avec les activit\u00e9s des diff\u00e9rentes communes de la zone.<\/p>\n<p>Nous sommes partenaires de l\u2019Association <a href=\"http:\/\/www.eltrampoli.org\/\" target=\"_blank\" rel=\"noopener noreferrer\">El Trampol\u00ed<\/a>, une organisation qui aide les personnes avec un handicap psychique et qui travaille pour l\u2019int\u00e9gration sociale et professionnelle. Nous collaborons \u00e9galement avec des \u00e9coles de la province dans diff\u00e9rents domaines, comme l\u2019<a href=\"https:\/\/agora.xtec.cat\/ehtg\/es\/paginas-de-inici\/inici-espanol\/\" target=\"_blank\" rel=\"noopener noreferrer\">Escola d\u2019Hostaleria de Girona<\/a>.<\/p>\n<p>Actuellement, nous c\u00e9dons nos locaux \u00e0 <a href=\"https:\/\/www.caritasgirona.cat\/\" target=\"_blank\" rel=\"noopener noreferrer\">Caritas<\/a> afin de stocker la banque alimentaire, tout comme ce fut le cas pour <a href=\"https:\/\/www.ralarsa.com\/es\/taller-lunas-coche\/girona\" target=\"_blank\" rel=\"noopener noreferrer\">Ralarsa<\/a> lorsqu\u2019il a fallu changer les pare-brises des voitures uites \u00e0 la chute de gr\u00eale dont a souffert la Bisbal d\u2019Empord\u00e0.<\/p>\n<p>Tenir compte de l\u2019avis de nos clients est essentiel \u00e0 nos yeux. Nous travaillons pour g\u00e9n\u00e9rer un feedback continu pour r\u00e9pondre \u00e0 toutes vos demandes et doutes.[\/vc_column_text][\/vc_column_inner][vc_column_inner el_class=\u00a0\u00bbalturaminima\u00a0\u00bb width=\u00a0\u00bb1\/2&Prime; css=\u00a0\u00bb.vc_custom_1574850237392{margin-top: 0px !important;margin-right: 0px !important;margin-bottom: 0px !important;margin-left: 0px !important;padding-top: 0px !important;padding-right: 0px !important;padding-bottom: 0px !important;padding-left: 0px !important;background-image: url(https:\/\/bugaderiaemporda.com\/wp-content\/uploads\/2019\/11\/bugaderia-img-rsc-07.jpg?id=24040) !important;background-position: center !important;background-repeat: no-repeat !important;background-size: cover !important;}\u00a0\u00bb][\/vc_column_inner][\/vc_row_inner][\/vc_column][\/vc_row][vc_row full_width=\u00a0\u00bbstretch_row\u00a0\u00bb bg_type=\u00a0\u00bbbg_color\u00a0\u00bb enable_overlay=\u00a0\u00bboff\u00a0\u00bb el_class=\u00a0\u00bbwhite_text\u00a0\u00bb css=\u00a0\u00bb.vc_custom_1573808681791{margin-bottom: 0px !important;padding-top: 24px !important;padding-bottom: 20px !important;}\u00a0\u00bb bg_color_value=\u00a0\u00bb#00adef\u00a0\u00bb][vc_column]<div class=\"text_box calltoactionblau box_no_bgr \"><div class=\"text_box_content with_button\"><h2>Souhaitez-vous savoir comment nous pouvons vous aider ?<\/h2>\n\t\t\t\t\t<p><\/p>\n\t\t\t\t<\/div><div class=\"btn_holder\"><a\thref=\"\/fr\/contact\/\" \n\t\t\t\t\tclass=\"button  btn_medium_stretched btn_white btn_circled btn_outline icon_pos_after \"  target='_self'><span>CONTACTEZ-NOUS<\/span> <i class='icon icon icon-angle-right2'><\/i> <\/a><\/div><\/div>[\/vc_column][\/vc_row]<\/p>\n","protected":false},"excerpt":{"rendered":"<p>[vc_row full_width=\u00a0\u00bbstretch_row_content_no_spaces\u00a0\u00bb css=\u00a0\u00bb.vc_custom_1574845250712{margin-bottom: 0px !important;background-color: #fbfbfb !important;}\u00a0\u00bb][vc_column][\/vc_column][\/vc_row][vc_row equal_height=\u00a0\u00bbyes\u00a0\u00bb content_placement=\u00a0\u00bbmiddle\u00a0\u00bb css=\u00a0\u00bb.vc_custom_1574851770027{padding-top: 30px !important;padding-bottom: 0px !important;}\u00a0\u00bb][vc_column width=\u00a0\u00bb1\/2&Prime;][vc_column_text]Les entreprises sont le moteur principal de l\u2019\u00e9conomie et en tant que tel, nous avons un grand impact, aussi bien sur la soci\u00e9t\u00e9 que sur notre environnement. C\u2019est pour cela que nous nous consid\u00e9rons responsables de contribuer activement et volontairement \u00e0 l\u2019am\u00e9lioration sociale, \u00e9conomique et environnementale.[\/vc_column_text][\/vc_column][vc_column<\/p>\n<div class=\"h10\"><\/div>\n<p><a class=\"more-link2 flat\" href=\"https:\/\/bugaderiaemporda.com\/fr\/rsc\/\">Read more<\/a><\/p>\n","protected":false},"author":1,"featured_media":0,"parent":0,"menu_order":36,"comment_status":"open","ping_status":"closed","template":"","meta":{"footnotes":""},"class_list":["post-25195","page","type-page","status-publish","hentry"],"yoast_head":"<!-- This site is optimized with the Yoast SEO plugin v23.3 - https:\/\/yoast.com\/wordpress\/plugins\/seo\/ -->\n<title>RSE - Bugaderia Empord\u00e0<\/title>\n<meta name=\"robots\" content=\"index, follow, max-snippet:-1, max-image-preview:large, max-video-preview:-1\" \/>\n<link rel=\"canonical\" href=\"https:\/\/bugaderiaemporda.com\/rsc\/\" \/>\n<meta property=\"og:locale\" content=\"fr_FR\" \/>\n<meta property=\"og:type\" content=\"article\" \/>\n<meta property=\"og:title\" content=\"RSE - Bugaderia Empord\u00e0\" \/>\n<meta property=\"og:description\" content=\"[vc_row full_width=\u00a0\u00bbstretch_row_content_no_spaces\u00a0\u00bb css=\u00a0\u00bb.vc_custom_1574845250712{margin-bottom: 0px !important;background-color: #fbfbfb !important;}\u00a0\u00bb][vc_column][\/vc_column][\/vc_row][vc_row equal_height=\u00a0\u00bbyes\u00a0\u00bb content_placement=\u00a0\u00bbmiddle\u00a0\u00bb css=\u00a0\u00bb.vc_custom_1574851770027{padding-top: 30px !important;padding-bottom: 0px !important;}\u00a0\u00bb][vc_column width=\u00a0\u00bb1\/2&Prime;][vc_column_text]Les entreprises sont le moteur principal de l\u2019\u00e9conomie et en tant que tel, nous avons un grand impact, aussi bien sur la soci\u00e9t\u00e9 que sur notre environnement. C\u2019est pour cela que nous nous consid\u00e9rons responsables de contribuer activement et volontairement \u00e0 l\u2019am\u00e9lioration sociale, \u00e9conomique et environnementale.[\/vc_column_text][\/vc_column][vc_columnRead more\" \/>\n<meta property=\"og:url\" content=\"https:\/\/bugaderiaemporda.com\/rsc\/\" \/>\n<meta property=\"og:site_name\" content=\"Bugaderia Empord\u00e0\" \/>\n<meta property=\"article:modified_time\" content=\"2023-01-20T08:28:22+00:00\" \/>\n<meta property=\"og:image\" content=\"https:\/\/bugaderiaemporda.com\/wp-content\/uploads\/2019\/11\/bugaderia-logo-home-01.png\" \/>\n\t<meta property=\"og:image:width\" content=\"338\" \/>\n\t<meta property=\"og:image:height\" content=\"72\" \/>\n\t<meta property=\"og:image:type\" content=\"image\/png\" \/>\n<meta name=\"twitter:card\" content=\"summary_large_image\" \/>\n<meta name=\"twitter:label1\" content=\"Dur\u00e9e de lecture estim\u00e9e\" \/>\n\t<meta name=\"twitter:data1\" content=\"9 minutes\" \/>\n<script type=\"application\/ld+json\" class=\"yoast-schema-graph\">{\"@context\":\"https:\/\/schema.org\",\"@graph\":[{\"@type\":\"WebPage\",\"@id\":\"https:\/\/bugaderiaemporda.com\/rsc\/\",\"url\":\"https:\/\/bugaderiaemporda.com\/rsc\/\",\"name\":\"RSE - Bugaderia Empord\u00e0\",\"isPartOf\":{\"@id\":\"https:\/\/bugaderiaemporda.com\/#website\"},\"datePublished\":\"2019-11-20T14:37:33+00:00\",\"dateModified\":\"2023-01-20T08:28:22+00:00\",\"breadcrumb\":{\"@id\":\"https:\/\/bugaderiaemporda.com\/rsc\/#breadcrumb\"},\"inLanguage\":\"fr-FR\",\"potentialAction\":[{\"@type\":\"ReadAction\",\"target\":[\"https:\/\/bugaderiaemporda.com\/rsc\/\"]}]},{\"@type\":\"BreadcrumbList\",\"@id\":\"https:\/\/bugaderiaemporda.com\/rsc\/#breadcrumb\",\"itemListElement\":[{\"@type\":\"ListItem\",\"position\":1,\"name\":\"Inici\",\"item\":\"https:\/\/bugaderiaemporda.com\/fr\/\"},{\"@type\":\"ListItem\",\"position\":2,\"name\":\"RSE\"}]},{\"@type\":\"WebSite\",\"@id\":\"https:\/\/bugaderiaemporda.com\/#website\",\"url\":\"https:\/\/bugaderiaemporda.com\/\",\"name\":\"Bugaderia Empord\u00e0\",\"description\":\"Alta qualitat en renting t\u00e8xtil\",\"potentialAction\":[{\"@type\":\"SearchAction\",\"target\":{\"@type\":\"EntryPoint\",\"urlTemplate\":\"https:\/\/bugaderiaemporda.com\/?s={search_term_string}\"},\"query-input\":\"required name=search_term_string\"}],\"inLanguage\":\"fr-FR\"}]}<\/script>\n<!-- \/ Yoast SEO plugin. -->","yoast_head_json":{"title":"RSE - Bugaderia Empord\u00e0","robots":{"index":"index","follow":"follow","max-snippet":"max-snippet:-1","max-image-preview":"max-image-preview:large","max-video-preview":"max-video-preview:-1"},"canonical":"https:\/\/bugaderiaemporda.com\/rsc\/","og_locale":"fr_FR","og_type":"article","og_title":"RSE - Bugaderia Empord\u00e0","og_description":"[vc_row full_width=\u00a0\u00bbstretch_row_content_no_spaces\u00a0\u00bb css=\u00a0\u00bb.vc_custom_1574845250712{margin-bottom: 0px !important;background-color: #fbfbfb !important;}\u00a0\u00bb][vc_column][\/vc_column][\/vc_row][vc_row equal_height=\u00a0\u00bbyes\u00a0\u00bb content_placement=\u00a0\u00bbmiddle\u00a0\u00bb css=\u00a0\u00bb.vc_custom_1574851770027{padding-top: 30px !important;padding-bottom: 0px !important;}\u00a0\u00bb][vc_column width=\u00a0\u00bb1\/2&Prime;][vc_column_text]Les entreprises sont le moteur principal de l\u2019\u00e9conomie et en tant que tel, nous avons un grand impact, aussi bien sur la soci\u00e9t\u00e9 que sur notre environnement. C\u2019est pour cela que nous nous consid\u00e9rons responsables de contribuer activement et volontairement \u00e0 l\u2019am\u00e9lioration sociale, \u00e9conomique et environnementale.[\/vc_column_text][\/vc_column][vc_columnRead more","og_url":"https:\/\/bugaderiaemporda.com\/rsc\/","og_site_name":"Bugaderia Empord\u00e0","article_modified_time":"2023-01-20T08:28:22+00:00","og_image":[{"width":338,"height":72,"url":"https:\/\/bugaderiaemporda.com\/wp-content\/uploads\/2019\/11\/bugaderia-logo-home-01.png","type":"image\/png"}],"twitter_card":"summary_large_image","twitter_misc":{"Dur\u00e9e de lecture estim\u00e9e":"9 minutes"},"schema":{"@context":"https:\/\/schema.org","@graph":[{"@type":"WebPage","@id":"https:\/\/bugaderiaemporda.com\/rsc\/","url":"https:\/\/bugaderiaemporda.com\/rsc\/","name":"RSE - Bugaderia Empord\u00e0","isPartOf":{"@id":"https:\/\/bugaderiaemporda.com\/#website"},"datePublished":"2019-11-20T14:37:33+00:00","dateModified":"2023-01-20T08:28:22+00:00","breadcrumb":{"@id":"https:\/\/bugaderiaemporda.com\/rsc\/#breadcrumb"},"inLanguage":"fr-FR","potentialAction":[{"@type":"ReadAction","target":["https:\/\/bugaderiaemporda.com\/rsc\/"]}]},{"@type":"BreadcrumbList","@id":"https:\/\/bugaderiaemporda.com\/rsc\/#breadcrumb","itemListElement":[{"@type":"ListItem","position":1,"name":"Inici","item":"https:\/\/bugaderiaemporda.com\/fr\/"},{"@type":"ListItem","position":2,"name":"RSE"}]},{"@type":"WebSite","@id":"https:\/\/bugaderiaemporda.com\/#website","url":"https:\/\/bugaderiaemporda.com\/","name":"Bugaderia Empord\u00e0","description":"Alta qualitat en renting t\u00e8xtil","potentialAction":[{"@type":"SearchAction","target":{"@type":"EntryPoint","urlTemplate":"https:\/\/bugaderiaemporda.com\/?s={search_term_string}"},"query-input":"required name=search_term_string"}],"inLanguage":"fr-FR"}]}},"_links":{"self":[{"href":"https:\/\/bugaderiaemporda.com\/fr\/wp-json\/wp\/v2\/pages\/25195"}],"collection":[{"href":"https:\/\/bugaderiaemporda.com\/fr\/wp-json\/wp\/v2\/pages"}],"about":[{"href":"https:\/\/bugaderiaemporda.com\/fr\/wp-json\/wp\/v2\/types\/page"}],"author":[{"embeddable":true,"href":"https:\/\/bugaderiaemporda.com\/fr\/wp-json\/wp\/v2\/users\/1"}],"replies":[{"embeddable":true,"href":"https:\/\/bugaderiaemporda.com\/fr\/wp-json\/wp\/v2\/comments?post=25195"}],"version-history":[{"count":10,"href":"https:\/\/bugaderiaemporda.com\/fr\/wp-json\/wp\/v2\/pages\/25195\/revisions"}],"predecessor-version":[{"id":25442,"href":"https:\/\/bugaderiaemporda.com\/fr\/wp-json\/wp\/v2\/pages\/25195\/revisions\/25442"}],"wp:attachment":[{"href":"https:\/\/bugaderiaemporda.com\/fr\/wp-json\/wp\/v2\/media?parent=25195"}],"curies":[{"name":"wp","href":"https:\/\/api.w.org\/{rel}","templated":true}]}}