{"id":25186,"date":"2019-11-19T13:44:09","date_gmt":"2019-11-19T11:44:09","guid":{"rendered":"http:\/\/bugaderiaemporda.efimatica.com\/qualitat\/"},"modified":"2020-01-09T17:01:07","modified_gmt":"2020-01-09T15:01:07","slug":"qualite","status":"publish","type":"page","link":"https:\/\/bugaderiaemporda.com\/fr\/qualite\/","title":{"rendered":"Qualit\u00e9"},"content":{"rendered":"<p>[vc_row full_width=\u00a0\u00bbstretch_row_content_no_spaces\u00a0\u00bb css=\u00a0\u00bb.vc_custom_1574844257157{margin-bottom: 0px !important;background-color: #fbfbfb !important;}\u00a0\u00bb][vc_column]<h1 class=\"boc_heading  center  \"  style=\"margin-bottom: 50px;margin-top: 50px;color: #00adef;font-size: 50px;\"><span>NOTRE SP\u00c9CIALISATION<\/span><\/h1>[\/vc_column][\/vc_row][vc_row full_width=\u00a0\u00bbstretch_row_content_no_spaces\u00a0\u00bb css=\u00a0\u00bb.vc_custom_1574154667761{margin-top: 0px !important;margin-bottom: 0px !important;padding-top: 0px !important;padding-bottom: 0px !important;}\u00a0\u00bb][vc_column]\n\t\t\t\t\t<!-- Image Slider -->\n\t\t\t\t\t<script type=\"text\/javascript\">\n\n\t\t\t\t\t\tjQuery(document).ready(function($) {\n\t\t\t\t\t\t\t\n\t\t\t\t\t\t\t\/\/ Load carousel after its images are loaded\n\t\t\t\t\t\t\tpreloadImages($(\"#img_slider_29aa2a2808b14e5fc48ebbe31b7b592c img\"), function () {\n\t\t\t\t\t\t\t\t\n\t\t\t\t\t\t\t\tvar carousel = $(\"#img_slider_29aa2a2808b14e5fc48ebbe31b7b592c\");\n\t\t\t\t\t\t\t\t\n\t\t\t\t\t\t\t\tvar args = {\n\t\t\t\t\t\t\t\t\titems: \t\t\t1,\n\t\t\t\t\t\t\t\t\tmouseDrag:\t\ttrue,\n\t\t\t\t\t\t\t\t\tautoplay:\t\tfalse,\n\t\t\t\t\t\t\t\t\tautoplayTimeout:6000,\n\t\t\t\t\t\t\t\t\tnav: \t\t\ttrue,\n\t\t\t\t\t\t\t\t\tdots: \t\t\ttrue,\n\t\t\t\t\t\t\t\t\tloop: \t\t\ttrue,\n\t\t\t\t\t\t\t\t\tautoHeight: \tfalse,\n\t\t\t\t\t\t\t\t\tsmartSpeed:\t\t500,\n\t\t\t\t\t\t\tnavText:\t\t\t[\"<span class='icon icon-arrow-left8'><\/span>\",\"<span class='icon icon-uniE708'><\/span>\"],\n\t\t\t\t\t\t\t\t\tslideBy: \t\t1,\n\t\t\t\t\t\t\t\t\tnavRewind: \t\tfalse,\n\t\t\t\t\t\t\t\t\trtl: \t\t\tfalse,\n\t\t\t\t\t\t\t\t\tonInitialized:  \tshowCarousel_29aa2a2808b14e5fc48ebbe31b7b592c,\n\t\t\t\t\t\t\t\t\tanimateOut:\"fadeOut\", animateIn: \"fadeIn\"\n\t\t\t\t\t\t\t\t};\n\t\t\t\t\t\t\t\t\n\t\t\t\t\t\t\t\tcarousel.owlCarousel(args);\n\n\t\t\t\t\t\t\t\tvar initital_width = carousel.css(\"width\");\t\t\n\t\t\t\t\t\t\t\t\n\t\t\t\t\t\t\t\t\/* Refresh it for full width rows *\/\n\t\t\t\t\t\t\t\t$(window).load(function(){\n\t\t\t\t\t\t\t\t\tif(carousel.css(\"width\") != initital_width) {\n\t\t\t\t\t\t\t\t\t\tcarousel.trigger(\"destroy.owl.carousel\").removeClass(\"owl-carousel owl-loaded\");\n\t\t\t\t\t\t\t\t\t\tcarousel.find(\".owl-stage-outer\").children().unwrap();\n\t\t\t\t\t\t\t\t\t\tcarousel.owlCarousel(args);\n\t\t\t\t\t\t\t\t\t}\n\t\t\t\t\t\t\t\t});\n\t\t\t\t\t\t\t});\n\t\t\t\t\t\t\t\n\t\t\t\t\t\t\t\n\t\t\t\t\t\t\t\/* Show after initialized *\/\n\t\t\t\t\t\t\tfunction showCarousel_29aa2a2808b14e5fc48ebbe31b7b592c() {\n\t\t\t\t\t\t\t\t$(\"#img_slider_29aa2a2808b14e5fc48ebbe31b7b592c\").fadeTo(0,1);\n\t\t\t\t\t\t\t\t$(\"#img_slider_29aa2a2808b14e5fc48ebbe31b7b592c .owl-item .boc_owl_lazy\").css(\"opacity\",\"1\");\n\t\t\t\t\t\t\t}\t\t\t\t\t\t\t\n\t\t\t\t\t\t\t\n\t\t\t\t\t\t\t\n\t\t\t\t\t\t});\n\n\t\t\t\t\t<\/script>\n\t\t\t\t\t<!-- Image Slider :: END --><div class=\"img_slider mfp_gallery  has_dots big_arrows\" id=\"img_slider_29aa2a2808b14e5fc48ebbe31b7b592c\" style=\"opacity:0;\"><div class=\"img_slider_item boc_owl_lazy\"><img decoding=\"async\" src=\"https:\/\/bugaderiaemporda.com\/wp-content\/uploads\/2019\/11\/bugaderia-img-qualitat-slideA-01-1.jpg\" alt=\"\" title=\"\"\/><\/div><div class=\"img_slider_item boc_owl_lazy\"><img decoding=\"async\" src=\"https:\/\/bugaderiaemporda.com\/wp-content\/uploads\/2019\/11\/bugaderia-img-qualitat-slideA-02-1.jpg\" alt=\"\" title=\"\"\/><\/div><div class=\"img_slider_item boc_owl_lazy\"><img decoding=\"async\" src=\"https:\/\/bugaderiaemporda.com\/wp-content\/uploads\/2019\/11\/bugaderia-img-qualitat-slideA-03-1.jpg\" alt=\"\" title=\"\"\/><\/div><\/div>[\/vc_column][\/vc_row][vc_row full_width=\u00a0\u00bbstretch_row_content_no_spaces\u00a0\u00bb equal_height=\u00a0\u00bbyes\u00a0\u00bb css=\u00a0\u00bb.vc_custom_1574253718961{margin-top: 0px !important;margin-right: 0px !important;margin-bottom: 0px !important;margin-left: 0px !important;padding-top: 0px !important;padding-bottom: 0px !important;}\u00a0\u00bb][vc_column width=\u00a0\u00bb2\/3&Prime; el_class=\u00a0\u00bbequal_height_column white_color\u00a0\u00bb][vc_row_inner][vc_column_inner css=\u00a0\u00bb.vc_custom_1574253995004{padding-top: 11% !important;padding-right: 18% !important;padding-bottom: 11% !important;padding-left: 18% !important;}\u00a0\u00bb]<h2 class=\"boc_heading  al_left  \"  style=\"margin-bottom: 20px;margin-top: 0px;color: #333333;font-size: 30px;\"><span>TECHNOLOGIE ET \u00c9QUIPEMENTS D\u2019AVANT-GARDE<\/span><\/h2>[vc_column_text]Au cours de notre histoire et des augmentations successives de machines, nous avons mis\u00e9 sur les machines des meilleures marques europ\u00e9ennes et nationales du secteur, comme Kannegiesser, Jensen ou Girbau.<\/p>\n<p>Afin de garantir le service, nous disposons d\u2019un alternateur de 880 Kva et notre technologie nous permet de garantir que nous sommes l\u2019une des blanchisseries les plus efficientes du point de vue \u00e9nerg\u00e9tique, car nous pouvons d\u00e9montrer une exploitation de 90 % de la chaleur g\u00e9n\u00e9r\u00e9e \u00e0 travers les \u00b4changeurs de chaleur.[\/vc_column_text][\/vc_column_inner][\/vc_row_inner][\/vc_column][vc_column width=\u00a0\u00bb1\/3&Prime; el_class=\u00a0\u00bbequal_height_column alturaminima\u00a0\u00bb css=\u00a0\u00bb.vc_custom_1574848986861{background-image: url(https:\/\/bugaderiaemporda.com\/wp-content\/uploads\/2019\/11\/bugaderia-img-qualitat-slideC-01-1.jpg?id=25081) !important;background-position: center !important;background-repeat: no-repeat !important;background-size: cover !important;}\u00a0\u00bb][\/vc_column][\/vc_row][vc_row full_width=\u00a0\u00bbstretch_row\u00a0\u00bb css=\u00a0\u00bb.vc_custom_1574850584608{margin-top: 0px !important;margin-bottom: 0px !important;padding-top: 80px !important;padding-bottom: 80px !important;background-color: #fbfbfb !important;}\u00a0\u00bb][vc_column]\n\t\t<!--New Tabs-->\n\t\t<div class=\"newtabs clearfix vertical  minimal_style\">\n\t\t\t<ul class=\"resp-tabs-list\">\n\t\t\t<\/ul>\n\t\t\t<div class=\"resp-tabs-container\">\n\t\t<div class=\"single_tab_div\" rel-title=\"Blanchissage et s\u00e9chage\" rel-icon=\"\">[vc_row_inner][vc_column_inner width=\u00a0\u00bb1\/2&Prime;]<h2 class=\"boc_heading  al_left  \"  style=\"margin-bottom: 20px;margin-top: 0px;color: #00adef;\"><span>BLANCHISSAGE ET S\u00c9CHAGE<\/span><\/h2>[vc_column_text]Pour les processus de blanchissage et s\u00e9chage, nous disposons de l\u2019\u00e9quipement n\u00e9cessaire pour produire jusqu\u2019\u00e0 5 000 Kg\/h, \u00e0 savoir :[\/vc_column_text]<div class=\"boc_list_item  \" >\n\t\t\t\t\t<span class=\"li_icon normal \" style=\"\"><i class=\"icon icon-check2\" style=\"\"><\/i><\/span>\n\t\t\t\t\t<div class=\"boc_list_item_text normal\">4 tunnels de lavage avec 48 modules au total<\/div>\n\t\t\t\t   <\/div><div class=\"boc_list_item  \" >\n\t\t\t\t\t<span class=\"li_icon normal \" style=\"\"><i class=\"icon icon-check2\" style=\"\"><\/i><\/span>\n\t\t\t\t\t<div class=\"boc_list_item_text normal\">18 s\u00e8che-linges de diff\u00e9rentes capacit\u00e9s<\/p>\n<p><\/div>\n\t\t\t\t   <\/div><div class=\"boc_list_item  \" >\n\t\t\t\t\t<span class=\"li_icon normal \" style=\"\"><i class=\"icon icon-check2\" style=\"\"><\/i><\/span>\n\t\t\t\t\t<div class=\"boc_list_item_text normal\">4 lave-linges de diff\u00e9rentes capacit\u00e9s<\/div>\n\t\t\t\t   <\/div><div class=\"boc_spacing \" style=\"height: 20px\"><\/div>[\/vc_column_inner][vc_column_inner width=\u00a0\u00bb1\/2&Prime;][vc_single_image alignment=\u00a0\u00bbcenter\u00a0\u00bb image=\u00a0\u00bb23956&Prime;]<div class=\"boc_spacing \" style=\"height: 20px\"><\/div>[\/vc_column_inner][\/vc_row_inner]<\/div><div class=\"single_tab_div\" rel-title=\"Repassage et pliage\" rel-icon=\"\">[vc_row_inner][vc_column_inner width=\u00a0\u00bb1\/2&Prime;]<h2 class=\"boc_heading  al_left  \"  style=\"margin-bottom: 20px;margin-top: 0px;color: #00adef;\"><span>REPASSAGE ET PLIAGE<\/span><\/h2>[vc_column_text]Nous utilisons des machines de derni\u00e8re g\u00e9n\u00e9ration pour parvenir au maximum d\u2019efficacit\u00e9 et au respect maximum de l\u2019environnement lors des processus de repassage et pliage des draps, taies, \u00e9dredons et serviettes jusqu\u2019\u00e0 5000 Kg\/h :[\/vc_column_text]<div class=\"boc_list_item  \" >\n\t\t\t\t\t<span class=\"li_icon normal \" style=\"\"><i class=\"icon icon-check2\" style=\"\"><\/i><\/span>\n\t\t\t\t\t<div class=\"boc_list_item_text normal\">4 calandres de repassage Kannegiesser avec introducteur et plieuse automatique<\/div>\n\t\t\t\t   <\/div><div class=\"boc_list_item  \" >\n\t\t\t\t\t<span class=\"li_icon normal \" style=\"\"><i class=\"icon icon-check2\" style=\"\"><\/i><\/span>\n\t\t\t\t\t<div class=\"boc_list_item_text normal\">3 calandres de repassage Kannegiesser avec introducteur manuel<\/p>\n<p><\/div>\n\t\t\t\t   <\/div><div class=\"boc_list_item  \" >\n\t\t\t\t\t<span class=\"li_icon normal \" style=\"\"><i class=\"icon icon-check2\" style=\"\"><\/i><\/span>\n\t\t\t\t\t<div class=\"boc_list_item_text normal\">4 plieuses de taies et serviettes<\/p>\n<p><\/div>\n\t\t\t\t   <\/div><div class=\"boc_list_item  \" >\n\t\t\t\t\t<span class=\"li_icon normal \" style=\"\"><i class=\"icon icon-check2\" style=\"\"><\/i><\/span>\n\t\t\t\t\t<div class=\"boc_list_item_text normal\">1 calandre Hooge et plieuse<\/div>\n\t\t\t\t   <\/div><div class=\"boc_list_item  \" >\n\t\t\t\t\t<span class=\"li_icon normal \" style=\"\"><i class=\"icon icon-check2\" style=\"\"><\/i><\/span>\n\t\t\t\t\t<div class=\"boc_list_item_text normal\">2 calandres Effma et plieuses<\/div>\n\t\t\t\t   <\/div><div class=\"boc_list_item  \" >\n\t\t\t\t\t<span class=\"li_icon normal \" style=\"\"><i class=\"icon icon-check2\" style=\"\"><\/i><\/span>\n\t\t\t\t\t<div class=\"boc_list_item_text normal\">14 machines pour plier les serviettes Pizzardi AXIA<\/div>\n\t\t\t\t   <\/div><div class=\"boc_spacing \" style=\"height: 20px\"><\/div>[\/vc_column_inner][vc_column_inner width=\u00a0\u00bb1\/2&Prime;][vc_single_image alignment=\u00a0\u00bbcenter\u00a0\u00bb image=\u00a0\u00bb23957&Prime;]<div class=\"boc_spacing \" style=\"height: 20px\"><\/div>[\/vc_column_inner][\/vc_row_inner]<\/div><div class=\"single_tab_div\" rel-title=\"Compl\u00e9ments pour le blanchissage\" rel-icon=\"\">[vc_row_inner][vc_column_inner width=\u00a0\u00bb1\/2&Prime;]<h2 class=\"boc_heading  al_left  \"  style=\"margin-bottom: 20px;margin-top: 0px;color: #00adef;\"><span>COMPL\u00c9MENTS POUR LE BLANCHISSAGE<\/span><\/h2>[vc_column_text]Pour compl\u00e9ter le processus de blanchissage, nous disposons de :[\/vc_column_text]<div class=\"boc_list_item  \" >\n\t\t\t\t\t<span class=\"li_icon normal \" style=\"\"><i class=\"icon icon-check2\" style=\"\"><\/i><\/span>\n\t\t\t\t\t<div class=\"boc_list_item_text normal\">4 emballeuses<\/p>\n<p><\/div>\n\t\t\t\t   <\/div><div class=\"boc_list_item  \" >\n\t\t\t\t\t<span class=\"li_icon normal \" style=\"\"><i class=\"icon icon-check2\" style=\"\"><\/i><\/span>\n\t\t\t\t\t<div class=\"boc_list_item_text normal\">2 chaudi\u00e8res de vapeur avec de nombreux r\u00e9cup\u00e9rateurs de chaleur<\/p>\n<p><\/div>\n\t\t\t\t   <\/div><div class=\"boc_list_item  \" >\n\t\t\t\t\t<span class=\"li_icon normal \" style=\"\"><i class=\"icon icon-check2\" style=\"\"><\/i><\/span>\n\t\t\t\t\t<div class=\"boc_list_item_text normal\">3 compresseurs d\u2019air en double pour \u00e9viter tout arr\u00eat en cas de panne<\/div>\n\t\t\t\t   <\/div><div class=\"boc_spacing \" style=\"height: 20px\"><\/div>[\/vc_column_inner][vc_column_inner width=\u00a0\u00bb1\/2&Prime;][vc_single_image alignment=\u00a0\u00bbcenter\u00a0\u00bb image=\u00a0\u00bb23958&Prime;]<div class=\"boc_spacing \" style=\"height: 20px\"><\/div>[\/vc_column_inner][\/vc_row_inner]<\/div><\/div>\n\t\t\t\t<\/div>[\/vc_column][\/vc_row][vc_row full_width=\u00a0\u00bbstretch_row\u00a0\u00bb equal_height=\u00a0\u00bbyes\u00a0\u00bb bg_type=\u00a0\u00bbimage\u00a0\u00bb parallax_style=\u00a0\u00bbvcpb-vz-jquery\u00a0\u00bb bg_image_new=\u00a0\u00bb23819&Prime; bg_image_repeat=\u00a0\u00bbno-repeat\u00a0\u00bb parallax_sense=\u00a0\u00bb40&Prime; disable_on_mobile_img_parallax=\u00a0\u00bboff\u00a0\u00bb el_class=\u00a0\u00bbno_text_transform\u00a0\u00bb css=\u00a0\u00bb.vc_custom_1574175271366{margin-bottom: 0px !important;padding-top: 80px !important;padding-bottom: 80px !important;}\u00a0\u00bb][vc_column][vc_row_inner css=\u00a0\u00bb.vc_custom_1574179472805{margin-top: 0px !important;margin-right: 0px !important;margin-bottom: 0px !important;margin-left: 0px !important;padding-top: 32px !important;padding-right: 32px !important;padding-bottom: 32px !important;padding-left: 32px !important;background-color: rgba(255,255,255,0.7) !important;*background-color: rgb(255,255,255) !important;}\u00a0\u00bb][vc_column_inner width=\u00a0\u00bb2\/3&Prime; css=\u00a0\u00bb.vc_custom_1574179414780{margin-right: 0px !important;margin-left: 0px !important;}\u00a0\u00bb]<div class=\"boc_spacing \" style=\"height: 30px\"><\/div><h2 class=\"boc_heading  al_left  \"  style=\"margin-bottom: 20px;margin-top: 0px;color: #333;\"><span>LES MEILLEURS FOURNISSEURS TEXTILES<\/span><\/h2>[vc_column_text]L\u2019origine et le choix du textile que nous fournissons \u00e0 nos clients \u00e0 travers le service de location sont un \u00e9l\u00e9ment cl\u00e9 pour garantir des draps, taies d\u2019oreillers, oreillers, \u00e9dredons et couvre-lits d\u2019excellente qualit\u00e9.<\/p>\n<p>Nous avons des draps dans diff\u00e9rentes gammes :<\/p>\n<p>Nos draps standards sont 100 % coton, peign\u00e9, avec des fils fins, 32 fils de trame et 31 de cha\u00eene, dans des finitions merceris\u00e9es qui garantissent un tr\u00e8s bon confort au toucher.<\/p>\n<p>Nous disposons \u00e9galement d\u2019une gamme sup\u00e9rieure, \u00e9galement 100 % coton, peign\u00e9, avec jusqu\u2019\u00e0 35 fils de trame et 45 de cha\u00eene, un excellent toucher, ainsi qu\u2019une gamme extra en coton, avec 300 fils \u00e0 la douceur exceptionnelle au toucher. En outre, nous proposons une gamme Grand Luxe de 600 \u00e0 1000 fils.<\/p>\n<p>Nous disposons des meilleurs fournisseurs.[\/vc_column_text]<div class=\"boc_spacing \" style=\"height: 20px\"><\/div>[\/vc_column_inner][vc_column_inner width=\u00a0\u00bb1\/3&Prime; css=\u00a0\u00bb.vc_custom_1574844319139{margin-right: 0px !important;margin-left: 0px !important;border-left-width: 0px !important;border-left-color: #ffffff !important;border-left-style: solid !important;}\u00a0\u00bb]<div class=\"boc_spacing \" style=\"height: 30px\"><\/div>[vc_single_image alignment=\u00a0\u00bbcenter\u00a0\u00bb image=\u00a0\u00bb23964&Prime;]<div class=\"boc_spacing \" style=\"height: 20px\"><\/div>[\/vc_column_inner][\/vc_row_inner][\/vc_column][\/vc_row][vc_row full_width=\u00a0\u00bbstretch_row\u00a0\u00bb bg_type=\u00a0\u00bbbg_color\u00a0\u00bb enable_overlay=\u00a0\u00bboff\u00a0\u00bb el_class=\u00a0\u00bbwhite_text\u00a0\u00bb css=\u00a0\u00bb.vc_custom_1573808681791{margin-bottom: 0px !important;padding-top: 24px !important;padding-bottom: 20px !important;}\u00a0\u00bb bg_color_value=\u00a0\u00bb#00adef\u00a0\u00bb][vc_column]<div class=\"text_box calltoactionblau box_no_bgr \"><div class=\"text_box_content with_button\"><h2>Voulez-vous en savoir plus sur la qualit\u00e9 de nos produits et services?<\/h2>\n\t\t\t\t\t<p><\/p>\n\t\t\t\t<\/div><div class=\"btn_holder\"><a\thref=\"\/fr\/contact\/\" \n\t\t\t\t\tclass=\"button  btn_medium_stretched btn_white btn_circled btn_outline icon_pos_after \"  target='_self'><span>CONTACTEZ-NOUS<\/span> <i class='icon icon icon-angle-right2'><\/i> <\/a><\/div><\/div>[\/vc_column][\/vc_row]<\/p>\n","protected":false},"excerpt":{"rendered":"<p>[vc_row full_width=\u00a0\u00bbstretch_row_content_no_spaces\u00a0\u00bb css=\u00a0\u00bb.vc_custom_1574844257157{margin-bottom: 0px !important;background-color: #fbfbfb !important;}\u00a0\u00bb][vc_column][\/vc_column][\/vc_row][vc_row full_width=\u00a0\u00bbstretch_row_content_no_spaces\u00a0\u00bb css=\u00a0\u00bb.vc_custom_1574154667761{margin-top: 0px !important;margin-bottom: 0px !important;padding-top: 0px !important;padding-bottom: 0px !important;}\u00a0\u00bb][vc_column][\/vc_column][\/vc_row][vc_row full_width=\u00a0\u00bbstretch_row_content_no_spaces\u00a0\u00bb equal_height=\u00a0\u00bbyes\u00a0\u00bb css=\u00a0\u00bb.vc_custom_1574253718961{margin-top: 0px !important;margin-right: 0px !important;margin-bottom: 0px !important;margin-left: 0px !important;padding-top: 0px !important;padding-bottom: 0px !important;}\u00a0\u00bb][vc_column width=\u00a0\u00bb2\/3&Prime; el_class=\u00a0\u00bbequal_height_column white_color\u00a0\u00bb][vc_row_inner][vc_column_inner css=\u00a0\u00bb.vc_custom_1574253995004{padding-top: 11% !important;padding-right: 18% !important;padding-bottom: 11% !important;padding-left: 18% !important;}\u00a0\u00bb][vc_column_text]Au cours de notre histoire et des augmentations successives de machines, nous avons mis\u00e9 sur les machines<\/p>\n<div class=\"h10\"><\/div>\n<p><a class=\"more-link2 flat\" href=\"https:\/\/bugaderiaemporda.com\/fr\/qualite\/\">Read more<\/a><\/p>\n","protected":false},"author":1,"featured_media":0,"parent":0,"menu_order":20,"comment_status":"open","ping_status":"closed","template":"","meta":{"footnotes":""},"class_list":["post-25186","page","type-page","status-publish","hentry"],"yoast_head":"<!-- This site is optimized with the Yoast SEO plugin v23.3 - https:\/\/yoast.com\/wordpress\/plugins\/seo\/ -->\n<title>Qualit\u00e9 - Bugaderia Empord\u00e0<\/title>\n<meta name=\"robots\" content=\"index, follow, max-snippet:-1, max-image-preview:large, max-video-preview:-1\" \/>\n<link rel=\"canonical\" href=\"https:\/\/bugaderiaemporda.com\/qualitat\/\" \/>\n<meta property=\"og:locale\" content=\"fr_FR\" \/>\n<meta property=\"og:type\" content=\"article\" \/>\n<meta property=\"og:title\" content=\"Qualit\u00e9 - Bugaderia Empord\u00e0\" \/>\n<meta property=\"og:description\" content=\"[vc_row full_width=\u00a0\u00bbstretch_row_content_no_spaces\u00a0\u00bb css=\u00a0\u00bb.vc_custom_1574844257157{margin-bottom: 0px !important;background-color: #fbfbfb !important;}\u00a0\u00bb][vc_column][\/vc_column][\/vc_row][vc_row full_width=\u00a0\u00bbstretch_row_content_no_spaces\u00a0\u00bb css=\u00a0\u00bb.vc_custom_1574154667761{margin-top: 0px !important;margin-bottom: 0px !important;padding-top: 0px !important;padding-bottom: 0px !important;}\u00a0\u00bb][vc_column][\/vc_column][\/vc_row][vc_row full_width=\u00a0\u00bbstretch_row_content_no_spaces\u00a0\u00bb equal_height=\u00a0\u00bbyes\u00a0\u00bb css=\u00a0\u00bb.vc_custom_1574253718961{margin-top: 0px !important;margin-right: 0px !important;margin-bottom: 0px !important;margin-left: 0px !important;padding-top: 0px !important;padding-bottom: 0px !important;}\u00a0\u00bb][vc_column width=\u00a0\u00bb2\/3&Prime; el_class=\u00a0\u00bbequal_height_column white_color\u00a0\u00bb][vc_row_inner][vc_column_inner css=\u00a0\u00bb.vc_custom_1574253995004{padding-top: 11% !important;padding-right: 18% !important;padding-bottom: 11% !important;padding-left: 18% !important;}\u00a0\u00bb][vc_column_text]Au cours de notre histoire et des augmentations successives de machines, nous avons mis\u00e9 sur les machinesRead more\" \/>\n<meta property=\"og:url\" content=\"https:\/\/bugaderiaemporda.com\/qualitat\/\" \/>\n<meta property=\"og:site_name\" content=\"Bugaderia Empord\u00e0\" \/>\n<meta property=\"article:modified_time\" content=\"2020-01-09T15:01:07+00:00\" \/>\n<meta property=\"og:image\" content=\"https:\/\/bugaderiaemporda.com\/wp-content\/uploads\/2019\/11\/bugaderia-logo-home-01.png\" \/>\n\t<meta property=\"og:image:width\" content=\"338\" \/>\n\t<meta property=\"og:image:height\" content=\"72\" \/>\n\t<meta property=\"og:image:type\" content=\"image\/png\" \/>\n<meta name=\"twitter:card\" content=\"summary_large_image\" \/>\n<meta name=\"twitter:label1\" content=\"Dur\u00e9e de lecture estim\u00e9e\" \/>\n\t<meta name=\"twitter:data1\" content=\"6 minutes\" \/>\n<script type=\"application\/ld+json\" class=\"yoast-schema-graph\">{\"@context\":\"https:\/\/schema.org\",\"@graph\":[{\"@type\":\"WebPage\",\"@id\":\"https:\/\/bugaderiaemporda.com\/qualitat\/\",\"url\":\"https:\/\/bugaderiaemporda.com\/qualitat\/\",\"name\":\"Qualit\u00e9 - Bugaderia Empord\u00e0\",\"isPartOf\":{\"@id\":\"https:\/\/bugaderiaemporda.com\/#website\"},\"datePublished\":\"2019-11-19T11:44:09+00:00\",\"dateModified\":\"2020-01-09T15:01:07+00:00\",\"breadcrumb\":{\"@id\":\"https:\/\/bugaderiaemporda.com\/qualitat\/#breadcrumb\"},\"inLanguage\":\"fr-FR\",\"potentialAction\":[{\"@type\":\"ReadAction\",\"target\":[\"https:\/\/bugaderiaemporda.com\/qualitat\/\"]}]},{\"@type\":\"BreadcrumbList\",\"@id\":\"https:\/\/bugaderiaemporda.com\/qualitat\/#breadcrumb\",\"itemListElement\":[{\"@type\":\"ListItem\",\"position\":1,\"name\":\"Inici\",\"item\":\"https:\/\/bugaderiaemporda.com\/fr\/\"},{\"@type\":\"ListItem\",\"position\":2,\"name\":\"Qualit\u00e9\"}]},{\"@type\":\"WebSite\",\"@id\":\"https:\/\/bugaderiaemporda.com\/#website\",\"url\":\"https:\/\/bugaderiaemporda.com\/\",\"name\":\"Bugaderia Empord\u00e0\",\"description\":\"Alta qualitat en renting t\u00e8xtil\",\"potentialAction\":[{\"@type\":\"SearchAction\",\"target\":{\"@type\":\"EntryPoint\",\"urlTemplate\":\"https:\/\/bugaderiaemporda.com\/?s={search_term_string}\"},\"query-input\":\"required name=search_term_string\"}],\"inLanguage\":\"fr-FR\"}]}<\/script>\n<!-- \/ Yoast SEO plugin. -->","yoast_head_json":{"title":"Qualit\u00e9 - Bugaderia Empord\u00e0","robots":{"index":"index","follow":"follow","max-snippet":"max-snippet:-1","max-image-preview":"max-image-preview:large","max-video-preview":"max-video-preview:-1"},"canonical":"https:\/\/bugaderiaemporda.com\/qualitat\/","og_locale":"fr_FR","og_type":"article","og_title":"Qualit\u00e9 - Bugaderia Empord\u00e0","og_description":"[vc_row full_width=\u00a0\u00bbstretch_row_content_no_spaces\u00a0\u00bb css=\u00a0\u00bb.vc_custom_1574844257157{margin-bottom: 0px !important;background-color: #fbfbfb !important;}\u00a0\u00bb][vc_column][\/vc_column][\/vc_row][vc_row full_width=\u00a0\u00bbstretch_row_content_no_spaces\u00a0\u00bb css=\u00a0\u00bb.vc_custom_1574154667761{margin-top: 0px !important;margin-bottom: 0px !important;padding-top: 0px !important;padding-bottom: 0px !important;}\u00a0\u00bb][vc_column][\/vc_column][\/vc_row][vc_row full_width=\u00a0\u00bbstretch_row_content_no_spaces\u00a0\u00bb equal_height=\u00a0\u00bbyes\u00a0\u00bb css=\u00a0\u00bb.vc_custom_1574253718961{margin-top: 0px !important;margin-right: 0px !important;margin-bottom: 0px !important;margin-left: 0px !important;padding-top: 0px !important;padding-bottom: 0px !important;}\u00a0\u00bb][vc_column width=\u00a0\u00bb2\/3&Prime; el_class=\u00a0\u00bbequal_height_column white_color\u00a0\u00bb][vc_row_inner][vc_column_inner css=\u00a0\u00bb.vc_custom_1574253995004{padding-top: 11% !important;padding-right: 18% !important;padding-bottom: 11% !important;padding-left: 18% !important;}\u00a0\u00bb][vc_column_text]Au cours de notre histoire et des augmentations successives de machines, nous avons mis\u00e9 sur les machinesRead more","og_url":"https:\/\/bugaderiaemporda.com\/qualitat\/","og_site_name":"Bugaderia Empord\u00e0","article_modified_time":"2020-01-09T15:01:07+00:00","og_image":[{"width":338,"height":72,"url":"https:\/\/bugaderiaemporda.com\/wp-content\/uploads\/2019\/11\/bugaderia-logo-home-01.png","type":"image\/png"}],"twitter_card":"summary_large_image","twitter_misc":{"Dur\u00e9e de lecture estim\u00e9e":"6 minutes"},"schema":{"@context":"https:\/\/schema.org","@graph":[{"@type":"WebPage","@id":"https:\/\/bugaderiaemporda.com\/qualitat\/","url":"https:\/\/bugaderiaemporda.com\/qualitat\/","name":"Qualit\u00e9 - Bugaderia Empord\u00e0","isPartOf":{"@id":"https:\/\/bugaderiaemporda.com\/#website"},"datePublished":"2019-11-19T11:44:09+00:00","dateModified":"2020-01-09T15:01:07+00:00","breadcrumb":{"@id":"https:\/\/bugaderiaemporda.com\/qualitat\/#breadcrumb"},"inLanguage":"fr-FR","potentialAction":[{"@type":"ReadAction","target":["https:\/\/bugaderiaemporda.com\/qualitat\/"]}]},{"@type":"BreadcrumbList","@id":"https:\/\/bugaderiaemporda.com\/qualitat\/#breadcrumb","itemListElement":[{"@type":"ListItem","position":1,"name":"Inici","item":"https:\/\/bugaderiaemporda.com\/fr\/"},{"@type":"ListItem","position":2,"name":"Qualit\u00e9"}]},{"@type":"WebSite","@id":"https:\/\/bugaderiaemporda.com\/#website","url":"https:\/\/bugaderiaemporda.com\/","name":"Bugaderia Empord\u00e0","description":"Alta qualitat en renting t\u00e8xtil","potentialAction":[{"@type":"SearchAction","target":{"@type":"EntryPoint","urlTemplate":"https:\/\/bugaderiaemporda.com\/?s={search_term_string}"},"query-input":"required name=search_term_string"}],"inLanguage":"fr-FR"}]}},"_links":{"self":[{"href":"https:\/\/bugaderiaemporda.com\/fr\/wp-json\/wp\/v2\/pages\/25186"}],"collection":[{"href":"https:\/\/bugaderiaemporda.com\/fr\/wp-json\/wp\/v2\/pages"}],"about":[{"href":"https:\/\/bugaderiaemporda.com\/fr\/wp-json\/wp\/v2\/types\/page"}],"author":[{"embeddable":true,"href":"https:\/\/bugaderiaemporda.com\/fr\/wp-json\/wp\/v2\/users\/1"}],"replies":[{"embeddable":true,"href":"https:\/\/bugaderiaemporda.com\/fr\/wp-json\/wp\/v2\/comments?post=25186"}],"version-history":[{"count":5,"href":"https:\/\/bugaderiaemporda.com\/fr\/wp-json\/wp\/v2\/pages\/25186\/revisions"}],"predecessor-version":[{"id":25331,"href":"https:\/\/bugaderiaemporda.com\/fr\/wp-json\/wp\/v2\/pages\/25186\/revisions\/25331"}],"wp:attachment":[{"href":"https:\/\/bugaderiaemporda.com\/fr\/wp-json\/wp\/v2\/media?parent=25186"}],"curies":[{"name":"wp","href":"https:\/\/api.w.org\/{rel}","templated":true}]}}