{"id":25178,"date":"2019-11-18T14:17:44","date_gmt":"2019-11-18T12:17:44","guid":{"rendered":"http:\/\/bugaderiaemporda.efimatica.com\/rentat\/"},"modified":"2020-01-09T17:04:06","modified_gmt":"2020-01-09T15:04:06","slug":"blanchiment","status":"publish","type":"page","link":"https:\/\/bugaderiaemporda.com\/fr\/blanchiment\/","title":{"rendered":"Blanchiment"},"content":{"rendered":"<p>[vc_row full_width=\u00a0\u00bbstretch_row_content_no_spaces\u00a0\u00bb css=\u00a0\u00bb.vc_custom_1574844138680{margin-bottom: 0px !important;background-color: #fbfbfb !important;}\u00a0\u00bb][vc_column]<h1 class=\"boc_heading  center  \"  style=\"margin-bottom: 50px;margin-top: 50px;color: #00adef;font-size: 50px;\"><span>LE BLANC DE L\u2019EXCELLENCE<\/span><\/h1>[\/vc_column][\/vc_row][vc_row full_width=\u00a0\u00bbstretch_row_content_no_spaces\u00a0\u00bb css=\u00a0\u00bb.vc_custom_1574154685961{margin-top: 0px !important;margin-bottom: 0px !important;padding-top: 0px !important;padding-bottom: 0px !important;}\u00a0\u00bb][vc_column]\n<div id=\"rev_slider_8_1_wrapper\" class=\"rev_slider_wrapper fullwidthbanner-container\" data-source=\"gallery\" style=\"margin:0px auto;background:transparent;padding:0px;margin-top:0px;margin-bottom:0px;\">\n<!-- START REVOLUTION SLIDER 5.4.8.1 auto mode -->\n\t<div id=\"rev_slider_8_1\" class=\"rev_slider fullwidthabanner\" style=\"display:none;\" data-version=\"5.4.8.1\">\n<ul>\t<!-- SLIDE  -->\n\t<li data-index=\"rs-32\" data-transition=\"fade\" data-slotamount=\"default\" data-hideafterloop=\"0\" data-hideslideonmobile=\"off\"  data-easein=\"default\" data-easeout=\"default\" data-masterspeed=\"300\"  data-rotate=\"0\"  data-saveperformance=\"off\"  data-title=\"Slide\" data-param1=\"\" data-param2=\"\" data-param3=\"\" data-param4=\"\" data-param5=\"\" data-param6=\"\" data-param7=\"\" data-param8=\"\" data-param9=\"\" data-param10=\"\" data-description=\"\">\n\t\t<!-- MAIN IMAGE -->\n\t\t<img loading=\"lazy\" decoding=\"async\" src=\"https:\/\/bugaderiaemporda.com\/wp-content\/uploads\/2019\/11\/bugaderia-img-rentat-01.jpg\"  alt=\"\" title=\"bugaderia-img-rentat-01\"  width=\"1200\" height=\"500\" data-bgposition=\"center center\" data-bgfit=\"cover\" data-bgrepeat=\"no-repeat\" class=\"rev-slidebg\" data-no-retina>\n\t\t<!-- LAYERS -->\n\t<\/li>\n<\/ul>\n<div class=\"tp-bannertimer tp-bottom\" style=\"visibility: hidden !important;\"><\/div>\t<\/div>\n<script>var htmlDiv = document.getElementById(\"rs-plugin-settings-inline-css\"); var htmlDivCss=\"\";\n\t\t\t\tif(htmlDiv) {\n\t\t\t\t\thtmlDiv.innerHTML = htmlDiv.innerHTML + htmlDivCss;\n\t\t\t\t}else{\n\t\t\t\t\tvar htmlDiv = document.createElement(\"div\");\n\t\t\t\t\thtmlDiv.innerHTML = \"<style>\" + htmlDivCss + \"<\/style>\";\n\t\t\t\t\tdocument.getElementsByTagName(\"head\")[0].appendChild(htmlDiv.childNodes[0]);\n\t\t\t\t}\n\t\t\t<\/script>\n\t\t<script type=\"text\/javascript\">\nif (setREVStartSize!==undefined) setREVStartSize(\n\t{c: '#rev_slider_8_1', responsiveLevels: [1240,1024,778,480], gridwidth: [1240,1024,778,480], gridheight: [500,450,300,280], sliderLayout: 'auto'});\n\t\t\t\nvar revapi8,\n\ttpj;\t\n(function() {\t\t\t\n\tif (!\/loaded|interactive|complete\/.test(document.readyState)) document.addEventListener(\"DOMContentLoaded\",onLoad); else onLoad();\t\n\tfunction onLoad() {\t\t\t\t\n\t\tif (tpj===undefined) { tpj = jQuery; if(\"off\" == \"on\") tpj.noConflict();}\n\tif(tpj(\"#rev_slider_8_1\").revolution == undefined){\n\t\trevslider_showDoubleJqueryError(\"#rev_slider_8_1\");\n\t}else{\n\t\trevapi8 = tpj(\"#rev_slider_8_1\").show().revolution({\n\t\t\tsliderType:\"standard\",\n\t\t\tjsFileLocation:\"\/\/bugaderiaemporda.com\/wp-content\/plugins\/revslider-\/public\/assets\/js\/\",\n\t\t\tsliderLayout:\"auto\",\n\t\t\tdottedOverlay:\"none\",\n\t\t\tdelay:9000,\n\t\t\tnavigation: {\n\t\t\t\tonHoverStop:\"off\",\n\t\t\t},\n\t\t\tresponsiveLevels:[1240,1024,778,480],\n\t\t\tvisibilityLevels:[1240,1024,778,480],\n\t\t\tgridwidth:[1240,1024,778,480],\n\t\t\tgridheight:[500,450,300,280],\n\t\t\tlazyType:\"none\",\n\t\t\tshadow:0,\n\t\t\tspinner:\"spinner0\",\n\t\t\tstopLoop:\"off\",\n\t\t\tstopAfterLoops:-1,\n\t\t\tstopAtSlide:-1,\n\t\t\tshuffle:\"off\",\n\t\t\tautoHeight:\"off\",\n\t\t\tdisableProgressBar:\"on\",\n\t\t\thideThumbsOnMobile:\"off\",\n\t\t\thideSliderAtLimit:0,\n\t\t\thideCaptionAtLimit:0,\n\t\t\thideAllCaptionAtLilmit:0,\n\t\t\tdebugMode:false,\n\t\t\tfallbacks: {\n\t\t\t\tsimplifyAll:\"off\",\n\t\t\t\tnextSlideOnWindowFocus:\"off\",\n\t\t\t\tdisableFocusListener:false,\n\t\t\t}\n\t\t});\n\t}; \/* END OF revapi call *\/\n\t\n }; \/* END OF ON LOAD FUNCTION *\/\n}()); \/* END OF WRAPPING FUNCTION *\/\n<\/script>\n\t\t<\/div><!-- END REVOLUTION SLIDER -->[\/vc_column][\/vc_row][vc_row equal_height=\u00a0\u00bbyes\u00a0\u00bb css=\u00a0\u00bb.vc_custom_1574071631455{margin-top: 0px !important;margin-right: 0px !important;margin-bottom: 0px !important;margin-left: 0px !important;padding-top: 60px !important;padding-bottom: 60px !important;}\u00a0\u00bb][vc_column width=\u00a0\u00bb2\/3&Prime; el_class=\u00a0\u00bbequal_height_column white_color\u00a0\u00bb]<h2 class=\"boc_heading  al_left  \"  style=\"margin-bottom: 20px;margin-top: 0px;color: #333333;font-size: 30px;\"><span>L\u2019EXIGENCE DE LA SP\u00c9CIALISATION<\/span><\/h2>[vc_column_text]Contrairement \u00e0 d\u2019autres fournisseurs, la sp\u00e9cialisation de Bugaderia l\u2019Empord\u00e0 en mati\u00e8re de blanchissage de linge pour les h\u00f4tels, l\u2019exigence de la qualit\u00e9 de nos clients d\u2019hygi\u00e8ne, de repassage, de blancheur et d\u2019emballage est de loin sup\u00e9rieure.<\/p>\n<p>Le fait de ne travailler ni pour le secteur hospitalier ni pour celui industriel implique un engagement total avec la garantie d\u2019un blanchissage parfait qui garantit que le linge, n\u2019est m\u00e9lang\u00e9 ni contamin\u00e9 \u00e0 aucun moment du processus de blanchissage par du linge \u00e0 usage chirurgical, ou en contact avec de la viande, etc.<\/p>\n<p>Pour Bugaderia l\u2019Empord\u00e0 le blanchissage parfait est celui qui nettoie les taches sans ab\u00eemer le linge, le rendant doux et lui apportant un excellent niveau de blancheur.[\/vc_column_text]<div class=\"boc_spacing \" style=\"height: 20px\"><\/div>[\/vc_column][vc_column width=\u00a0\u00bb1\/3&Prime; el_class=\u00a0\u00bbequal_height_column\u00a0\u00bb css=\u00a0\u00bb.vc_custom_1574785876494{background-position: center !important;background-repeat: no-repeat !important;background-size: cover !important;}\u00a0\u00bb]<h2 class=\"boc_heading  al_left  \"  style=\"margin-bottom: 20px;margin-top: 0px;color: #333333;font-size: 30px;\"><span>LA BLANCHISSERIE PARFAITE<\/span><\/h2>[vc_column_text]Afin de garantir le maximum de qualit\u00e9, nous envoyons des \u00e9chantillons pour qu\u2019ils soient analys\u00e9s par des laboratoires externes afin de d\u00e9terminer:[\/vc_column_text]<div class=\"boc_list_item  \" >\n\t\t\t\t\t<span class=\"li_icon normal \" style=\"\"><i class=\"icon icon-check2\" style=\"color: #00adef;\"><\/i><\/span>\n\t\t\t\t\t<div class=\"boc_list_item_text normal\">Le degr\u00e9 de blancheur<\/div>\n\t\t\t\t   <\/div><div class=\"boc_list_item  \" >\n\t\t\t\t\t<span class=\"li_icon normal \" style=\"\"><i class=\"icon icon-check2\" style=\"color: #00adef;\"><\/i><\/span>\n\t\t\t\t\t<div class=\"boc_list_item_text normal\">Le contr\u00f4le du PH du processus de blanchissage<\/div>\n\t\t\t\t   <\/div><div class=\"boc_list_item  \" >\n\t\t\t\t\t<span class=\"li_icon normal \" style=\"\"><i class=\"icon icon-check2\" style=\"color: #00adef;\"><\/i><\/span>\n\t\t\t\t\t<div class=\"boc_list_item_text normal\">Le contr\u00f4le des incrustations dans le linge<\/div>\n\t\t\t\t   <\/div><div class=\"boc_spacing \" style=\"height: 20px\"><\/div><a\thref=\"\/contacte\" \n\t\t\t\tclass=\"button btn_medium btn_dark btn_circled btn_outline icon_pos_after   \"  target='_self'><span>CONTACTEZ-NOUS<\/span> <i class='icon icon-chevron-right'><\/i> <\/a><div class=\"boc_spacing \" style=\"height: 20px\"><\/div>[\/vc_column][\/vc_row][vc_row full_width=\u00a0\u00bbstretch_row\u00a0\u00bb css=\u00a0\u00bb.vc_custom_1574850536117{margin-top: 0px !important;margin-bottom: 0px !important;padding-top: 80px !important;padding-bottom: 80px !important;background-color: #fbfbfb !important;}\u00a0\u00bb][vc_column]\n\t\t<!--New Tabs-->\n\t\t<div class=\"newtabs clearfix vertical  minimal_style\">\n\t\t\t<ul class=\"resp-tabs-list\">\n\t\t\t<\/ul>\n\t\t\t<div class=\"resp-tabs-container\">\n\t\t<div class=\"single_tab_div\" rel-title=\"Obsession pour la blancheur\" rel-icon=\"\">[vc_row_inner][vc_column_inner width=\u00a0\u00bb1\/2&Prime;]<h2 class=\"boc_heading  al_left  \"  style=\"margin-bottom: 20px;margin-top: 0px;color: #00adef;\"><span>OBSESSION POUR LA BLANCHEUR<\/span><\/h2>[vc_column_text]Une fois le linge blanchi correctement, notre objectif principal consiste \u00e0 obtenir un excellent degr\u00e9 de blancheur. Nous pouvons ainsi garantir que notre linge a une prestance et une image de blancheur spectaculaire, signe de propret\u00e9 et de soin.[\/vc_column_text]<div class=\"boc_spacing \" style=\"height: 20px\"><\/div>[\/vc_column_inner][vc_column_inner width=\u00a0\u00bb1\/2&Prime;][vc_single_image alignment=\u00a0\u00bbcenter\u00a0\u00bb image=\u00a0\u00bb23918&Prime;]<div class=\"boc_spacing \" style=\"height: 20px\"><\/div>[\/vc_column_inner][\/vc_row_inner]<\/div><div class=\"single_tab_div\" rel-title=\"Niveau de blanc berger (optique)\" rel-icon=\"\">[vc_row_inner][vc_column_inner width=\u00a0\u00bb1\/2&Prime;]<h2 class=\"boc_heading  al_left  \"  style=\"margin-bottom: 20px;margin-top: 0px;color: #00adef;\"><span>NIVEAU DE BLANC BERGER (OPTIQUE)<\/span><\/h2>[vc_column_text]Le degr\u00e9 de blancheur consid\u00e9r\u00e9 comme \u00e9tant acceptable par l\u2019industrie, apr\u00e8s des blanchissages successifs se situe \u00e0 partir de 130\u00ba Berger, plus de 150\u00ba \u00e9tant consid\u00e9r\u00e9 comme excellent.<\/p>\n<p>Les valeurs obtenues par Bugaderia l\u2019Empord\u00e0 lors de nos contr\u00f4les p\u00e9riodiques approchent toujours les 160\u00ba Berger.[\/vc_column_text]<div class=\"boc_spacing \" style=\"height: 20px\"><\/div>[\/vc_column_inner][vc_column_inner width=\u00a0\u00bb1\/2&Prime;][vc_single_image alignment=\u00a0\u00bbcenter\u00a0\u00bb image=\u00a0\u00bb23925&Prime;]<div class=\"boc_spacing \" style=\"height: 20px\"><\/div>[\/vc_column_inner][\/vc_row_inner]<\/div><div class=\"single_tab_div\" rel-title=\"Niveau de blanc Ganszgriesser\" rel-icon=\"\">[vc_row_inner][vc_column_inner width=\u00a0\u00bb1\/2&Prime;]<h2 class=\"boc_heading  al_left  \"  style=\"margin-bottom: 20px;margin-top: 0px;color: #00adef;\"><span>NIVEAU DE BLANC GANSZGRIESSER<\/span><\/h2>[vc_column_text]Cette mesure du degr\u00e9 de blancheur est plus utilis\u00e9e dans des pays tels que l\u2019Allemagne ou la Suisse et elle \u00e9tablit des valeurs correctes de 185 \u00e0 210. Le degr\u00e9 de blancheur atteint par Bugaderia l\u2019Empord\u00e0 pour ces param\u00e8tres est de 220 \u00e0 235.[\/vc_column_text]<div class=\"boc_spacing \" style=\"height: 20px\"><\/div>[\/vc_column_inner][vc_column_inner width=\u00a0\u00bb1\/2&Prime;][vc_single_image alignment=\u00a0\u00bbcenter\u00a0\u00bb image=\u00a0\u00bb23925&Prime;]<div class=\"boc_spacing \" style=\"height: 20px\"><\/div>[\/vc_column_inner][\/vc_row_inner]<\/div><div class=\"single_tab_div\" rel-title=\"Contr\u00f4le du pH du processus de blanchissage et rin\u00e7age\" rel-icon=\"\">[vc_row_inner][vc_column_inner width=\u00a0\u00bb1\/2&Prime;]<h2 class=\"boc_heading  al_left  \"  style=\"margin-bottom: 20px;margin-top: 0px;color: #00adef;\"><span>CONTR\u00d4LE DU PH DU PROCESSUS DE BLANCHISSAGE ET RIN\u00c7AGE<\/span><\/h2>[vc_column_text]Le pH lors du rin\u00e7age et la neutralisation du linge sont une valeur importante \u00e0 contr\u00f4ler vu qu\u2019un pH \u00e9lev\u00e9 peut provoquer des irritations de la peau alors qu\u2019un pH faible affecte le tissu en coton.[\/vc_column_text]<div class=\"boc_spacing \" style=\"height: 20px\"><\/div>[\/vc_column_inner][vc_column_inner width=\u00a0\u00bb1\/2&Prime;][vc_single_image alignment=\u00a0\u00bbcenter\u00a0\u00bb image=\u00a0\u00bb23927&Prime;]<div class=\"boc_spacing \" style=\"height: 20px\"><\/div>[\/vc_column_inner][\/vc_row_inner]<\/div><div class=\"single_tab_div\" rel-title=\"Contr\u00f4le des \u00e9ventuelles incrustations et durabilit\u00e9 du linge\" rel-icon=\"\">[vc_row_inner][vc_column_inner width=\u00a0\u00bb1\/2&Prime;]<h2 class=\"boc_heading  al_left  \"  style=\"margin-bottom: 20px;margin-top: 0px;color: #00adef;\"><span>CONTR\u00d4LE DES \u00c9VENTUELLES INCRUSTATIONS ET DURABILIT\u00c9 DU LINGE<\/span><\/h2>[vc_column_text]Nous effectuons un contr\u00f4le des incrustations en brulant le linge dans un four \u00e0 800\u00ba C et les restes min\u00e9raux, de calcaire, etc. etc. Nous mesurons r\u00e9guli\u00e8rement le DP ou \u00ab\u00a0degree of polimerization\u00a0\u00bb pour d\u00e9terminer si le linge est en bon \u00e9tat ou non, mesurant sa r\u00e9sistance \u00e0 la rupture.[\/vc_column_text]<div class=\"boc_spacing \" style=\"height: 20px\"><\/div>[\/vc_column_inner][vc_column_inner width=\u00a0\u00bb1\/2&Prime;][vc_single_image alignment=\u00a0\u00bbcenter\u00a0\u00bb image=\u00a0\u00bb23928&Prime;]<div class=\"boc_spacing \" style=\"height: 20px\"><\/div>[\/vc_column_inner][\/vc_row_inner]<\/div><\/div>\n\t\t\t\t<\/div>[\/vc_column][\/vc_row][vc_row full_width=\u00a0\u00bbstretch_row\u00a0\u00bb bg_type=\u00a0\u00bbbg_color\u00a0\u00bb enable_overlay=\u00a0\u00bboff\u00a0\u00bb el_class=\u00a0\u00bbwhite_text\u00a0\u00bb css=\u00a0\u00bb.vc_custom_1573808681791{margin-bottom: 0px !important;padding-top: 24px !important;padding-bottom: 20px !important;}\u00a0\u00bb bg_color_value=\u00a0\u00bb#00adef\u00a0\u00bb][vc_column]<div class=\"text_box calltoactionblau box_no_bgr \"><div class=\"text_box_content with_button\"><h2>Voulez-vous en savoir plus sur la qualit\u00e9 de nos produits et services?<\/h2>\n\t\t\t\t\t<p><\/p>\n\t\t\t\t<\/div><div class=\"btn_holder\"><a\thref=\"\/fr\/contact\/\" \n\t\t\t\t\tclass=\"button  btn_medium_stretched btn_white btn_circled btn_outline icon_pos_after \"  target='_self'><span>CONTACTEZ-NOUS<\/span> <i class='icon icon icon-angle-right2'><\/i> <\/a><\/div><\/div>[\/vc_column][\/vc_row]<\/p>\n","protected":false},"excerpt":{"rendered":"<p>[vc_row full_width=\u00a0\u00bbstretch_row_content_no_spaces\u00a0\u00bb css=\u00a0\u00bb.vc_custom_1574844138680{margin-bottom: 0px !important;background-color: #fbfbfb !important;}\u00a0\u00bb][vc_column][\/vc_column][\/vc_row][vc_row full_width=\u00a0\u00bbstretch_row_content_no_spaces\u00a0\u00bb css=\u00a0\u00bb.vc_custom_1574154685961{margin-top: 0px !important;margin-bottom: 0px !important;padding-top: 0px !important;padding-bottom: 0px !important;}\u00a0\u00bb][vc_column][\/vc_column][\/vc_row][vc_row equal_height=\u00a0\u00bbyes\u00a0\u00bb css=\u00a0\u00bb.vc_custom_1574071631455{margin-top: 0px !important;margin-right: 0px !important;margin-bottom: 0px !important;margin-left: 0px !important;padding-top: 60px !important;padding-bottom: 60px !important;}\u00a0\u00bb][vc_column width=\u00a0\u00bb2\/3&Prime; el_class=\u00a0\u00bbequal_height_column white_color\u00a0\u00bb][vc_column_text]Contrairement \u00e0 d\u2019autres fournisseurs, la sp\u00e9cialisation de Bugaderia l\u2019Empord\u00e0 en mati\u00e8re de blanchissage de linge pour les h\u00f4tels, l\u2019exigence de la qualit\u00e9 de nos clients d\u2019hygi\u00e8ne, de<\/p>\n<div class=\"h10\"><\/div>\n<p><a class=\"more-link2 flat\" href=\"https:\/\/bugaderiaemporda.com\/fr\/blanchiment\/\">Read more<\/a><\/p>\n","protected":false},"author":1,"featured_media":0,"parent":0,"menu_order":10,"comment_status":"open","ping_status":"closed","template":"","meta":{"footnotes":""},"class_list":["post-25178","page","type-page","status-publish","hentry"],"yoast_head":"<!-- This site is optimized with the Yoast SEO plugin v23.3 - https:\/\/yoast.com\/wordpress\/plugins\/seo\/ -->\n<title>Blanchiment - Bugaderia Empord\u00e0<\/title>\n<meta name=\"robots\" content=\"index, follow, max-snippet:-1, max-image-preview:large, max-video-preview:-1\" \/>\n<link rel=\"canonical\" href=\"https:\/\/bugaderiaemporda.com\/fr\/blanchiment\/\" \/>\n<meta property=\"og:locale\" content=\"fr_FR\" \/>\n<meta property=\"og:type\" content=\"article\" \/>\n<meta property=\"og:title\" content=\"Blanchiment - Bugaderia Empord\u00e0\" \/>\n<meta property=\"og:description\" content=\"[vc_row full_width=\u00a0\u00bbstretch_row_content_no_spaces\u00a0\u00bb css=\u00a0\u00bb.vc_custom_1574844138680{margin-bottom: 0px !important;background-color: #fbfbfb !important;}\u00a0\u00bb][vc_column][\/vc_column][\/vc_row][vc_row full_width=\u00a0\u00bbstretch_row_content_no_spaces\u00a0\u00bb css=\u00a0\u00bb.vc_custom_1574154685961{margin-top: 0px !important;margin-bottom: 0px !important;padding-top: 0px !important;padding-bottom: 0px !important;}\u00a0\u00bb][vc_column][\/vc_column][\/vc_row][vc_row equal_height=\u00a0\u00bbyes\u00a0\u00bb css=\u00a0\u00bb.vc_custom_1574071631455{margin-top: 0px !important;margin-right: 0px !important;margin-bottom: 0px !important;margin-left: 0px !important;padding-top: 60px !important;padding-bottom: 60px !important;}\u00a0\u00bb][vc_column width=\u00a0\u00bb2\/3&Prime; el_class=\u00a0\u00bbequal_height_column white_color\u00a0\u00bb][vc_column_text]Contrairement \u00e0 d\u2019autres fournisseurs, la sp\u00e9cialisation de Bugaderia l\u2019Empord\u00e0 en mati\u00e8re de blanchissage de linge pour les h\u00f4tels, l\u2019exigence de la qualit\u00e9 de nos clients d\u2019hygi\u00e8ne, deRead more\" \/>\n<meta property=\"og:url\" content=\"https:\/\/bugaderiaemporda.com\/fr\/blanchiment\/\" \/>\n<meta property=\"og:site_name\" content=\"Bugaderia Empord\u00e0\" \/>\n<meta property=\"article:modified_time\" content=\"2020-01-09T15:04:06+00:00\" \/>\n<meta property=\"og:image\" content=\"https:\/\/bugaderiaemporda.com\/wp-content\/uploads\/2019\/11\/bugaderia-logo-home-01.png\" \/>\n\t<meta property=\"og:image:width\" content=\"338\" \/>\n\t<meta property=\"og:image:height\" content=\"72\" \/>\n\t<meta property=\"og:image:type\" content=\"image\/png\" \/>\n<meta name=\"twitter:card\" content=\"summary_large_image\" \/>\n<meta name=\"twitter:label1\" content=\"Dur\u00e9e de lecture estim\u00e9e\" \/>\n\t<meta name=\"twitter:data1\" content=\"5 minutes\" \/>\n<script type=\"application\/ld+json\" class=\"yoast-schema-graph\">{\"@context\":\"https:\/\/schema.org\",\"@graph\":[{\"@type\":\"WebPage\",\"@id\":\"https:\/\/bugaderiaemporda.com\/fr\/blanchiment\/\",\"url\":\"https:\/\/bugaderiaemporda.com\/fr\/blanchiment\/\",\"name\":\"Blanchiment - Bugaderia Empord\u00e0\",\"isPartOf\":{\"@id\":\"https:\/\/bugaderiaemporda.com\/#website\"},\"datePublished\":\"2019-11-18T12:17:44+00:00\",\"dateModified\":\"2020-01-09T15:04:06+00:00\",\"breadcrumb\":{\"@id\":\"https:\/\/bugaderiaemporda.com\/fr\/blanchiment\/#breadcrumb\"},\"inLanguage\":\"fr-FR\",\"potentialAction\":[{\"@type\":\"ReadAction\",\"target\":[\"https:\/\/bugaderiaemporda.com\/fr\/blanchiment\/\"]}]},{\"@type\":\"BreadcrumbList\",\"@id\":\"https:\/\/bugaderiaemporda.com\/fr\/blanchiment\/#breadcrumb\",\"itemListElement\":[{\"@type\":\"ListItem\",\"position\":1,\"name\":\"Inici\",\"item\":\"https:\/\/bugaderiaemporda.com\/fr\/\"},{\"@type\":\"ListItem\",\"position\":2,\"name\":\"Blanchiment\"}]},{\"@type\":\"WebSite\",\"@id\":\"https:\/\/bugaderiaemporda.com\/#website\",\"url\":\"https:\/\/bugaderiaemporda.com\/\",\"name\":\"Bugaderia Empord\u00e0\",\"description\":\"Alta qualitat en renting t\u00e8xtil\",\"potentialAction\":[{\"@type\":\"SearchAction\",\"target\":{\"@type\":\"EntryPoint\",\"urlTemplate\":\"https:\/\/bugaderiaemporda.com\/?s={search_term_string}\"},\"query-input\":\"required name=search_term_string\"}],\"inLanguage\":\"fr-FR\"}]}<\/script>\n<!-- \/ Yoast SEO plugin. -->","yoast_head_json":{"title":"Blanchiment - Bugaderia Empord\u00e0","robots":{"index":"index","follow":"follow","max-snippet":"max-snippet:-1","max-image-preview":"max-image-preview:large","max-video-preview":"max-video-preview:-1"},"canonical":"https:\/\/bugaderiaemporda.com\/fr\/blanchiment\/","og_locale":"fr_FR","og_type":"article","og_title":"Blanchiment - Bugaderia Empord\u00e0","og_description":"[vc_row full_width=\u00a0\u00bbstretch_row_content_no_spaces\u00a0\u00bb css=\u00a0\u00bb.vc_custom_1574844138680{margin-bottom: 0px !important;background-color: #fbfbfb !important;}\u00a0\u00bb][vc_column][\/vc_column][\/vc_row][vc_row full_width=\u00a0\u00bbstretch_row_content_no_spaces\u00a0\u00bb css=\u00a0\u00bb.vc_custom_1574154685961{margin-top: 0px !important;margin-bottom: 0px !important;padding-top: 0px !important;padding-bottom: 0px !important;}\u00a0\u00bb][vc_column][\/vc_column][\/vc_row][vc_row equal_height=\u00a0\u00bbyes\u00a0\u00bb css=\u00a0\u00bb.vc_custom_1574071631455{margin-top: 0px !important;margin-right: 0px !important;margin-bottom: 0px !important;margin-left: 0px !important;padding-top: 60px !important;padding-bottom: 60px !important;}\u00a0\u00bb][vc_column width=\u00a0\u00bb2\/3&Prime; el_class=\u00a0\u00bbequal_height_column white_color\u00a0\u00bb][vc_column_text]Contrairement \u00e0 d\u2019autres fournisseurs, la sp\u00e9cialisation de Bugaderia l\u2019Empord\u00e0 en mati\u00e8re de blanchissage de linge pour les h\u00f4tels, l\u2019exigence de la qualit\u00e9 de nos clients d\u2019hygi\u00e8ne, deRead more","og_url":"https:\/\/bugaderiaemporda.com\/fr\/blanchiment\/","og_site_name":"Bugaderia Empord\u00e0","article_modified_time":"2020-01-09T15:04:06+00:00","og_image":[{"width":338,"height":72,"url":"https:\/\/bugaderiaemporda.com\/wp-content\/uploads\/2019\/11\/bugaderia-logo-home-01.png","type":"image\/png"}],"twitter_card":"summary_large_image","twitter_misc":{"Dur\u00e9e de lecture estim\u00e9e":"5 minutes"},"schema":{"@context":"https:\/\/schema.org","@graph":[{"@type":"WebPage","@id":"https:\/\/bugaderiaemporda.com\/fr\/blanchiment\/","url":"https:\/\/bugaderiaemporda.com\/fr\/blanchiment\/","name":"Blanchiment - Bugaderia Empord\u00e0","isPartOf":{"@id":"https:\/\/bugaderiaemporda.com\/#website"},"datePublished":"2019-11-18T12:17:44+00:00","dateModified":"2020-01-09T15:04:06+00:00","breadcrumb":{"@id":"https:\/\/bugaderiaemporda.com\/fr\/blanchiment\/#breadcrumb"},"inLanguage":"fr-FR","potentialAction":[{"@type":"ReadAction","target":["https:\/\/bugaderiaemporda.com\/fr\/blanchiment\/"]}]},{"@type":"BreadcrumbList","@id":"https:\/\/bugaderiaemporda.com\/fr\/blanchiment\/#breadcrumb","itemListElement":[{"@type":"ListItem","position":1,"name":"Inici","item":"https:\/\/bugaderiaemporda.com\/fr\/"},{"@type":"ListItem","position":2,"name":"Blanchiment"}]},{"@type":"WebSite","@id":"https:\/\/bugaderiaemporda.com\/#website","url":"https:\/\/bugaderiaemporda.com\/","name":"Bugaderia Empord\u00e0","description":"Alta qualitat en renting t\u00e8xtil","potentialAction":[{"@type":"SearchAction","target":{"@type":"EntryPoint","urlTemplate":"https:\/\/bugaderiaemporda.com\/?s={search_term_string}"},"query-input":"required name=search_term_string"}],"inLanguage":"fr-FR"}]}},"_links":{"self":[{"href":"https:\/\/bugaderiaemporda.com\/fr\/wp-json\/wp\/v2\/pages\/25178"}],"collection":[{"href":"https:\/\/bugaderiaemporda.com\/fr\/wp-json\/wp\/v2\/pages"}],"about":[{"href":"https:\/\/bugaderiaemporda.com\/fr\/wp-json\/wp\/v2\/types\/page"}],"author":[{"embeddable":true,"href":"https:\/\/bugaderiaemporda.com\/fr\/wp-json\/wp\/v2\/users\/1"}],"replies":[{"embeddable":true,"href":"https:\/\/bugaderiaemporda.com\/fr\/wp-json\/wp\/v2\/comments?post=25178"}],"version-history":[{"count":5,"href":"https:\/\/bugaderiaemporda.com\/fr\/wp-json\/wp\/v2\/pages\/25178\/revisions"}],"predecessor-version":[{"id":25334,"href":"https:\/\/bugaderiaemporda.com\/fr\/wp-json\/wp\/v2\/pages\/25178\/revisions\/25334"}],"wp:attachment":[{"href":"https:\/\/bugaderiaemporda.com\/fr\/wp-json\/wp\/v2\/media?parent=25178"}],"curies":[{"name":"wp","href":"https:\/\/api.w.org\/{rel}","templated":true}]}}