{"id":25274,"date":"2019-11-21T11:58:30","date_gmt":"2019-11-21T09:58:30","guid":{"rendered":"http:\/\/bugaderiaemporda.efimatica.com\/politica-de-privacitat\/"},"modified":"2024-06-03T12:12:19","modified_gmt":"2024-06-03T10:12:19","slug":"politica-de-proteccion-de-datos","status":"publish","type":"page","link":"https:\/\/bugaderiaemporda.com\/es\/politica-de-proteccion-de-datos\/","title":{"rendered":"Pol\u00edtica de protecci\u00f3n de datos"},"content":{"rendered":"<p>[vc_row full_width=\u00bbstretch_row_content_no_spaces\u00bb css=\u00bb.vc_custom_1574071008328{margin-bottom: 0px !important;background-color: #d7d7d7 !important;}\u00bb][vc_column]<h1 class=\"boc_heading  center  \"  style=\"margin-bottom: 50px;margin-top: 50px;color: #00adef;font-size: 50px;\"><span>POL\u00cdTICA DE PROTECCI\u00d3N DE DATOS<\/span><\/h1>[\/vc_column][\/vc_row][vc_row css=\u00bb.vc_custom_1574326821590{padding-top: 80px !important;padding-bottom: 80px !important;}\u00bb][vc_column][vc_column_text]Esta es la pol\u00edtica de protecci\u00f3n de datos de Bugaderia l\u2019Empord\u00e0 S.A. Hace referencia a los datos que trata en el ejercicio de sus actividades de prestaci\u00f3n de servicios de limpieza y alquiler de ropa especializada en el sector hotelero dando cumplimento al Reglamento General de Protecci\u00f3n de Datos (Reglamento (UE) 2016\/679 del Parlamento Europeo y del Consejo, de 27 de abril de 2016, y a la Ley Org\u00e1nica 3\/2018, de Protecci\u00f3n de Datos Personales y garant\u00eda de los derechos digitales.<\/p>\n<p><strong>\u00bfQui\u00e9n es el responsable del tratamiento de los datos personales?<\/strong><\/p>\n<p>El responsable del tratamiento de los datos personales es Bugaderia l\u2019Empord\u00e0 S.A. (de ahora en adelante, Bugaderia l\u2019Empord\u00e0), con CIF A17165432 y domicilio en la Avinguda Punt\u00fc\u00ed, 13, pol\u00edgono El Rissech, de Cor\u00e7\u00e0 (CP 17121), tel. 972 64 31 48,\u00a0<a href=\"mailto:atencion.cliente@bugaderiaemporda.com \">atencion.cliente@bugaderiaemporda.com <\/a>,\u00a0<a href=\"http:\/\/www.bugaderiaemporda.com\/\">www.bugaderiaemporda.com<\/a>. Figura inscrita en el Registre Mercantil de Girona, volumen 447.<\/p>\n<p><strong>\u00bfCon qu\u00e9 finalidad tratamos los datos?<\/strong><\/p>\n<p>En Bugaderia l\u2019Empord\u00e0 tratamos los datos personales para las siguientes finalidades.<\/p>\n<p><u>Contacto<\/u><u>.<\/u>\u00a0Atender las consultas de las personas que contactan con nosotros mediante formularios de contacto de nuestra p\u00e1gina web. Los utilizamos \u00fanicamente para este fin.<\/p>\n<p><u>Atenci\u00f3n telef\u00f3nica<\/u><u>.<\/u>\u00a0Atender telef\u00f3nicamente las personas que se ponen en contacto con nosotros por esta v\u00eda. Para ofrecer m\u00e1s calidad en el servicio, las conversaciones pueden grabarse siendo previamente advertida la persona con la que nos comunicamos.<\/p>\n<p><u>Selecci\u00f3n de personal.<\/u>\u00a0Recepci\u00f3n de\u00a0<em>curriculums vitae<\/em>\u00a0que nos mandan personas interesadas en trabajar con nosotros y gesti\u00f3n de los datos personales que se generan para la participaci\u00f3n en los procesos de selecci\u00f3n de personal, con la finalidad de analizar la adecuaci\u00f3n del perfil de los candidatos en funci\u00f3n de los puestos vacantes o de nueva creaci\u00f3n. Nuestro criterio es conservar, durante un plazo m\u00e1ximo de un a\u00f1o, tambi\u00e9n los datos de las personas que no terminen siendo contratadas por si, a corto plazo, se produce una nueva vacante o un nuevo puesto de trabajo. No obstante, en este \u00faltimo caso, eliminamos inmediatamente los datos si la persona interesada nos lo pide.<\/p>\n<p><u>Servicios a los clientes<\/u><u>.<\/u>\u00a0Registrar los nuevos clientes y los datos adicionales que se puedan generar como resultado de la relaci\u00f3n comercial con los clientes. En el proceso de contrataci\u00f3n se piden los datos imprescindibles, entre los que deben figurar datos bancarios (n\u00famero de cuenta corriente o tarjeta de cr\u00e9dito) que ser\u00e1n comunicados a entidades bancarias que gestionan el cobro (\u00fanicamente los pueden usar con esta finalidad). La relaci\u00f3n de prestaci\u00f3n de servicios comporta otros tratamientos, como el de incorporar los datos en la contabilidad, la facturaci\u00f3n o informaci\u00f3n en la administraci\u00f3n tributaria.<\/p>\n<p><u>Informaci\u00f3n de nuestros productos y servicios.<\/u>\u00a0Mientras existe relaci\u00f3n contractual con sus clientes, Bugaderia l\u2019Empord\u00e0 utiliza sus datos de contacto para comunicar informaci\u00f3n propia de esta relaci\u00f3n, informaci\u00f3n que podr\u00e1 circunstancialmente incluir referencias de nuestros productos o servicios, ya sean de car\u00e1cter general o referidos m\u00e1s espec\u00edficamente a las caracter\u00edsticas y necesidades del cliente.<\/p>\n<p><u>Gesti\u00f3n de los datos de nuestros proveedores.<\/u>\u00a0Registramos y tratamos los datos de los proveedores de quienes obtenemos servicios o bienes. Pueden ser los datos de personas que act\u00faan como aut\u00f3nomos y tambi\u00e9n datos de representantes de personas jur\u00eddicas. Obtenemos los datos imprescindibles para mantener la relaci\u00f3n comercial, los destinamos \u00fanicamente a esta finalidad y hacemos el uso propio de este tipo de relaci\u00f3n.<\/p>\n<p><u>Video vigilancia.<\/u>\u00a0En el acceso a nuestras instalaciones se informa, cuando es el caso, de la existencia de c\u00e1maras de video vigilancia mediante los carteles homologados. Las c\u00e1maras graban im\u00e1genes solo de los puntos en los que es justificado para garantizar la seguridad de los bienes y de las personas y las im\u00e1genes se usan \u00fanicamente para esta finalidad.<\/p>\n<p><u>Usuarios de nuestra web<\/u>. El sistema de navegaci\u00f3n y la programaci\u00f3n que posibilita el funcionamiento de nuestra web recogen datos que, ordinariamente, se generan en el uso de los protocolos de Internet. En esta categor\u00eda de datos est\u00e1, entre otras cosas, la direcci\u00f3n IP o nombre de dominio del ordenador utilizado por la persona que se conecta al sitio web. Esta informaci\u00f3n no se asocia a personas usuarias concretas y se utiliza con la finalidad exclusiva de obtener informaci\u00f3n estad\u00edstica sobre el uso del sitio web. Nuestra web utiliza galletas (cookies) que permiten la identificaci\u00f3n de personas f\u00edsicas concretas, usuarias del sitio. El uso de las cookies se reserva para recoger informaci\u00f3n t\u00e9cnica para facilitar la accesibilidad y el uso eficiente del sitio.<\/p>\n<p><u>Otros canales de obtenci\u00f3n de datos.<\/u>\u00a0Obtenemos tambi\u00e9n datos mediante relaciones presenciales y otros canales como la recepci\u00f3n de correos electr\u00f3nicos. En todos los casos, los datos se destinan solo a finalidades expl\u00edcitas que justifican la recogida y tratamiento.<\/p>\n<p><strong>\u00bfCu\u00e1l es la legitimaci\u00f3n legal para el tratamiento de los datos?<\/strong><\/p>\n<p>Los tratamientos de datos que llevamos a cabo tienen distintas bases legales, seg\u00fan la naturaleza de cada tratamiento.<\/p>\n<p><u>En cumplimiento de una relaci\u00f3n precontractual.<\/u>\u00a0Caso de los datos de posibles clientes o proveedores con quien tenemos relaciones previas a la formalizaci\u00f3n de una relaci\u00f3n contractual, como la elaboraci\u00f3n o el estudio de presupuestos. Es tambi\u00e9n el caso del tratamiento de datos de personas que nos han hecho llegar su\u00a0<em>curriculum vitae<\/em>\u00a0o que participan en procesos selectivos.<\/p>\n<p><u>En cumplimiento de una relaci\u00f3n contractual.<\/u>\u00a0Caso de las relaciones con nuestros clientes y proveedores y todas las actuaciones y usos que est\u00e1n relaciones conllevan.<\/p>\n<p><u>En cumplimiento de obligaciones legales.<\/u>\u00a0Las comunicaciones de datos a la administraci\u00f3n tributaria vienen establecidas por normas reguladoras de las relaciones comerciales. Puede producirse el caso de tener que comunicar datos a \u00f3rganos judiciales o cuerpos y fuerzas de seguridad tambi\u00e9n en cumplimiento de normas legales que obligaci\u00f3n a colaborar con estos estamentos p\u00fablicos.<\/p>\n<p><u>En base al consentimiento<\/u>. Cuando realizamos env\u00edos de informaci\u00f3n de nuestros productos o servicios, tratamos los datos de contacto de los receptores con su autorizaci\u00f3n o consentimiento expl\u00edcito. Los datos de navegaci\u00f3n que podamos obtener mediante cookies, los obtenemos con el consentimiento de la persona que visita nuestra web, consentimiento que puede revocarse en cualquier momento desinstalando estas cookies.<\/p>\n<p><u>Por inter\u00e9s leg\u00edtimo<\/u>. Las im\u00e1genes que obtenemos con las c\u00e1maras de video vigilancia se tratan por el inter\u00e9s leg\u00edtimo de nuestra empresa de preservar sus bienes e instalaciones. Nuestro inter\u00e9s leg\u00edtimo justifica tambi\u00e9n el tratamiento de datos que obtenemos de los formularios de contacto.<\/p>\n<p><strong>\u00bfA qui\u00e9n se comunican los datos?<\/strong><\/p>\n<p>Como criterio general, \u00fanicamente comunicamos datos a administraciones o poderes p\u00fablicos y siempre en cumplimento de obligaciones legales. En la emisi\u00f3n de facturas a clientes, los datos se pueden comunicar a entidades bancarias. En casos justificados, comunicaremos los datos a los cuerpos y fuerzas de seguridad o a los \u00f3rganos judiciales competentes. No se realizan transferencias de datos fuera del \u00e1mbito de la Uni\u00f3n Europea (transferencia internacional).<\/p>\n<p>En otro sentido, para determinadas tareas obtenemos los servicios de empresas o personas que nos aportan su experiencia y especializaci\u00f3n. En algunas ocasiones, estas empresas externas tienen que acceder a datos personales de nuestra responsabilidad. No se trata propiamente de una cesi\u00f3n de datos, sino de un encargo de tratamiento. \u00danicamente se contratan servicios de empresas que garantizan el cumplimiento de la normativa de protecci\u00f3n de datos. En el momento de la contrataci\u00f3n se formalizan sus obligaciones de confidencialidad y se hace un seguimiento de su actuaci\u00f3n. Puede ser el caso de servicios de alojamientos de datos, de servicios de soporte inform\u00e1tico o de asesor\u00edas jur\u00eddicas, contables o fiscales.<\/p>\n<p><strong>\u00bfCu\u00e1nto tiempo conservamos los datos?<\/strong><\/p>\n<p>Cumplimos la obligaci\u00f3n legal de limitar al m\u00e1ximo el plazo de conservaci\u00f3n de los datos. Por este motivo se conservan solo el tiempo necesario y justificado para la finalidad que motiv\u00f3 su obtenci\u00f3n. En determinados casos, como los datos que figuran en la documentaci\u00f3n contable y la facturaci\u00f3n, la normativa fiscal obliga a conservarlos hasta que no prescriban las responsabilidades en esta materia. En el caso de los datos que se tratan en base al consentimiento de la persona interesada, se conservan hasta que esta persona no revoca dicho consentimiento. Las im\u00e1genes obtenidas por las c\u00e1maras de video vigilancia se conservan como m\u00e1ximo durante un mes, si bien en el caso de incidentes que lo justifiquen pueden conservarse el tiempo necesario para facilitar las actuaciones de los cuerpos y fuerzas de seguridad o de los \u00f3rganos judiciales.<\/p>\n<p><strong>\u00bfQu\u00e9 derechos tienen las personas en relaci\u00f3n a los datos que tratamos?<\/strong><\/p>\n<p>Tal como prev\u00e9 el Reglamento General de Protecci\u00f3n de Datos, las personas cuyos datos tratamos tienen los siguientes derechos:<\/p>\n<p><u>A saber si se tratan<\/u>. Cualquier persona tiene, en primer lugar, derecho a saber si nosotros tratamos sus datos, independientemente de que haya existido o no una relaci\u00f3n previa.<\/p>\n<p><u>A ser informado en la recogida<\/u>. Cuando los datos personales se obtienen directamente del interesado, en el momento de proporcionarlos este debe tener informaci\u00f3n clara de las finalidades a las que se destinar\u00e1n, de qui\u00e9n ser\u00e1 el responsable del tratamiento y del resto de aspectos derivados de dicho tratamiento.<\/p>\n<p><u>A acceder a ellos<\/u>. Derecho muy amplio que incluye el de saber con precisi\u00f3n qu\u00e9 datos personales son objeto de tratamiento, cu\u00e1l es la finalidad para la que se tratan, las comunicaciones a otras personas que se har\u00e1n de ellos (si es el caso) o el derecho a obtener una copia de estos o a saber el plazo previsto de conservaci\u00f3n.<\/p>\n<p><u>A pedir su rectificaci\u00f3n<\/u>. Es el derecho a hacer rectificar los datos inexactos que sean objeto de tratamiento por nuestra parte.<\/p>\n<p><u>A pedir su supresi\u00f3n<\/u>. En determinadas circunstancias existe el derecho a pedir la supresi\u00f3n de los datos cuando, entre otros motivos, ya no sean necesarios para los fines para los que fueron recogidos y justificaron su tratamiento.<\/p>\n<p><u>Pedir la limitaci\u00f3n del tratamiento.<\/u>\u00a0Tambi\u00e9n en determinadas circunstancias se reconoce el derecho a pedir la limitaci\u00f3n del tratamiento de los datos. En este caso dejar\u00e1n de ser tratados y solo se conservar\u00e1n para el ejercicio o la defensa de reclamaciones, de acuerdo con el Reglamento General de Protecci\u00f3n de Datos.<\/p>\n<p><u>A la portabilidad<\/u>.<strong>\u00a0<\/strong>En los casos previstos en la normativa, se reconoce el derecho a obtener los datos personales propios en un formato estructurado de uso com\u00fan legible por m\u00e1quina y a trasmitirlos a otro responsable del tratamiento si as\u00ed lo decide la persona interesada.<\/p>\n<p><u>A oponerse al tratamiento.<\/u><strong>\u00a0<\/strong>Una persona puede alegar motivos relacionados con su situaci\u00f3n particular, motivos que comportar\u00e1n que dejen de tratarse sus datos en el grado o medida que le pueda comportar un perjuicio, salvo por motivos leg\u00edtimos o el ejercicio o defensa ante reclamaciones.<\/p>\n<p><u>A no recibir informaci\u00f3n comercial<\/u>. Atenderemos inmediatamente las peticiones de no seguir enviando informaci\u00f3n comercial a las personas que previamente nos lo hubieran autorizado.<\/p>\n<p><strong>\u00bfC\u00f3mo se pueden ejercer o defender los derechos?<\/strong><\/p>\n<p><strong>\u00a0<\/strong>Los derechos que acabamos de enumerar se pueden ejercer dirigiendo una solicitud escrita a Bugaderia l\u2019Empord\u00e0 a la direcci\u00f3n postal la Avinguda Puntui, 13, pol\u00edgono El Rissech, Cor\u00e7\u00e0 (CP 17121), o mediante el formulario electr\u00f3nico disponible en\u00a0<a href=\"http:\/\/www.bugaderiaemporda.com\/\">www.bugaderiaemporda.com<\/a>, o bien mandando un correo electr\u00f3nico a\u00a0<a href=\"mailto:atencion.cliente@bugaderiaemporda.com \">atencion.cliente@bugaderiaemporda.com <\/a>, indicando en todos los casos \u201cProtecci\u00f3n de datos personales\u201d.<\/p>\n<p>Si no se ha obtenido respuesta satisfactoria en el ejercicio de los derechos, es posible presentar una reclamaci\u00f3n ante la Agencia Espa\u00f1ola de Protecci\u00f3n de Datos mediante los formularios u otros canales accesibles desde su p\u00e1gina web\u00a0<a href=\"http:\/\/www.agpd.es\/\">www.agpd.es<\/a>.[\/vc_column_text][\/vc_column][\/vc_row]<\/p>\n","protected":false},"excerpt":{"rendered":"<p>[vc_row full_width=\u00bbstretch_row_content_no_spaces\u00bb css=\u00bb.vc_custom_1574071008328{margin-bottom: 0px !important;background-color: #d7d7d7 !important;}\u00bb][vc_column][\/vc_column][\/vc_row][vc_row css=\u00bb.vc_custom_1574326821590{padding-top: 80px !important;padding-bottom: 80px !important;}\u00bb][vc_column][vc_column_text]Esta es la pol\u00edtica de protecci\u00f3n de datos de Bugaderia l\u2019Empord\u00e0 S.A. Hace referencia a los datos que trata en el ejercicio de sus actividades de prestaci\u00f3n de servicios de limpieza y alquiler de ropa especializada en el sector hotelero dando cumplimento al Reglamento General de Protecci\u00f3n de Datos<\/p>\n<div class=\"h10\"><\/div>\n<p><a class=\"more-link2 flat\" href=\"https:\/\/bugaderiaemporda.com\/es\/politica-de-proteccion-de-datos\/\">Read more<\/a><\/p>\n","protected":false},"author":1,"featured_media":0,"parent":0,"menu_order":52,"comment_status":"open","ping_status":"closed","template":"","meta":{"footnotes":""},"class_list":["post-25274","page","type-page","status-publish","hentry"],"yoast_head":"<!-- This site is optimized with the Yoast SEO plugin v23.3 - https:\/\/yoast.com\/wordpress\/plugins\/seo\/ -->\n<title>Pol\u00edtica de protecci\u00f3n de datos - Bugaderia Empord\u00e0<\/title>\n<meta name=\"robots\" content=\"index, follow, max-snippet:-1, max-image-preview:large, max-video-preview:-1\" \/>\n<link rel=\"canonical\" href=\"https:\/\/bugaderiaemporda.com\/politica-de-privacitat\/\" \/>\n<meta property=\"og:locale\" content=\"es_ES\" \/>\n<meta property=\"og:type\" content=\"article\" \/>\n<meta property=\"og:title\" content=\"Pol\u00edtica de protecci\u00f3n de datos - Bugaderia Empord\u00e0\" \/>\n<meta property=\"og:description\" content=\"[vc_row full_width=\u00bbstretch_row_content_no_spaces\u00bb css=\u00bb.vc_custom_1574071008328{margin-bottom: 0px !important;background-color: #d7d7d7 !important;}\u00bb][vc_column][\/vc_column][\/vc_row][vc_row css=\u00bb.vc_custom_1574326821590{padding-top: 80px !important;padding-bottom: 80px !important;}\u00bb][vc_column][vc_column_text]Esta es la pol\u00edtica de protecci\u00f3n de datos de Bugaderia l\u2019Empord\u00e0 S.A. Hace referencia a los datos que trata en el ejercicio de sus actividades de prestaci\u00f3n de servicios de limpieza y alquiler de ropa especializada en el sector hotelero dando cumplimento al Reglamento General de Protecci\u00f3n de DatosRead more\" \/>\n<meta property=\"og:url\" content=\"https:\/\/bugaderiaemporda.com\/politica-de-privacitat\/\" \/>\n<meta property=\"og:site_name\" content=\"Bugaderia Empord\u00e0\" \/>\n<meta property=\"article:modified_time\" content=\"2024-06-03T10:12:19+00:00\" \/>\n<meta property=\"og:image\" content=\"https:\/\/bugaderiaemporda.com\/wp-content\/uploads\/2019\/11\/bugaderia-logo-home-01.png\" \/>\n\t<meta property=\"og:image:width\" content=\"338\" \/>\n\t<meta property=\"og:image:height\" content=\"72\" \/>\n\t<meta property=\"og:image:type\" content=\"image\/png\" \/>\n<meta name=\"twitter:card\" content=\"summary_large_image\" \/>\n<meta name=\"twitter:label1\" content=\"Tiempo de lectura\" \/>\n\t<meta name=\"twitter:data1\" content=\"10 minutos\" \/>\n<script type=\"application\/ld+json\" class=\"yoast-schema-graph\">{\"@context\":\"https:\/\/schema.org\",\"@graph\":[{\"@type\":\"WebPage\",\"@id\":\"https:\/\/bugaderiaemporda.com\/politica-de-privacitat\/\",\"url\":\"https:\/\/bugaderiaemporda.com\/politica-de-privacitat\/\",\"name\":\"Pol\u00edtica de protecci\u00f3n de datos - Bugaderia Empord\u00e0\",\"isPartOf\":{\"@id\":\"https:\/\/bugaderiaemporda.com\/#website\"},\"datePublished\":\"2019-11-21T09:58:30+00:00\",\"dateModified\":\"2024-06-03T10:12:19+00:00\",\"breadcrumb\":{\"@id\":\"https:\/\/bugaderiaemporda.com\/politica-de-privacitat\/#breadcrumb\"},\"inLanguage\":\"es\",\"potentialAction\":[{\"@type\":\"ReadAction\",\"target\":[\"https:\/\/bugaderiaemporda.com\/politica-de-privacitat\/\"]}]},{\"@type\":\"BreadcrumbList\",\"@id\":\"https:\/\/bugaderiaemporda.com\/politica-de-privacitat\/#breadcrumb\",\"itemListElement\":[{\"@type\":\"ListItem\",\"position\":1,\"name\":\"Inici\",\"item\":\"https:\/\/bugaderiaemporda.com\/es\/\"},{\"@type\":\"ListItem\",\"position\":2,\"name\":\"Pol\u00edtica de protecci\u00f3n de datos\"}]},{\"@type\":\"WebSite\",\"@id\":\"https:\/\/bugaderiaemporda.com\/#website\",\"url\":\"https:\/\/bugaderiaemporda.com\/\",\"name\":\"Bugaderia Empord\u00e0\",\"description\":\"Alta qualitat en renting t\u00e8xtil\",\"potentialAction\":[{\"@type\":\"SearchAction\",\"target\":{\"@type\":\"EntryPoint\",\"urlTemplate\":\"https:\/\/bugaderiaemporda.com\/?s={search_term_string}\"},\"query-input\":\"required name=search_term_string\"}],\"inLanguage\":\"es\"}]}<\/script>\n<!-- \/ Yoast SEO plugin. -->","yoast_head_json":{"title":"Pol\u00edtica de protecci\u00f3n de datos - Bugaderia Empord\u00e0","robots":{"index":"index","follow":"follow","max-snippet":"max-snippet:-1","max-image-preview":"max-image-preview:large","max-video-preview":"max-video-preview:-1"},"canonical":"https:\/\/bugaderiaemporda.com\/politica-de-privacitat\/","og_locale":"es_ES","og_type":"article","og_title":"Pol\u00edtica de protecci\u00f3n de datos - Bugaderia Empord\u00e0","og_description":"[vc_row full_width=\u00bbstretch_row_content_no_spaces\u00bb css=\u00bb.vc_custom_1574071008328{margin-bottom: 0px !important;background-color: #d7d7d7 !important;}\u00bb][vc_column][\/vc_column][\/vc_row][vc_row css=\u00bb.vc_custom_1574326821590{padding-top: 80px !important;padding-bottom: 80px !important;}\u00bb][vc_column][vc_column_text]Esta es la pol\u00edtica de protecci\u00f3n de datos de Bugaderia l\u2019Empord\u00e0 S.A. Hace referencia a los datos que trata en el ejercicio de sus actividades de prestaci\u00f3n de servicios de limpieza y alquiler de ropa especializada en el sector hotelero dando cumplimento al Reglamento General de Protecci\u00f3n de DatosRead more","og_url":"https:\/\/bugaderiaemporda.com\/politica-de-privacitat\/","og_site_name":"Bugaderia Empord\u00e0","article_modified_time":"2024-06-03T10:12:19+00:00","og_image":[{"width":338,"height":72,"url":"https:\/\/bugaderiaemporda.com\/wp-content\/uploads\/2019\/11\/bugaderia-logo-home-01.png","type":"image\/png"}],"twitter_card":"summary_large_image","twitter_misc":{"Tiempo de lectura":"10 minutos"},"schema":{"@context":"https:\/\/schema.org","@graph":[{"@type":"WebPage","@id":"https:\/\/bugaderiaemporda.com\/politica-de-privacitat\/","url":"https:\/\/bugaderiaemporda.com\/politica-de-privacitat\/","name":"Pol\u00edtica de protecci\u00f3n de datos - Bugaderia Empord\u00e0","isPartOf":{"@id":"https:\/\/bugaderiaemporda.com\/#website"},"datePublished":"2019-11-21T09:58:30+00:00","dateModified":"2024-06-03T10:12:19+00:00","breadcrumb":{"@id":"https:\/\/bugaderiaemporda.com\/politica-de-privacitat\/#breadcrumb"},"inLanguage":"es","potentialAction":[{"@type":"ReadAction","target":["https:\/\/bugaderiaemporda.com\/politica-de-privacitat\/"]}]},{"@type":"BreadcrumbList","@id":"https:\/\/bugaderiaemporda.com\/politica-de-privacitat\/#breadcrumb","itemListElement":[{"@type":"ListItem","position":1,"name":"Inici","item":"https:\/\/bugaderiaemporda.com\/es\/"},{"@type":"ListItem","position":2,"name":"Pol\u00edtica de protecci\u00f3n de datos"}]},{"@type":"WebSite","@id":"https:\/\/bugaderiaemporda.com\/#website","url":"https:\/\/bugaderiaemporda.com\/","name":"Bugaderia Empord\u00e0","description":"Alta qualitat en renting t\u00e8xtil","potentialAction":[{"@type":"SearchAction","target":{"@type":"EntryPoint","urlTemplate":"https:\/\/bugaderiaemporda.com\/?s={search_term_string}"},"query-input":"required name=search_term_string"}],"inLanguage":"es"}]}},"_links":{"self":[{"href":"https:\/\/bugaderiaemporda.com\/es\/wp-json\/wp\/v2\/pages\/25274"}],"collection":[{"href":"https:\/\/bugaderiaemporda.com\/es\/wp-json\/wp\/v2\/pages"}],"about":[{"href":"https:\/\/bugaderiaemporda.com\/es\/wp-json\/wp\/v2\/types\/page"}],"author":[{"embeddable":true,"href":"https:\/\/bugaderiaemporda.com\/es\/wp-json\/wp\/v2\/users\/1"}],"replies":[{"embeddable":true,"href":"https:\/\/bugaderiaemporda.com\/es\/wp-json\/wp\/v2\/comments?post=25274"}],"version-history":[{"count":2,"href":"https:\/\/bugaderiaemporda.com\/es\/wp-json\/wp\/v2\/pages\/25274\/revisions"}],"predecessor-version":[{"id":25459,"href":"https:\/\/bugaderiaemporda.com\/es\/wp-json\/wp\/v2\/pages\/25274\/revisions\/25459"}],"wp:attachment":[{"href":"https:\/\/bugaderiaemporda.com\/es\/wp-json\/wp\/v2\/media?parent=25274"}],"curies":[{"name":"wp","href":"https:\/\/api.w.org\/{rel}","templated":true}]}}