{"id":25271,"date":"2019-11-21T11:25:40","date_gmt":"2019-11-21T09:25:40","guid":{"rendered":"http:\/\/bugaderiaemporda.efimatica.com\/politica-de-cookies\/"},"modified":"2020-01-07T18:12:47","modified_gmt":"2020-01-07T16:12:47","slug":"politica-de-cookies","status":"publish","type":"page","link":"https:\/\/bugaderiaemporda.com\/es\/politica-de-cookies\/","title":{"rendered":"Pol\u00edtica de cookies"},"content":{"rendered":"<p>[vc_row full_width=\u00bbstretch_row_content_no_spaces\u00bb css=\u00bb.vc_custom_1574071008328{margin-bottom: 0px !important;background-color: #d7d7d7 !important;}\u00bb][vc_column]<h1 class=\"boc_heading  center  \"  style=\"margin-bottom: 50px;margin-top: 50px;color: #00adef;font-size: 50px;\"><span>POL\u00cdTICA DE COOKIES<\/span><\/h1>[\/vc_column][\/vc_row][vc_row css=\u00bb.vc_custom_1574326821590{padding-top: 80px !important;padding-bottom: 80px !important;}\u00bb][vc_column][vc_column_text]<\/p>\n<ul>\n<li>Las cookies o galletas son unos peque\u00f1os archivos de texto que se instalan en los equipos desde los cuales se accede a nuestro sitio web. Pueden guardar la identificaci\u00f3n del usuario que visita la web y los sitios por los que navega. Cuando el usuario (usted en este caso) nos visita de nuevo, se leen las cookies para identificarle y restablecer sus preferencias y configuraci\u00f3n de navegaci\u00f3n. Si un usuario no autoriza el uso de las cookies, algunos servicios o funcionalidades del sitio web podr\u00edan no estar disponibles.Queremos que este sitio ofrezca un buen servicio y que sea f\u00e1cil de usar. En este sentido, utilizamos cookies de Google Analytics. Esto nos permite:\n<ul>\n<li>Analizar estad\u00edsticamente la informaci\u00f3n a la que acceden los usuarios de nuestro sitio. Los datos recopilados pueden incluir la actividad del navegador del usuario cuando nos visita, la ruta que siguen los usuarios en nuestro sitio web, informaci\u00f3n del proveedor de servicios de Internet del visitante, el n\u00famero de veces que los usuarios acceden al sitio y su comportamiento en \u00e9ste (p\u00e1ginas que ha visitado, formularios que ha cumplimentado y similares).<\/li>\n<\/ul>\n<ul>\n<li>Identificar los usuarios que nos visitan desde la invitaci\u00f3n de un sitio web asociado o de un enlace patrocinado.<\/li>\n<\/ul>\n<p>Puede obtener m\u00e1s informaci\u00f3n sobre Google Analytics en\u00a0<a href=\"http:\/\/www.google.com\/analytics\/\">www.google.com\/analytics\/<\/a>. Para controlar la recopilaci\u00f3n de datos con finalidades anal\u00edticas por parte de Google Analytics, puede dirigirse a\u00a0<a href=\"https:\/\/tools.google.com\/dlpage\/gaoptout?hl=en\">https:\/\/tools.google.com\/dlpage\/gaoptout?hl=en<\/a>.<\/p>\n<p>Usted puede revocar el consentimiento a la utilizaci\u00f3n de cookies elimin\u00e1ndolas mediante las opciones que le ofrece su navegador.<\/p>\n<p>Si desea recibir informaci\u00f3n adicional sobre la actividad de las empresas de publicidad en Internet y sobre c\u00f3mo eliminar sus datos de los registros de estas empresas, le recomendamos visitar\u00a0<a href=\"http:\/\/www.networkadvertising.org\/\">www.networkadvertising.org<\/a>.<\/p>\n<p>Usted puede configurar su navegador para que le informe previamente de la posible instalaci\u00f3n de cookies. Tambi\u00e9n podr\u00e1 optar a que se supriman autom\u00e1ticamente una vez se cierre el navegador, equipo o dispositivo. Puede encontrar informaci\u00f3n sobre c\u00f3mo hacerlo en:<\/p>\n<p>\u2013 Para Firefox:\u00a0<a href=\"http:\/\/support.mozilla.org\/ca\/kb\/Galetes\">http:\/\/support.mozilla.org\/ca\/kb\/Galetes<\/a>.<\/p>\n<p>\u2013 Para Chrome: \u00a0<a href=\"http:\/\/support.google.com\/chrome\/bin\/answer.py?hl=es&amp;answer=95647\">http:\/\/support.google.com\/chrome\/bin\/answer.py?hl=es&amp;answer=95647<\/a>.<\/p>\n<p>\u2013 Para Explorer:\u00a0<a href=\"http:\/\/windows.microsoft.com\/es-es\/windows7\/how-to-manage-cookies-in-internet-explorer-9\">http:\/\/windows.microsoft.com\/es-es\/windows7\/how-to-manage-cookies-in-internet-explorer-9<\/a>.<\/p>\n<p>\u2013 Para Safari:\u00a0<a href=\"https:\/\/support.apple.com\/kb\/ph21411?locale=es_ES\">https:\/\/support.apple.com\/kb\/ph21411?locale=es_ES<\/a>.<\/p>\n<p>\u2013 Para Safari en IOS:\u00a0<a href=\"http:\/\/support.apple.com\/kb\/HT1677?viewlocale=es_ES&amp;locale=es_ES\">http:\/\/support.apple.com\/kb\/HT1677?viewlocale=es_ES&amp;locale=es_ES<\/a>.<\/p>\n<p>\u2013 Para Opera:\u00a0<a href=\"https:\/\/www.opera.com\/help\/tutorials\/security\/cookies\/\">https:\/\/www.opera.com\/help\/tutorials\/security\/cookies\/<\/a>.<\/li>\n<\/ul>\n<p>[\/vc_column_text][\/vc_column][\/vc_row]<\/p>\n","protected":false},"excerpt":{"rendered":"<p>[vc_row full_width=\u00bbstretch_row_content_no_spaces\u00bb css=\u00bb.vc_custom_1574071008328{margin-bottom: 0px !important;background-color: #d7d7d7 !important;}\u00bb][vc_column][\/vc_column][\/vc_row][vc_row css=\u00bb.vc_custom_1574326821590{padding-top: 80px !important;padding-bottom: 80px !important;}\u00bb][vc_column][vc_column_text] Las cookies o galletas son unos peque\u00f1os archivos de texto que se instalan en los equipos desde los cuales se accede a nuestro sitio web. Pueden guardar la identificaci\u00f3n del usuario que visita la web y los sitios por los que navega. Cuando el usuario (usted en este<\/p>\n<div class=\"h10\"><\/div>\n<p><a class=\"more-link2 flat\" href=\"https:\/\/bugaderiaemporda.com\/es\/politica-de-cookies\/\">Read more<\/a><\/p>\n","protected":false},"author":1,"featured_media":0,"parent":0,"menu_order":45,"comment_status":"open","ping_status":"closed","template":"","meta":{"footnotes":""},"class_list":["post-25271","page","type-page","status-publish","hentry"],"yoast_head":"<!-- This site is optimized with the Yoast SEO plugin v23.3 - https:\/\/yoast.com\/wordpress\/plugins\/seo\/ -->\n<title>Pol\u00edtica de cookies - Bugaderia Empord\u00e0<\/title>\n<meta name=\"robots\" content=\"index, follow, max-snippet:-1, max-image-preview:large, max-video-preview:-1\" \/>\n<link rel=\"canonical\" href=\"https:\/\/bugaderiaemporda.com\/politica-de-cookies\/\" \/>\n<meta property=\"og:locale\" content=\"es_ES\" \/>\n<meta property=\"og:type\" content=\"article\" \/>\n<meta property=\"og:title\" content=\"Pol\u00edtica de cookies - Bugaderia Empord\u00e0\" \/>\n<meta property=\"og:description\" content=\"[vc_row full_width=\u00bbstretch_row_content_no_spaces\u00bb css=\u00bb.vc_custom_1574071008328{margin-bottom: 0px !important;background-color: #d7d7d7 !important;}\u00bb][vc_column][\/vc_column][\/vc_row][vc_row css=\u00bb.vc_custom_1574326821590{padding-top: 80px !important;padding-bottom: 80px !important;}\u00bb][vc_column][vc_column_text] Las cookies o galletas son unos peque\u00f1os archivos de texto que se instalan en los equipos desde los cuales se accede a nuestro sitio web. Pueden guardar la identificaci\u00f3n del usuario que visita la web y los sitios por los que navega. Cuando el usuario (usted en esteRead more\" \/>\n<meta property=\"og:url\" content=\"https:\/\/bugaderiaemporda.com\/politica-de-cookies\/\" \/>\n<meta property=\"og:site_name\" content=\"Bugaderia Empord\u00e0\" \/>\n<meta property=\"article:modified_time\" content=\"2020-01-07T16:12:47+00:00\" \/>\n<meta property=\"og:image\" content=\"https:\/\/bugaderiaemporda.com\/wp-content\/uploads\/2019\/11\/bugaderia-logo-home-01.png\" \/>\n\t<meta property=\"og:image:width\" content=\"338\" \/>\n\t<meta property=\"og:image:height\" content=\"72\" \/>\n\t<meta property=\"og:image:type\" content=\"image\/png\" \/>\n<meta name=\"twitter:card\" content=\"summary_large_image\" \/>\n<meta name=\"twitter:label1\" content=\"Tiempo de lectura\" \/>\n\t<meta name=\"twitter:data1\" content=\"3 minutos\" \/>\n<script type=\"application\/ld+json\" class=\"yoast-schema-graph\">{\"@context\":\"https:\/\/schema.org\",\"@graph\":[{\"@type\":\"WebPage\",\"@id\":\"https:\/\/bugaderiaemporda.com\/politica-de-cookies\/\",\"url\":\"https:\/\/bugaderiaemporda.com\/politica-de-cookies\/\",\"name\":\"Pol\u00edtica de cookies - Bugaderia Empord\u00e0\",\"isPartOf\":{\"@id\":\"https:\/\/bugaderiaemporda.com\/#website\"},\"datePublished\":\"2019-11-21T09:25:40+00:00\",\"dateModified\":\"2020-01-07T16:12:47+00:00\",\"breadcrumb\":{\"@id\":\"https:\/\/bugaderiaemporda.com\/politica-de-cookies\/#breadcrumb\"},\"inLanguage\":\"es\",\"potentialAction\":[{\"@type\":\"ReadAction\",\"target\":[\"https:\/\/bugaderiaemporda.com\/politica-de-cookies\/\"]}]},{\"@type\":\"BreadcrumbList\",\"@id\":\"https:\/\/bugaderiaemporda.com\/politica-de-cookies\/#breadcrumb\",\"itemListElement\":[{\"@type\":\"ListItem\",\"position\":1,\"name\":\"Inici\",\"item\":\"https:\/\/bugaderiaemporda.com\/es\/\"},{\"@type\":\"ListItem\",\"position\":2,\"name\":\"Pol\u00edtica de cookies\"}]},{\"@type\":\"WebSite\",\"@id\":\"https:\/\/bugaderiaemporda.com\/#website\",\"url\":\"https:\/\/bugaderiaemporda.com\/\",\"name\":\"Bugaderia Empord\u00e0\",\"description\":\"Alta qualitat en renting t\u00e8xtil\",\"potentialAction\":[{\"@type\":\"SearchAction\",\"target\":{\"@type\":\"EntryPoint\",\"urlTemplate\":\"https:\/\/bugaderiaemporda.com\/?s={search_term_string}\"},\"query-input\":\"required name=search_term_string\"}],\"inLanguage\":\"es\"}]}<\/script>\n<!-- \/ Yoast SEO plugin. -->","yoast_head_json":{"title":"Pol\u00edtica de cookies - Bugaderia Empord\u00e0","robots":{"index":"index","follow":"follow","max-snippet":"max-snippet:-1","max-image-preview":"max-image-preview:large","max-video-preview":"max-video-preview:-1"},"canonical":"https:\/\/bugaderiaemporda.com\/politica-de-cookies\/","og_locale":"es_ES","og_type":"article","og_title":"Pol\u00edtica de cookies - Bugaderia Empord\u00e0","og_description":"[vc_row full_width=\u00bbstretch_row_content_no_spaces\u00bb css=\u00bb.vc_custom_1574071008328{margin-bottom: 0px !important;background-color: #d7d7d7 !important;}\u00bb][vc_column][\/vc_column][\/vc_row][vc_row css=\u00bb.vc_custom_1574326821590{padding-top: 80px !important;padding-bottom: 80px !important;}\u00bb][vc_column][vc_column_text] Las cookies o galletas son unos peque\u00f1os archivos de texto que se instalan en los equipos desde los cuales se accede a nuestro sitio web. Pueden guardar la identificaci\u00f3n del usuario que visita la web y los sitios por los que navega. Cuando el usuario (usted en esteRead more","og_url":"https:\/\/bugaderiaemporda.com\/politica-de-cookies\/","og_site_name":"Bugaderia Empord\u00e0","article_modified_time":"2020-01-07T16:12:47+00:00","og_image":[{"width":338,"height":72,"url":"https:\/\/bugaderiaemporda.com\/wp-content\/uploads\/2019\/11\/bugaderia-logo-home-01.png","type":"image\/png"}],"twitter_card":"summary_large_image","twitter_misc":{"Tiempo de lectura":"3 minutos"},"schema":{"@context":"https:\/\/schema.org","@graph":[{"@type":"WebPage","@id":"https:\/\/bugaderiaemporda.com\/politica-de-cookies\/","url":"https:\/\/bugaderiaemporda.com\/politica-de-cookies\/","name":"Pol\u00edtica de cookies - Bugaderia Empord\u00e0","isPartOf":{"@id":"https:\/\/bugaderiaemporda.com\/#website"},"datePublished":"2019-11-21T09:25:40+00:00","dateModified":"2020-01-07T16:12:47+00:00","breadcrumb":{"@id":"https:\/\/bugaderiaemporda.com\/politica-de-cookies\/#breadcrumb"},"inLanguage":"es","potentialAction":[{"@type":"ReadAction","target":["https:\/\/bugaderiaemporda.com\/politica-de-cookies\/"]}]},{"@type":"BreadcrumbList","@id":"https:\/\/bugaderiaemporda.com\/politica-de-cookies\/#breadcrumb","itemListElement":[{"@type":"ListItem","position":1,"name":"Inici","item":"https:\/\/bugaderiaemporda.com\/es\/"},{"@type":"ListItem","position":2,"name":"Pol\u00edtica de cookies"}]},{"@type":"WebSite","@id":"https:\/\/bugaderiaemporda.com\/#website","url":"https:\/\/bugaderiaemporda.com\/","name":"Bugaderia Empord\u00e0","description":"Alta qualitat en renting t\u00e8xtil","potentialAction":[{"@type":"SearchAction","target":{"@type":"EntryPoint","urlTemplate":"https:\/\/bugaderiaemporda.com\/?s={search_term_string}"},"query-input":"required name=search_term_string"}],"inLanguage":"es"}]}},"_links":{"self":[{"href":"https:\/\/bugaderiaemporda.com\/es\/wp-json\/wp\/v2\/pages\/25271"}],"collection":[{"href":"https:\/\/bugaderiaemporda.com\/es\/wp-json\/wp\/v2\/pages"}],"about":[{"href":"https:\/\/bugaderiaemporda.com\/es\/wp-json\/wp\/v2\/types\/page"}],"author":[{"embeddable":true,"href":"https:\/\/bugaderiaemporda.com\/es\/wp-json\/wp\/v2\/users\/1"}],"replies":[{"embeddable":true,"href":"https:\/\/bugaderiaemporda.com\/es\/wp-json\/wp\/v2\/comments?post=25271"}],"version-history":[{"count":1,"href":"https:\/\/bugaderiaemporda.com\/es\/wp-json\/wp\/v2\/pages\/25271\/revisions"}],"predecessor-version":[{"id":25278,"href":"https:\/\/bugaderiaemporda.com\/es\/wp-json\/wp\/v2\/pages\/25271\/revisions\/25278"}],"wp:attachment":[{"href":"https:\/\/bugaderiaemporda.com\/es\/wp-json\/wp\/v2\/media?parent=25271"}],"curies":[{"name":"wp","href":"https:\/\/api.w.org\/{rel}","templated":true}]}}