{"id":25157,"date":"2019-11-20T16:37:33","date_gmt":"2019-11-20T14:37:33","guid":{"rendered":"http:\/\/bugaderiaemporda.efimatica.com\/rsc\/"},"modified":"2023-01-19T19:02:13","modified_gmt":"2023-01-19T17:02:13","slug":"rsc","status":"publish","type":"page","link":"https:\/\/bugaderiaemporda.com\/es\/rsc\/","title":{"rendered":"RSC"},"content":{"rendered":"<p>[vc_row full_width=\u00bbstretch_row_content_no_spaces\u00bb css=\u00bb.vc_custom_1574845250712{margin-bottom: 0px !important;background-color: #fbfbfb !important;}\u00bb][vc_column]<h1 class=\"boc_heading  center  \"  style=\"margin-bottom: 50px;margin-top: 50px;color: #00adef;font-size: 50px;\"><span>RESPONSABILIDAD SOCIAL CORPORATIVA<\/span><\/h1>[\/vc_column][\/vc_row][vc_row equal_height=\u00bbyes\u00bb content_placement=\u00bbmiddle\u00bb css=\u00bb.vc_custom_1574851770027{padding-top: 30px !important;padding-bottom: 0px !important;}\u00bb][vc_column width=\u00bb1\/2&#8243;][vc_column_text]Las empresas somos el principal motor de la econom\u00eda y como tal tenemos un gran impacto tanto en la sociedad como en nuestro entorno. Es por ello que nos consideramos responsables de contribuir activa y voluntariamente en la mejora social, econ\u00f3mica y medioambiental.[\/vc_column_text]<div class=\"boc_spacing \" style=\"height: 20px\"><\/div>[\/vc_column][vc_column width=\u00bb1\/2&#8243;][vc_single_image alignment=\u00bbcenter\u00bb image=\u00bb25296&#8243;]<div class=\"boc_spacing \" style=\"height: 20px\"><\/div>[\/vc_column][\/vc_row][vc_row full_width=\u00bbstretch_row\u00bb equal_height=\u00bbyes\u00bb bg_type=\u00bbimage\u00bb parallax_style=\u00bbvcpb-vz-jquery\u00bb bg_image_new=\u00bb24020&#8243; bg_image_repeat=\u00bbno-repeat\u00bb disable_on_mobile_img_parallax=\u00bboff\u00bb el_class=\u00bbno_text_transform\u00bb css=\u00bb.vc_custom_1574260746538{margin-bottom: 0px !important;padding-top: 80px !important;padding-bottom: 80px !important;}\u00bb][vc_column][vc_row_inner equal_height=\u00bbyes\u00bb content_placement=\u00bbmiddle\u00bb css=\u00bb.vc_custom_1574262255465{margin-top: 0px !important;margin-right: 15px !important;margin-bottom: 0px !important;margin-left: 15px !important;padding-top: 0px !important;padding-right: 0px !important;padding-bottom: 0px !important;padding-left: 0px !important;background-color: rgba(255,255,255,0.81) !important;*background-color: rgb(255,255,255) !important;}\u00bb][vc_column_inner el_class=\u00bbequal_height_column white_color\u00bb width=\u00bb1\/2&#8243; css=\u00bb.vc_custom_1574247201118{padding-top: 52px !important;padding-right: 52px !important;padding-bottom: 52px !important;padding-left: 52px !important;}\u00bb]<h2 class=\"boc_heading  al_left  \"  style=\"margin-bottom: 20px;margin-top: 0px;color: #333;\"><span>MEDIO AMBIENTE<\/span><\/h2>[vc_column_text]El planeta es un bien de todos, y es por ello que consideramos que hay que cuidarlo y respetarlo. Desde Bugaderia l\u2019Empord\u00e0 trabajamos activamente para introducir medidas para mantener nuestro entorno tal y como lo conocemos.[\/vc_column_text][\/vc_column_inner][vc_column_inner el_class=\u00bbequal_height_column alturaminima\u00bb width=\u00bb1\/2&#8243; css=\u00bb.vc_custom_1574850226224{margin-top: 0px !important;margin-right: 0px !important;margin-bottom: 0px !important;margin-left: 0px !important;padding-top: 0px !important;padding-right: 0px !important;padding-bottom: 0px !important;padding-left: 0px !important;background-image: url(https:\/\/bugaderiaemporda.com\/wp-content\/uploads\/2019\/11\/bugaderia-img-rsc-05.jpg?id=24016) !important;background-position: center !important;background-repeat: no-repeat !important;background-size: cover !important;}\u00bb][\/vc_column_inner][\/vc_row_inner][vc_row_inner equal_height=\u00bbyes\u00bb gap=\u00bb30&#8243; css=\u00bb.vc_custom_1574262455378{margin-top: 40px !important;margin-right: 0px !important;margin-bottom: 40px !important;margin-left: 0px !important;padding-top: 0px !important;padding-right: 0px !important;padding-bottom: 0px !important;padding-left: 0px !important;}\u00bb][vc_column_inner width=\u00bb1\/4&#8243; css=\u00bb.vc_custom_1574262264352{padding-top: 32px !important;padding-right: 32px !important;padding-bottom: 32px !important;padding-left: 32px !important;background-color: rgba(255,255,255,0.81) !important;*background-color: rgb(255,255,255) !important;}\u00bb]<h3 class=\"boc_heading  al_left  \"  style=\"margin-bottom: 10px;margin-top: 0px;color: #333333;\"><span>PL\u00c1STICO<\/span><\/h3><div class=\"boc_divider_holder\"><div class=\"boc_divider  \"  style=\"margin-top: 0px;margin-bottom: 15px;height: 1px;background: #333333;\"><\/div><\/div>[vc_column_text]Trabajamos con pl\u00e1stico 100% virgen y, por lo tanto, reciclable. Llevamos a cabo un reciclaje certificado del pl\u00e1stico y del cart\u00f3n que utilizamos en nuestra actividad y hemos introducido distintas medidas para reducir la ratio pl\u00e1stico\/kg de nuestros productos. Adem\u00e1s, ponemos a disposici\u00f3n de nuestros clientes un recipiente donde depositar los residuos que acompa\u00f1an a nuestros productos, los cuales se recogen diariamente.[\/vc_column_text][\/vc_column_inner][vc_column_inner width=\u00bb1\/4&#8243; css=\u00bb.vc_custom_1574262016271{padding-top: 32px !important;padding-right: 32px !important;padding-bottom: 32px !important;padding-left: 32px !important;background-color: rgba(255,255,255,0.81) !important;*background-color: rgb(255,255,255) !important;}\u00bb]<h3 class=\"boc_heading  al_left  \"  style=\"margin-bottom: 10px;margin-top: 0px;color: #333333;\"><span>VAPOR<\/span><\/h3><div class=\"boc_divider_holder\"><div class=\"boc_divider  \"  style=\"margin-top: 0px;margin-bottom: 15px;height: 1px;background: #333333;\"><\/div><\/div>[vc_column_text]En un esfuerzo por reducir el vapor que se emite en la atm\u00f3sfera, hemos dise\u00f1ado un innovador sistema de reaprovechamiento del vapor que genera nuestra actividad. Nuestro circuito cerrado de vapor aprovecha casi todo el vapor que generamos, el cual es utilizado posteriormente por los sistemas de calefacci\u00f3n y de agua caliente. Gracias a este sistema hemos aumentado la eficacia de la secci\u00f3n de lavado un 75%.[\/vc_column_text][\/vc_column_inner][vc_column_inner width=\u00bb1\/4&#8243; css=\u00bb.vc_custom_1574262021472{padding-top: 32px !important;padding-right: 32px !important;padding-bottom: 32px !important;padding-left: 32px !important;background-color: rgba(255,255,255,0.81) !important;*background-color: rgb(255,255,255) !important;}\u00bb]<h3 class=\"boc_heading  al_left  \"  style=\"margin-bottom: 10px;margin-top: 0px;color: #333333;\"><span>AGUA<\/span><\/h3><div class=\"boc_divider_holder\"><div class=\"boc_divider  \"  style=\"margin-top: 0px;margin-bottom: 15px;height: 1px;background: #333333;\"><\/div><\/div>[vc_column_text]Estamos equipados con maquinaria de \u00faltima generaci\u00f3n que nos permite reducir un 50% el consumo de agua en la secci\u00f3n de lavado. Antes de regresar a la red p\u00fablica, nuestra agua pasa por una depuradora interna, donde se recogen los contaminantes m\u00e1s grandes, a la depuradora municipal. Esta depuradora interna es controlada mensualmente para verificar la pureza del agua.[\/vc_column_text][\/vc_column_inner][vc_column_inner width=\u00bb1\/4&#8243; css=\u00bb.vc_custom_1574262267985{padding-top: 32px !important;padding-right: 32px !important;padding-bottom: 32px !important;padding-left: 32px !important;background-color: rgba(255,255,255,0.81) !important;*background-color: rgb(255,255,255) !important;}\u00bb]<h3 class=\"boc_heading  al_left  \"  style=\"margin-bottom: 10px;margin-top: 0px;color: #333333;\"><span>TRANSPORTE<\/span><\/h3><div class=\"boc_divider_holder\"><div class=\"boc_divider  \"  style=\"margin-top: 0px;margin-bottom: 15px;height: 1px;background: #333333;\"><\/div><\/div>[vc_column_text]Actualmente disponemos de una flota de 15 camiones y 8 remolques, los cuales est\u00e1n en constante actualizaci\u00f3n. La mayor\u00eda de nuestro transporte cuenta con las certificaciones Euro 5 y 6, con las que aseguramos un transporte m\u00e1s sostenible y respetuoso con el medio ambiente. Esta flota garantiza los env\u00edos a clientes y tambi\u00e9n recoge diariamente los residuos generados.[\/vc_column_text][\/vc_column_inner][\/vc_row_inner][\/vc_column][\/vc_row][vc_row full_width=\u00bbstretch_row\u00bb equal_height=\u00bbyes\u00bb bg_type=\u00bbimage\u00bb parallax_style=\u00bbvcpb-vz-jquery\u00bb bg_image_new=\u00bb24050&#8243; bg_image_repeat=\u00bbno-repeat\u00bb parallax_sense=\u00bb40&#8243; disable_on_mobile_img_parallax=\u00bboff\u00bb el_class=\u00bbno_text_transform\u00bb css=\u00bb.vc_custom_1574262943057{margin-bottom: 0px !important;padding-top: 80px !important;padding-bottom: 60px !important;}\u00bb][vc_column][vc_row_inner equal_height=\u00bbyes\u00bb content_placement=\u00bbmiddle\u00bb css=\u00bb.vc_custom_1574262888288{margin-top: 0px !important;margin-right: 0px !important;margin-bottom: 0px !important;margin-left: 0px !important;padding-top: 0px !important;padding-right: 0px !important;padding-bottom: 0px !important;padding-left: 0px !important;background-color: rgba(255,255,255,0.82) !important;*background-color: rgb(255,255,255) !important;}\u00bb][vc_column_inner el_class=\u00bbalturaminima\u00bb width=\u00bb1\/2&#8243; css=\u00bb.vc_custom_1574850232456{margin-top: 0px !important;margin-right: 0px !important;margin-bottom: 0px !important;margin-left: 0px !important;padding-top: 0px !important;padding-right: 0px !important;padding-bottom: 0px !important;padding-left: 0px !important;background-image: url(https:\/\/bugaderiaemporda.com\/wp-content\/uploads\/2019\/11\/bugaderia-img-rsc-06.jpg?id=24049) !important;background-position: center !important;background-repeat: no-repeat !important;background-size: cover !important;}\u00bb][\/vc_column_inner][vc_column_inner width=\u00bb1\/2&#8243; css=\u00bb.vc_custom_1574262867799{padding-top: 82px !important;padding-right: 52px !important;padding-bottom: 82px !important;padding-left: 52px !important;}\u00bb]<h2 class=\"boc_heading  al_left  \"  style=\"margin-bottom: 30px;margin-top: 0px;color: #333333;\"><span>LABORAL<\/span><\/h2><h3 class=\"boc_heading  al_left  \"  style=\"margin-bottom: 10px;margin-top: 0px;color: #333333;\"><span>PRECARIEDAD LABORAL<\/span><\/h3><div class=\"boc_divider_holder\"><div class=\"boc_divider  \"  style=\"margin-top: 0px;margin-bottom: 10px;height: 1px;background: #333333;\"><\/div><\/div>[vc_column_text]Trabajamos para ser una de las principales fuentes de ocupaci\u00f3n de la comarca. Estamos comprometidos con la b\u00fasqueda y formaci\u00f3n constante de nuevos talentos para aumentar nuestra plantilla. Hemos mejorado las condiciones laborales de nuestros empleados aclimatando las distintas zonas de trabajo.[\/vc_column_text]<h3 class=\"boc_heading  al_left  \"  style=\"margin-bottom: 10px;margin-top: 0px;color: #333333;\"><span>PARIDAD<\/span><\/h3><div class=\"boc_divider_holder\"><div class=\"boc_divider  \"  style=\"margin-top: 0px;margin-bottom: 10px;height: 1px;background: #333333;\"><\/div><\/div>[vc_column_text]Luchamos contra la discriminaci\u00f3n de la mujer en el \u00e1mbito laboral. Es por ello que un 47% de la plantilla de Bugaderia l\u2019Empord\u00e0 son mujeres. En ning\u00fan caso habr\u00e1 una discriminaci\u00f3n salarial por motivo de sexo, religi\u00f3n o nacionalidad.[\/vc_column_text]<h3 class=\"boc_heading  al_left  \"  style=\"margin-bottom: 10px;margin-top: 0px;color: #333333;\"><span>SEGURIDAD<\/span><\/h3><div class=\"boc_divider_holder\"><div class=\"boc_divider  \"  style=\"margin-top: 0px;margin-bottom: 10px;height: 1px;background: #333333;\"><\/div><\/div>[vc_column_text]Facilitamos los medios para que la Prevenci\u00f3n de Riesgos Laborales est\u00e9 integrada en nuestra estructura y gesti\u00f3n. Se ha implantado un plan de prevenci\u00f3n donde se establecen las responsabilidades y objetivos, involucrando a todos los miembros de la organizaci\u00f3n. Nos esforzamos en motivar, formar e implicar a todo el personal en la mejora del sistema y condiciones de trabajo.[\/vc_column_text]<h3 class=\"boc_heading  al_left  \"  style=\"margin-bottom: 10px;margin-top: 0px;color: #333333;\"><span>BIENESTAR<\/span><\/h3><div class=\"boc_divider_holder\"><div class=\"boc_divider  \"  style=\"margin-top: 0px;margin-bottom: 10px;height: 1px;background: #333333;\"><\/div><\/div>[vc_column_text]Consideramos que los trabajadores y trabajadoras son el valor m\u00e1s importante de nuestra organizaci\u00f3n. Trabajamos para que todos los miembros se sientan identificados con los valores y objetivos de la empresa. Por ello, hemos habilitado un buz\u00f3n donde se pueden aportar propuestas y sugerencias.[\/vc_column_text][\/vc_column_inner][\/vc_row_inner][\/vc_column][\/vc_row][vc_row full_width=\u00bbstretch_row\u00bb equal_height=\u00bbyes\u00bb bg_type=\u00bbimage\u00bb parallax_style=\u00bbvcpb-vz-jquery\u00bb bg_image_new=\u00bb24043&#8243; bg_image_repeat=\u00bbno-repeat\u00bb parallax_sense=\u00bb40&#8243; disable_on_mobile_img_parallax=\u00bboff\u00bb el_class=\u00bbno_text_transform\u00bb css=\u00bb.vc_custom_1574262754327{margin-bottom: 0px !important;padding-top: 80px !important;padding-bottom: 60px !important;}\u00bb][vc_column][vc_row_inner equal_height=\u00bbyes\u00bb content_placement=\u00bbmiddle\u00bb css=\u00bb.vc_custom_1574262888288{margin-top: 0px !important;margin-right: 0px !important;margin-bottom: 0px !important;margin-left: 0px !important;padding-top: 0px !important;padding-right: 0px !important;padding-bottom: 0px !important;padding-left: 0px !important;background-color: rgba(255,255,255,0.82) !important;*background-color: rgb(255,255,255) !important;}\u00bb][vc_column_inner width=\u00bb1\/2&#8243; css=\u00bb.vc_custom_1574262867799{padding-top: 82px !important;padding-right: 52px !important;padding-bottom: 82px !important;padding-left: 52px !important;}\u00bb]<h2 class=\"boc_heading  al_left  \"  style=\"margin-bottom: 20px;margin-top: 0px;color: #333;\"><span>SOCIAL<\/span><\/h2>[vc_column_text]Estamos situados en pleno coraz\u00f3n del Baix Empord\u00e0. Como nuestro nombre indica, estamos estrechamente vinculados con la comarca y sus habitantes; colaboramos con las actividades de los diferentes municipios de la zona.<\/p>\n<p>Cooperamos con la Asociaci\u00f3n <a href=\"http:\/\/www.eltrampoli.org\/\" target=\"_blank\" rel=\"noopener noreferrer\">El Trampol\u00ed<\/a>, una organizaci\u00f3n que ayuda a personas con discapacidades ps\u00edquicas y trabaja para su integraci\u00f3n social y laboral. Tambi\u00e9n colaboramos con escuelas de diferentes \u00e1mbitos de la provincia, como la <a href=\"https:\/\/agora.xtec.cat\/ehtg\/es\/paginas-de-inici\/inici-espanol\/\" target=\"_blank\" rel=\"noopener noreferrer\">Escuela de Hosteler\u00eda de Girona<\/a>.<\/p>\n<p>Actualmente cedemos nuestras instalaciones a <a href=\"https:\/\/www.caritasgirona.cat\/\" target=\"_blank\" rel=\"noopener noreferrer\">C\u00e1ritas<\/a> para almacenar alimentos, as\u00ed como a <a href=\"https:\/\/www.ralarsa.com\/es\/taller-lunas-coche\/girona\" target=\"_blank\" rel=\"noopener noreferrer\">Ralarsa<\/a> para ofrecer el cambio \u201dexpress\u201d de cristales de veh\u00edculos despu\u00e9s de la gran granizada que sufri\u00f3 La Bisbal d&#8217;Empord\u00e0.<\/p>\n<p>Tener en cuenta la voz de nuestros clientes es esencial para nosotros. Trabajamos para generar un feedback continuo para atender a todas sus peticiones y resolver sus consultas.[\/vc_column_text][\/vc_column_inner][vc_column_inner el_class=\u00bbalturaminima\u00bb width=\u00bb1\/2&#8243; css=\u00bb.vc_custom_1574850237392{margin-top: 0px !important;margin-right: 0px !important;margin-bottom: 0px !important;margin-left: 0px !important;padding-top: 0px !important;padding-right: 0px !important;padding-bottom: 0px !important;padding-left: 0px !important;background-image: url(https:\/\/bugaderiaemporda.com\/wp-content\/uploads\/2019\/11\/bugaderia-img-rsc-07.jpg?id=24040) !important;background-position: center !important;background-repeat: no-repeat !important;background-size: cover !important;}\u00bb][\/vc_column_inner][\/vc_row_inner][\/vc_column][\/vc_row][vc_row full_width=\u00bbstretch_row\u00bb bg_type=\u00bbbg_color\u00bb enable_overlay=\u00bboff\u00bb el_class=\u00bbwhite_text\u00bb css=\u00bb.vc_custom_1573808681791{margin-bottom: 0px !important;padding-top: 24px !important;padding-bottom: 20px !important;}\u00bb bg_color_value=\u00bb#00adef\u00bb][vc_column]<div class=\"text_box calltoactionblau box_no_bgr \"><div class=\"text_box_content with_button\"><h2>\u00bfQuieres saber c\u00f3mo podemos ayudarte?<\/h2>\n\t\t\t\t\t<p><\/p>\n\t\t\t\t<\/div><div class=\"btn_holder\"><a\thref=\"\/es\/contacto\" \n\t\t\t\t\tclass=\"button  btn_medium_stretched btn_white btn_circled btn_outline icon_pos_after \"  target='_self'><span>CONT\u00c1CTANOS<\/span> <i class='icon icon icon-angle-right2'><\/i> <\/a><\/div><\/div>[\/vc_column][\/vc_row]<\/p>\n","protected":false},"excerpt":{"rendered":"<p>[vc_row full_width=\u00bbstretch_row_content_no_spaces\u00bb css=\u00bb.vc_custom_1574845250712{margin-bottom: 0px !important;background-color: #fbfbfb !important;}\u00bb][vc_column][\/vc_column][\/vc_row][vc_row equal_height=\u00bbyes\u00bb content_placement=\u00bbmiddle\u00bb css=\u00bb.vc_custom_1574851770027{padding-top: 30px !important;padding-bottom: 0px !important;}\u00bb][vc_column width=\u00bb1\/2&#8243;][vc_column_text]Las empresas somos el principal motor de la econom\u00eda y como tal tenemos un gran impacto tanto en la sociedad como en nuestro entorno. Es por ello que nos consideramos responsables de contribuir activa y voluntariamente en la mejora social, econ\u00f3mica y medioambiental.[\/vc_column_text][\/vc_column][vc_column width=\u00bb1\/2&#8243;][vc_single_image alignment=\u00bbcenter\u00bb image=\u00bb25296&#8243;][\/vc_column][\/vc_row][vc_row<\/p>\n<div class=\"h10\"><\/div>\n<p><a class=\"more-link2 flat\" href=\"https:\/\/bugaderiaemporda.com\/es\/rsc\/\">Read more<\/a><\/p>\n","protected":false},"author":1,"featured_media":0,"parent":0,"menu_order":34,"comment_status":"open","ping_status":"closed","template":"","meta":{"footnotes":""},"class_list":["post-25157","page","type-page","status-publish","hentry"],"yoast_head":"<!-- This site is optimized with the Yoast SEO plugin v23.3 - https:\/\/yoast.com\/wordpress\/plugins\/seo\/ -->\n<title>RSC - Bugaderia Empord\u00e0<\/title>\n<meta name=\"robots\" content=\"index, follow, max-snippet:-1, max-image-preview:large, max-video-preview:-1\" \/>\n<link rel=\"canonical\" href=\"https:\/\/bugaderiaemporda.com\/rsc\/\" \/>\n<meta property=\"og:locale\" content=\"es_ES\" \/>\n<meta property=\"og:type\" content=\"article\" \/>\n<meta property=\"og:title\" content=\"RSC - Bugaderia Empord\u00e0\" \/>\n<meta property=\"og:description\" content=\"[vc_row full_width=\u00bbstretch_row_content_no_spaces\u00bb css=\u00bb.vc_custom_1574845250712{margin-bottom: 0px !important;background-color: #fbfbfb !important;}\u00bb][vc_column][\/vc_column][\/vc_row][vc_row equal_height=\u00bbyes\u00bb content_placement=\u00bbmiddle\u00bb css=\u00bb.vc_custom_1574851770027{padding-top: 30px !important;padding-bottom: 0px !important;}\u00bb][vc_column width=\u00bb1\/2&#8243;][vc_column_text]Las empresas somos el principal motor de la econom\u00eda y como tal tenemos un gran impacto tanto en la sociedad como en nuestro entorno. Es por ello que nos consideramos responsables de contribuir activa y voluntariamente en la mejora social, econ\u00f3mica y medioambiental.[\/vc_column_text][\/vc_column][vc_column width=\u00bb1\/2&#8243;][vc_single_image alignment=\u00bbcenter\u00bb image=\u00bb25296&#8243;][\/vc_column][\/vc_row][vc_rowRead more\" \/>\n<meta property=\"og:url\" content=\"https:\/\/bugaderiaemporda.com\/rsc\/\" \/>\n<meta property=\"og:site_name\" content=\"Bugaderia Empord\u00e0\" \/>\n<meta property=\"article:modified_time\" content=\"2023-01-19T17:02:13+00:00\" \/>\n<meta property=\"og:image\" content=\"https:\/\/bugaderiaemporda.com\/wp-content\/uploads\/2019\/11\/bugaderia-logo-home-01.png\" \/>\n\t<meta property=\"og:image:width\" content=\"338\" \/>\n\t<meta property=\"og:image:height\" content=\"72\" \/>\n\t<meta property=\"og:image:type\" content=\"image\/png\" \/>\n<meta name=\"twitter:card\" content=\"summary_large_image\" \/>\n<meta name=\"twitter:label1\" content=\"Tiempo de lectura\" \/>\n\t<meta name=\"twitter:data1\" content=\"9 minutos\" \/>\n<script type=\"application\/ld+json\" class=\"yoast-schema-graph\">{\"@context\":\"https:\/\/schema.org\",\"@graph\":[{\"@type\":\"WebPage\",\"@id\":\"https:\/\/bugaderiaemporda.com\/rsc\/\",\"url\":\"https:\/\/bugaderiaemporda.com\/rsc\/\",\"name\":\"RSC - Bugaderia Empord\u00e0\",\"isPartOf\":{\"@id\":\"https:\/\/bugaderiaemporda.com\/#website\"},\"datePublished\":\"2019-11-20T14:37:33+00:00\",\"dateModified\":\"2023-01-19T17:02:13+00:00\",\"breadcrumb\":{\"@id\":\"https:\/\/bugaderiaemporda.com\/rsc\/#breadcrumb\"},\"inLanguage\":\"es\",\"potentialAction\":[{\"@type\":\"ReadAction\",\"target\":[\"https:\/\/bugaderiaemporda.com\/rsc\/\"]}]},{\"@type\":\"BreadcrumbList\",\"@id\":\"https:\/\/bugaderiaemporda.com\/rsc\/#breadcrumb\",\"itemListElement\":[{\"@type\":\"ListItem\",\"position\":1,\"name\":\"Inici\",\"item\":\"https:\/\/bugaderiaemporda.com\/es\/\"},{\"@type\":\"ListItem\",\"position\":2,\"name\":\"RSC\"}]},{\"@type\":\"WebSite\",\"@id\":\"https:\/\/bugaderiaemporda.com\/#website\",\"url\":\"https:\/\/bugaderiaemporda.com\/\",\"name\":\"Bugaderia Empord\u00e0\",\"description\":\"Alta qualitat en renting t\u00e8xtil\",\"potentialAction\":[{\"@type\":\"SearchAction\",\"target\":{\"@type\":\"EntryPoint\",\"urlTemplate\":\"https:\/\/bugaderiaemporda.com\/?s={search_term_string}\"},\"query-input\":\"required name=search_term_string\"}],\"inLanguage\":\"es\"}]}<\/script>\n<!-- \/ Yoast SEO plugin. -->","yoast_head_json":{"title":"RSC - Bugaderia Empord\u00e0","robots":{"index":"index","follow":"follow","max-snippet":"max-snippet:-1","max-image-preview":"max-image-preview:large","max-video-preview":"max-video-preview:-1"},"canonical":"https:\/\/bugaderiaemporda.com\/rsc\/","og_locale":"es_ES","og_type":"article","og_title":"RSC - Bugaderia Empord\u00e0","og_description":"[vc_row full_width=\u00bbstretch_row_content_no_spaces\u00bb css=\u00bb.vc_custom_1574845250712{margin-bottom: 0px !important;background-color: #fbfbfb !important;}\u00bb][vc_column][\/vc_column][\/vc_row][vc_row equal_height=\u00bbyes\u00bb content_placement=\u00bbmiddle\u00bb css=\u00bb.vc_custom_1574851770027{padding-top: 30px !important;padding-bottom: 0px !important;}\u00bb][vc_column width=\u00bb1\/2&#8243;][vc_column_text]Las empresas somos el principal motor de la econom\u00eda y como tal tenemos un gran impacto tanto en la sociedad como en nuestro entorno. Es por ello que nos consideramos responsables de contribuir activa y voluntariamente en la mejora social, econ\u00f3mica y medioambiental.[\/vc_column_text][\/vc_column][vc_column width=\u00bb1\/2&#8243;][vc_single_image alignment=\u00bbcenter\u00bb image=\u00bb25296&#8243;][\/vc_column][\/vc_row][vc_rowRead more","og_url":"https:\/\/bugaderiaemporda.com\/rsc\/","og_site_name":"Bugaderia Empord\u00e0","article_modified_time":"2023-01-19T17:02:13+00:00","og_image":[{"width":338,"height":72,"url":"https:\/\/bugaderiaemporda.com\/wp-content\/uploads\/2019\/11\/bugaderia-logo-home-01.png","type":"image\/png"}],"twitter_card":"summary_large_image","twitter_misc":{"Tiempo de lectura":"9 minutos"},"schema":{"@context":"https:\/\/schema.org","@graph":[{"@type":"WebPage","@id":"https:\/\/bugaderiaemporda.com\/rsc\/","url":"https:\/\/bugaderiaemporda.com\/rsc\/","name":"RSC - Bugaderia Empord\u00e0","isPartOf":{"@id":"https:\/\/bugaderiaemporda.com\/#website"},"datePublished":"2019-11-20T14:37:33+00:00","dateModified":"2023-01-19T17:02:13+00:00","breadcrumb":{"@id":"https:\/\/bugaderiaemporda.com\/rsc\/#breadcrumb"},"inLanguage":"es","potentialAction":[{"@type":"ReadAction","target":["https:\/\/bugaderiaemporda.com\/rsc\/"]}]},{"@type":"BreadcrumbList","@id":"https:\/\/bugaderiaemporda.com\/rsc\/#breadcrumb","itemListElement":[{"@type":"ListItem","position":1,"name":"Inici","item":"https:\/\/bugaderiaemporda.com\/es\/"},{"@type":"ListItem","position":2,"name":"RSC"}]},{"@type":"WebSite","@id":"https:\/\/bugaderiaemporda.com\/#website","url":"https:\/\/bugaderiaemporda.com\/","name":"Bugaderia Empord\u00e0","description":"Alta qualitat en renting t\u00e8xtil","potentialAction":[{"@type":"SearchAction","target":{"@type":"EntryPoint","urlTemplate":"https:\/\/bugaderiaemporda.com\/?s={search_term_string}"},"query-input":"required name=search_term_string"}],"inLanguage":"es"}]}},"_links":{"self":[{"href":"https:\/\/bugaderiaemporda.com\/es\/wp-json\/wp\/v2\/pages\/25157"}],"collection":[{"href":"https:\/\/bugaderiaemporda.com\/es\/wp-json\/wp\/v2\/pages"}],"about":[{"href":"https:\/\/bugaderiaemporda.com\/es\/wp-json\/wp\/v2\/types\/page"}],"author":[{"embeddable":true,"href":"https:\/\/bugaderiaemporda.com\/es\/wp-json\/wp\/v2\/users\/1"}],"replies":[{"embeddable":true,"href":"https:\/\/bugaderiaemporda.com\/es\/wp-json\/wp\/v2\/comments?post=25157"}],"version-history":[{"count":8,"href":"https:\/\/bugaderiaemporda.com\/es\/wp-json\/wp\/v2\/pages\/25157\/revisions"}],"predecessor-version":[{"id":25435,"href":"https:\/\/bugaderiaemporda.com\/es\/wp-json\/wp\/v2\/pages\/25157\/revisions\/25435"}],"wp:attachment":[{"href":"https:\/\/bugaderiaemporda.com\/es\/wp-json\/wp\/v2\/media?parent=25157"}],"curies":[{"name":"wp","href":"https:\/\/api.w.org\/{rel}","templated":true}]}}