{"id":25148,"date":"2019-11-19T13:44:09","date_gmt":"2019-11-19T11:44:09","guid":{"rendered":"http:\/\/bugaderiaemporda.efimatica.com\/qualitat\/"},"modified":"2020-01-09T17:00:30","modified_gmt":"2020-01-09T15:00:30","slug":"calidad","status":"publish","type":"page","link":"https:\/\/bugaderiaemporda.com\/es\/calidad\/","title":{"rendered":"Calidad"},"content":{"rendered":"<p>[vc_row full_width=\u00bbstretch_row_content_no_spaces\u00bb css=\u00bb.vc_custom_1574844257157{margin-bottom: 0px !important;background-color: #fbfbfb !important;}\u00bb][vc_column]<h1 class=\"boc_heading  center  \"  style=\"margin-bottom: 50px;margin-top: 50px;color: #00adef;font-size: 50px;\"><span>NUESTRA ESPECIALIZACI\u00d3N<\/span><\/h1>[\/vc_column][\/vc_row][vc_row full_width=\u00bbstretch_row_content_no_spaces\u00bb css=\u00bb.vc_custom_1574154667761{margin-top: 0px !important;margin-bottom: 0px !important;padding-top: 0px !important;padding-bottom: 0px !important;}\u00bb][vc_column]\n\t\t\t\t\t<!-- Image Slider -->\n\t\t\t\t\t<script type=\"text\/javascript\">\n\n\t\t\t\t\t\tjQuery(document).ready(function($) {\n\t\t\t\t\t\t\t\n\t\t\t\t\t\t\t\/\/ Load carousel after its images are loaded\n\t\t\t\t\t\t\tpreloadImages($(\"#img_slider_29aa2a2808b14e5fc48ebbe31b7b592c img\"), function () {\n\t\t\t\t\t\t\t\t\n\t\t\t\t\t\t\t\tvar carousel = $(\"#img_slider_29aa2a2808b14e5fc48ebbe31b7b592c\");\n\t\t\t\t\t\t\t\t\n\t\t\t\t\t\t\t\tvar args = {\n\t\t\t\t\t\t\t\t\titems: \t\t\t1,\n\t\t\t\t\t\t\t\t\tmouseDrag:\t\ttrue,\n\t\t\t\t\t\t\t\t\tautoplay:\t\tfalse,\n\t\t\t\t\t\t\t\t\tautoplayTimeout:6000,\n\t\t\t\t\t\t\t\t\tnav: \t\t\ttrue,\n\t\t\t\t\t\t\t\t\tdots: \t\t\ttrue,\n\t\t\t\t\t\t\t\t\tloop: \t\t\ttrue,\n\t\t\t\t\t\t\t\t\tautoHeight: \tfalse,\n\t\t\t\t\t\t\t\t\tsmartSpeed:\t\t500,\n\t\t\t\t\t\t\tnavText:\t\t\t[\"<span class='icon icon-arrow-left8'><\/span>\",\"<span class='icon icon-uniE708'><\/span>\"],\n\t\t\t\t\t\t\t\t\tslideBy: \t\t1,\n\t\t\t\t\t\t\t\t\tnavRewind: \t\tfalse,\n\t\t\t\t\t\t\t\t\trtl: \t\t\tfalse,\n\t\t\t\t\t\t\t\t\tonInitialized:  \tshowCarousel_29aa2a2808b14e5fc48ebbe31b7b592c,\n\t\t\t\t\t\t\t\t\tanimateOut:\"fadeOut\", animateIn: \"fadeIn\"\n\t\t\t\t\t\t\t\t};\n\t\t\t\t\t\t\t\t\n\t\t\t\t\t\t\t\tcarousel.owlCarousel(args);\n\n\t\t\t\t\t\t\t\tvar initital_width = carousel.css(\"width\");\t\t\n\t\t\t\t\t\t\t\t\n\t\t\t\t\t\t\t\t\/* Refresh it for full width rows *\/\n\t\t\t\t\t\t\t\t$(window).load(function(){\n\t\t\t\t\t\t\t\t\tif(carousel.css(\"width\") != initital_width) {\n\t\t\t\t\t\t\t\t\t\tcarousel.trigger(\"destroy.owl.carousel\").removeClass(\"owl-carousel owl-loaded\");\n\t\t\t\t\t\t\t\t\t\tcarousel.find(\".owl-stage-outer\").children().unwrap();\n\t\t\t\t\t\t\t\t\t\tcarousel.owlCarousel(args);\n\t\t\t\t\t\t\t\t\t}\n\t\t\t\t\t\t\t\t});\n\t\t\t\t\t\t\t});\n\t\t\t\t\t\t\t\n\t\t\t\t\t\t\t\n\t\t\t\t\t\t\t\/* Show after initialized *\/\n\t\t\t\t\t\t\tfunction showCarousel_29aa2a2808b14e5fc48ebbe31b7b592c() {\n\t\t\t\t\t\t\t\t$(\"#img_slider_29aa2a2808b14e5fc48ebbe31b7b592c\").fadeTo(0,1);\n\t\t\t\t\t\t\t\t$(\"#img_slider_29aa2a2808b14e5fc48ebbe31b7b592c .owl-item .boc_owl_lazy\").css(\"opacity\",\"1\");\n\t\t\t\t\t\t\t}\t\t\t\t\t\t\t\n\t\t\t\t\t\t\t\n\t\t\t\t\t\t\t\n\t\t\t\t\t\t});\n\n\t\t\t\t\t<\/script>\n\t\t\t\t\t<!-- Image Slider :: END --><div class=\"img_slider mfp_gallery  has_dots big_arrows\" id=\"img_slider_29aa2a2808b14e5fc48ebbe31b7b592c\" style=\"opacity:0;\"><div class=\"img_slider_item boc_owl_lazy\"><img decoding=\"async\" src=\"https:\/\/bugaderiaemporda.com\/wp-content\/uploads\/2019\/11\/bugaderia-img-qualitat-slideA-01-1.jpg\" alt=\"\" title=\"\"\/><\/div><div class=\"img_slider_item boc_owl_lazy\"><img decoding=\"async\" src=\"https:\/\/bugaderiaemporda.com\/wp-content\/uploads\/2019\/11\/bugaderia-img-qualitat-slideA-02-1.jpg\" alt=\"\" title=\"\"\/><\/div><div class=\"img_slider_item boc_owl_lazy\"><img decoding=\"async\" src=\"https:\/\/bugaderiaemporda.com\/wp-content\/uploads\/2019\/11\/bugaderia-img-qualitat-slideA-03-1.jpg\" alt=\"\" title=\"\"\/><\/div><\/div>[\/vc_column][\/vc_row][vc_row full_width=\u00bbstretch_row_content_no_spaces\u00bb equal_height=\u00bbyes\u00bb css=\u00bb.vc_custom_1574253718961{margin-top: 0px !important;margin-right: 0px !important;margin-bottom: 0px !important;margin-left: 0px !important;padding-top: 0px !important;padding-bottom: 0px !important;}\u00bb][vc_column width=\u00bb2\/3&#8243; el_class=\u00bbequal_height_column white_color\u00bb][vc_row_inner][vc_column_inner css=\u00bb.vc_custom_1574253995004{padding-top: 11% !important;padding-right: 18% !important;padding-bottom: 11% !important;padding-left: 18% !important;}\u00bb]<h2 class=\"boc_heading  al_left  \"  style=\"margin-bottom: 20px;margin-top: 0px;color: #333333;font-size: 30px;\"><span>TECNOLOG\u00cdA Y EQUIPAMIENTOS VANGUARDISTAS<\/span><\/h2>[vc_column_text]A lo largo de nuestra trayectoria y sucesivas ampliaciones de equipamiento, hemos apostado siempre por la maquinaria de las mejores marcas europeas y nacionales del sector, como por ejemplo Kannegiesser, Jensen o Girbau.<\/p>\n<p>Con tal de garantizar el servicio disponemos de alternador propio de 880 Kva y nuestra tecnolog\u00eda nos permite asegurar que somos una de las lavander\u00edas energ\u00e9ticamente m\u00e1s eficientes con un aprovechamiento demostrable del 90% del calor generado mediante intercambiadores de calor.[\/vc_column_text][\/vc_column_inner][\/vc_row_inner][\/vc_column][vc_column width=\u00bb1\/3&#8243; el_class=\u00bbequal_height_column alturaminima\u00bb css=\u00bb.vc_custom_1574848986861{background-image: url(https:\/\/bugaderiaemporda.com\/wp-content\/uploads\/2019\/11\/bugaderia-img-qualitat-slideC-01-1.jpg?id=25081) !important;background-position: center !important;background-repeat: no-repeat !important;background-size: cover !important;}\u00bb][\/vc_column][\/vc_row][vc_row full_width=\u00bbstretch_row\u00bb css=\u00bb.vc_custom_1574850584608{margin-top: 0px !important;margin-bottom: 0px !important;padding-top: 80px !important;padding-bottom: 80px !important;background-color: #fbfbfb !important;}\u00bb][vc_column]\n\t\t<!--New Tabs-->\n\t\t<div class=\"newtabs clearfix vertical  minimal_style\">\n\t\t\t<ul class=\"resp-tabs-list\">\n\t\t\t<\/ul>\n\t\t\t<div class=\"resp-tabs-container\">\n\t\t<div class=\"single_tab_div\" rel-title=\"Lavado y secado\" rel-icon=\"\">[vc_row_inner][vc_column_inner width=\u00bb1\/2&#8243;]<h2 class=\"boc_heading  al_left  \"  style=\"margin-bottom: 20px;margin-top: 0px;color: #00adef;\"><span>LAVADO Y SECADO<\/span><\/h2>[vc_column_text]Para el proceso de lavado y secado disponemos del equipamiento necesario para producir hasta 5.000 Kg\/h, que incluye:[\/vc_column_text]<div class=\"boc_list_item  \" >\n\t\t\t\t\t<span class=\"li_icon normal \" style=\"\"><i class=\"icon icon-check2\" style=\"\"><\/i><\/span>\n\t\t\t\t\t<div class=\"boc_list_item_text normal\">4 t\u00faneles de lavado con 48 m\u00f3dulos en total<\/p>\n<p><\/div>\n\t\t\t\t   <\/div><div class=\"boc_list_item  \" >\n\t\t\t\t\t<span class=\"li_icon normal \" style=\"\"><i class=\"icon icon-check2\" style=\"\"><\/i><\/span>\n\t\t\t\t\t<div class=\"boc_list_item_text normal\">18 secadoras con distintas capacidades<\/div>\n\t\t\t\t   <\/div><div class=\"boc_list_item  \" >\n\t\t\t\t\t<span class=\"li_icon normal \" style=\"\"><i class=\"icon icon-check2\" style=\"\"><\/i><\/span>\n\t\t\t\t\t<div class=\"boc_list_item_text normal\">4 lavadoras con distintas capacidades<\/div>\n\t\t\t\t   <\/div><div class=\"boc_spacing \" style=\"height: 20px\"><\/div>[\/vc_column_inner][vc_column_inner width=\u00bb1\/2&#8243;][vc_single_image alignment=\u00bbcenter\u00bb image=\u00bb23956&#8243;]<div class=\"boc_spacing \" style=\"height: 20px\"><\/div>[\/vc_column_inner][\/vc_row_inner]<\/div><div class=\"single_tab_div\" rel-title=\"Planchado y plegado\" rel-icon=\"\">[vc_row_inner][vc_column_inner width=\u00bb1\/2&#8243;]<h2 class=\"boc_heading  al_left  \"  style=\"margin-bottom: 20px;margin-top: 0px;color: #00adef;\"><span>PLANCHADO Y PLEGADO<\/span><\/h2>[vc_column_text]Utilizamos maquinaria de \u00faltima generaci\u00f3n para obtener la m\u00e1xima eficacia y el m\u00e1ximo respeto al medio ambiente en los procesos de planchado y plegado de las s\u00e1banas, fundas, n\u00f3rdicos y toallas hasta 5.000 Kg\/h:[\/vc_column_text]<div class=\"boc_list_item  \" >\n\t\t\t\t\t<span class=\"li_icon normal \" style=\"\"><i class=\"icon icon-check2\" style=\"\"><\/i><\/span>\n\t\t\t\t\t<div class=\"boc_list_item_text normal\"><\/p>\n<p>4 calandrias de planchado Kannegiesser con introductor y plegador autom\u00e1tico<\/div>\n\t\t\t\t   <\/div><div class=\"boc_list_item  \" >\n\t\t\t\t\t<span class=\"li_icon normal \" style=\"\"><i class=\"icon icon-check2\" style=\"\"><\/i><\/span>\n\t\t\t\t\t<div class=\"boc_list_item_text normal\">3 calandrias de planchado Kannegiesser con introductor manual<\/p>\n<p><\/div>\n\t\t\t\t   <\/div><div class=\"boc_list_item  \" >\n\t\t\t\t\t<span class=\"li_icon normal \" style=\"\"><i class=\"icon icon-check2\" style=\"\"><\/i><\/span>\n\t\t\t\t\t<div class=\"boc_list_item_text normal\">4 plegadoras de fundas y servilletas<\/div>\n\t\t\t\t   <\/div><div class=\"boc_list_item  \" >\n\t\t\t\t\t<span class=\"li_icon normal \" style=\"\"><i class=\"icon icon-check2\" style=\"\"><\/i><\/span>\n\t\t\t\t\t<div class=\"boc_list_item_text normal\">1 calandria Hooge y plegador<\/p>\n<p><\/div>\n\t\t\t\t   <\/div><div class=\"boc_list_item  \" >\n\t\t\t\t\t<span class=\"li_icon normal \" style=\"\"><i class=\"icon icon-check2\" style=\"\"><\/i><\/span>\n\t\t\t\t\t<div class=\"boc_list_item_text normal\">2 calandria Effma y plegadores<\/div>\n\t\t\t\t   <\/div><div class=\"boc_list_item  \" >\n\t\t\t\t\t<span class=\"li_icon normal \" style=\"\"><i class=\"icon icon-check2\" style=\"\"><\/i><\/span>\n\t\t\t\t\t<div class=\"boc_list_item_text normal\">14 m\u00e1quinas de doblar toallas Pizzardi AXIA<\/div>\n\t\t\t\t   <\/div><div class=\"boc_spacing \" style=\"height: 20px\"><\/div>[\/vc_column_inner][vc_column_inner width=\u00bb1\/2&#8243;][vc_single_image alignment=\u00bbcenter\u00bb image=\u00bb23957&#8243;]<div class=\"boc_spacing \" style=\"height: 20px\"><\/div>[\/vc_column_inner][\/vc_row_inner]<\/div><div class=\"single_tab_div\" rel-title=\"Complementos al lavado\" rel-icon=\"\">[vc_row_inner][vc_column_inner width=\u00bb1\/2&#8243;]<h2 class=\"boc_heading  al_left  \"  style=\"margin-bottom: 20px;margin-top: 0px;color: #00adef;\"><span>COMPLEMENTOS AL LAVADO<\/span><\/h2>[vc_column_text]Para completar el proceso de lavado disponemos de:[\/vc_column_text]<div class=\"boc_list_item  \" >\n\t\t\t\t\t<span class=\"li_icon normal \" style=\"\"><i class=\"icon icon-check2\" style=\"\"><\/i><\/span>\n\t\t\t\t\t<div class=\"boc_list_item_text normal\">4 empaquetadoras<\/div>\n\t\t\t\t   <\/div><div class=\"boc_list_item  \" >\n\t\t\t\t\t<span class=\"li_icon normal \" style=\"\"><i class=\"icon icon-check2\" style=\"\"><\/i><\/span>\n\t\t\t\t\t<div class=\"boc_list_item_text normal\">2 calderas de vapor con m\u00faltiples recuperadores de calor<\/div>\n\t\t\t\t   <\/div><div class=\"boc_list_item  \" >\n\t\t\t\t\t<span class=\"li_icon normal \" style=\"\"><i class=\"icon icon-check2\" style=\"\"><\/i><\/span>\n\t\t\t\t\t<div class=\"boc_list_item_text normal\">3 compresores de aire, todo por duplicado para evitar paradas en caso de aver\u00eda<\/div>\n\t\t\t\t   <\/div><div class=\"boc_spacing \" style=\"height: 20px\"><\/div>[\/vc_column_inner][vc_column_inner width=\u00bb1\/2&#8243;][vc_single_image alignment=\u00bbcenter\u00bb image=\u00bb23958&#8243;]<div class=\"boc_spacing \" style=\"height: 20px\"><\/div>[\/vc_column_inner][\/vc_row_inner]<\/div><\/div>\n\t\t\t\t<\/div>[\/vc_column][\/vc_row][vc_row full_width=\u00bbstretch_row\u00bb equal_height=\u00bbyes\u00bb bg_type=\u00bbimage\u00bb parallax_style=\u00bbvcpb-vz-jquery\u00bb bg_image_new=\u00bb23819&#8243; bg_image_repeat=\u00bbno-repeat\u00bb parallax_sense=\u00bb40&#8243; disable_on_mobile_img_parallax=\u00bboff\u00bb el_class=\u00bbno_text_transform\u00bb css=\u00bb.vc_custom_1574175271366{margin-bottom: 0px !important;padding-top: 80px !important;padding-bottom: 80px !important;}\u00bb][vc_column][vc_row_inner css=\u00bb.vc_custom_1574179472805{margin-top: 0px !important;margin-right: 0px !important;margin-bottom: 0px !important;margin-left: 0px !important;padding-top: 32px !important;padding-right: 32px !important;padding-bottom: 32px !important;padding-left: 32px !important;background-color: rgba(255,255,255,0.7) !important;*background-color: rgb(255,255,255) !important;}\u00bb][vc_column_inner width=\u00bb2\/3&#8243; css=\u00bb.vc_custom_1574179414780{margin-right: 0px !important;margin-left: 0px !important;}\u00bb]<div class=\"boc_spacing \" style=\"height: 30px\"><\/div><h2 class=\"boc_heading  al_left  \"  style=\"margin-bottom: 20px;margin-top: 0px;color: #333;\"><span>LOS MEJORES PROVEEDORES TEXTILES<\/span><\/h2>[vc_column_text]El origen y la selecci\u00f3n del textil que proporcionamos a nuestros clientes del servicio de alquiler son claves a la hora de garantizar s\u00e1banas, fundas de coj\u00edn, cuadrantes, n\u00f3rdicos y colchas de m\u00e1xima calidad.<\/p>\n<p>Disponemos de s\u00e1banas de distintas gamas:<\/p>\n<p>Nuestras s\u00e1banas est\u00e1ndar son de algod\u00f3n 100%, peinado, de hilos finos, 32 de trama y 31 de urdimbre, con acabados mercerizados que garantizan un confort al tacto muy bueno.<\/p>\n<p>Disponemos de una gama superior tambi\u00e9n en algod\u00f3n 100%, peinado, de hilos finos, 35 de trama y 45 de urdimbre, con un tacto excelente y una gama extra de algod\u00f3n de 300 hilos con una suavidad al tacto excepcional. Adem\u00e1s ofrecemos una gama de Gran Luje desde 600 hasta 1.000 hilos.<\/p>\n<p>Contamos con los mejores proveedores.[\/vc_column_text]<div class=\"boc_spacing \" style=\"height: 20px\"><\/div>[\/vc_column_inner][vc_column_inner width=\u00bb1\/3&#8243; css=\u00bb.vc_custom_1574844319139{margin-right: 0px !important;margin-left: 0px !important;border-left-width: 0px !important;border-left-color: #ffffff !important;border-left-style: solid !important;}\u00bb]<div class=\"boc_spacing \" style=\"height: 30px\"><\/div>[vc_single_image alignment=\u00bbcenter\u00bb image=\u00bb23964&#8243;]<div class=\"boc_spacing \" style=\"height: 20px\"><\/div>[\/vc_column_inner][\/vc_row_inner][\/vc_column][\/vc_row][vc_row full_width=\u00bbstretch_row\u00bb bg_type=\u00bbbg_color\u00bb enable_overlay=\u00bboff\u00bb el_class=\u00bbwhite_text\u00bb css=\u00bb.vc_custom_1573808681791{margin-bottom: 0px !important;padding-top: 24px !important;padding-bottom: 20px !important;}\u00bb bg_color_value=\u00bb#00adef\u00bb][vc_column]<div class=\"text_box calltoactionblau box_no_bgr \"><div class=\"text_box_content with_button\"><h2>\u00bfQuieres saber m\u00e1s sobre la calidad de nuestros productos y servicios?<\/h2>\n\t\t\t\t\t<p><\/p>\n\t\t\t\t<\/div><div class=\"btn_holder\"><a\thref=\"\/es\/contacto\" \n\t\t\t\t\tclass=\"button  btn_medium_stretched btn_white btn_circled btn_outline icon_pos_after \"  target='_self'><span>CONT\u00c1CTANOS<\/span> <i class='icon icon icon-angle-right2'><\/i> <\/a><\/div><\/div>[\/vc_column][\/vc_row]<\/p>\n","protected":false},"excerpt":{"rendered":"<p>[vc_row full_width=\u00bbstretch_row_content_no_spaces\u00bb css=\u00bb.vc_custom_1574844257157{margin-bottom: 0px !important;background-color: #fbfbfb !important;}\u00bb][vc_column][\/vc_column][\/vc_row][vc_row full_width=\u00bbstretch_row_content_no_spaces\u00bb css=\u00bb.vc_custom_1574154667761{margin-top: 0px !important;margin-bottom: 0px !important;padding-top: 0px !important;padding-bottom: 0px !important;}\u00bb][vc_column][\/vc_column][\/vc_row][vc_row full_width=\u00bbstretch_row_content_no_spaces\u00bb equal_height=\u00bbyes\u00bb css=\u00bb.vc_custom_1574253718961{margin-top: 0px !important;margin-right: 0px !important;margin-bottom: 0px !important;margin-left: 0px !important;padding-top: 0px !important;padding-bottom: 0px !important;}\u00bb][vc_column width=\u00bb2\/3&#8243; el_class=\u00bbequal_height_column white_color\u00bb][vc_row_inner][vc_column_inner css=\u00bb.vc_custom_1574253995004{padding-top: 11% !important;padding-right: 18% !important;padding-bottom: 11% !important;padding-left: 18% !important;}\u00bb][vc_column_text]A lo largo de nuestra trayectoria y sucesivas ampliaciones de equipamiento, hemos apostado siempre por la maquinaria<\/p>\n<div class=\"h10\"><\/div>\n<p><a class=\"more-link2 flat\" href=\"https:\/\/bugaderiaemporda.com\/es\/calidad\/\">Read more<\/a><\/p>\n","protected":false},"author":1,"featured_media":0,"parent":0,"menu_order":18,"comment_status":"open","ping_status":"closed","template":"","meta":{"footnotes":""},"class_list":["post-25148","page","type-page","status-publish","hentry"],"yoast_head":"<!-- This site is optimized with the Yoast SEO plugin v23.3 - https:\/\/yoast.com\/wordpress\/plugins\/seo\/ -->\n<title>Calidad - Bugaderia Empord\u00e0<\/title>\n<meta name=\"robots\" content=\"index, follow, max-snippet:-1, max-image-preview:large, max-video-preview:-1\" \/>\n<link rel=\"canonical\" href=\"https:\/\/bugaderiaemporda.com\/qualitat\/\" \/>\n<meta property=\"og:locale\" content=\"es_ES\" \/>\n<meta property=\"og:type\" content=\"article\" \/>\n<meta property=\"og:title\" content=\"Calidad - Bugaderia Empord\u00e0\" \/>\n<meta property=\"og:description\" content=\"[vc_row full_width=\u00bbstretch_row_content_no_spaces\u00bb css=\u00bb.vc_custom_1574844257157{margin-bottom: 0px !important;background-color: #fbfbfb !important;}\u00bb][vc_column][\/vc_column][\/vc_row][vc_row full_width=\u00bbstretch_row_content_no_spaces\u00bb css=\u00bb.vc_custom_1574154667761{margin-top: 0px !important;margin-bottom: 0px !important;padding-top: 0px !important;padding-bottom: 0px !important;}\u00bb][vc_column][\/vc_column][\/vc_row][vc_row full_width=\u00bbstretch_row_content_no_spaces\u00bb equal_height=\u00bbyes\u00bb css=\u00bb.vc_custom_1574253718961{margin-top: 0px !important;margin-right: 0px !important;margin-bottom: 0px !important;margin-left: 0px !important;padding-top: 0px !important;padding-bottom: 0px !important;}\u00bb][vc_column width=\u00bb2\/3&#8243; el_class=\u00bbequal_height_column white_color\u00bb][vc_row_inner][vc_column_inner css=\u00bb.vc_custom_1574253995004{padding-top: 11% !important;padding-right: 18% !important;padding-bottom: 11% !important;padding-left: 18% !important;}\u00bb][vc_column_text]A lo largo de nuestra trayectoria y sucesivas ampliaciones de equipamiento, hemos apostado siempre por la maquinariaRead more\" \/>\n<meta property=\"og:url\" content=\"https:\/\/bugaderiaemporda.com\/qualitat\/\" \/>\n<meta property=\"og:site_name\" content=\"Bugaderia Empord\u00e0\" \/>\n<meta property=\"article:modified_time\" content=\"2020-01-09T15:00:30+00:00\" \/>\n<meta property=\"og:image\" content=\"https:\/\/bugaderiaemporda.com\/wp-content\/uploads\/2019\/11\/bugaderia-logo-home-01.png\" \/>\n\t<meta property=\"og:image:width\" content=\"338\" \/>\n\t<meta property=\"og:image:height\" content=\"72\" \/>\n\t<meta property=\"og:image:type\" content=\"image\/png\" \/>\n<meta name=\"twitter:card\" content=\"summary_large_image\" \/>\n<meta name=\"twitter:label1\" content=\"Tiempo de lectura\" \/>\n\t<meta name=\"twitter:data1\" content=\"6 minutos\" \/>\n<script type=\"application\/ld+json\" class=\"yoast-schema-graph\">{\"@context\":\"https:\/\/schema.org\",\"@graph\":[{\"@type\":\"WebPage\",\"@id\":\"https:\/\/bugaderiaemporda.com\/qualitat\/\",\"url\":\"https:\/\/bugaderiaemporda.com\/qualitat\/\",\"name\":\"Calidad - Bugaderia Empord\u00e0\",\"isPartOf\":{\"@id\":\"https:\/\/bugaderiaemporda.com\/#website\"},\"datePublished\":\"2019-11-19T11:44:09+00:00\",\"dateModified\":\"2020-01-09T15:00:30+00:00\",\"breadcrumb\":{\"@id\":\"https:\/\/bugaderiaemporda.com\/qualitat\/#breadcrumb\"},\"inLanguage\":\"es\",\"potentialAction\":[{\"@type\":\"ReadAction\",\"target\":[\"https:\/\/bugaderiaemporda.com\/qualitat\/\"]}]},{\"@type\":\"BreadcrumbList\",\"@id\":\"https:\/\/bugaderiaemporda.com\/qualitat\/#breadcrumb\",\"itemListElement\":[{\"@type\":\"ListItem\",\"position\":1,\"name\":\"Inici\",\"item\":\"https:\/\/bugaderiaemporda.com\/es\/\"},{\"@type\":\"ListItem\",\"position\":2,\"name\":\"Calidad\"}]},{\"@type\":\"WebSite\",\"@id\":\"https:\/\/bugaderiaemporda.com\/#website\",\"url\":\"https:\/\/bugaderiaemporda.com\/\",\"name\":\"Bugaderia Empord\u00e0\",\"description\":\"Alta qualitat en renting t\u00e8xtil\",\"potentialAction\":[{\"@type\":\"SearchAction\",\"target\":{\"@type\":\"EntryPoint\",\"urlTemplate\":\"https:\/\/bugaderiaemporda.com\/?s={search_term_string}\"},\"query-input\":\"required name=search_term_string\"}],\"inLanguage\":\"es\"}]}<\/script>\n<!-- \/ Yoast SEO plugin. -->","yoast_head_json":{"title":"Calidad - Bugaderia Empord\u00e0","robots":{"index":"index","follow":"follow","max-snippet":"max-snippet:-1","max-image-preview":"max-image-preview:large","max-video-preview":"max-video-preview:-1"},"canonical":"https:\/\/bugaderiaemporda.com\/qualitat\/","og_locale":"es_ES","og_type":"article","og_title":"Calidad - Bugaderia Empord\u00e0","og_description":"[vc_row full_width=\u00bbstretch_row_content_no_spaces\u00bb css=\u00bb.vc_custom_1574844257157{margin-bottom: 0px !important;background-color: #fbfbfb !important;}\u00bb][vc_column][\/vc_column][\/vc_row][vc_row full_width=\u00bbstretch_row_content_no_spaces\u00bb css=\u00bb.vc_custom_1574154667761{margin-top: 0px !important;margin-bottom: 0px !important;padding-top: 0px !important;padding-bottom: 0px !important;}\u00bb][vc_column][\/vc_column][\/vc_row][vc_row full_width=\u00bbstretch_row_content_no_spaces\u00bb equal_height=\u00bbyes\u00bb css=\u00bb.vc_custom_1574253718961{margin-top: 0px !important;margin-right: 0px !important;margin-bottom: 0px !important;margin-left: 0px !important;padding-top: 0px !important;padding-bottom: 0px !important;}\u00bb][vc_column width=\u00bb2\/3&#8243; el_class=\u00bbequal_height_column white_color\u00bb][vc_row_inner][vc_column_inner css=\u00bb.vc_custom_1574253995004{padding-top: 11% !important;padding-right: 18% !important;padding-bottom: 11% !important;padding-left: 18% !important;}\u00bb][vc_column_text]A lo largo de nuestra trayectoria y sucesivas ampliaciones de equipamiento, hemos apostado siempre por la maquinariaRead more","og_url":"https:\/\/bugaderiaemporda.com\/qualitat\/","og_site_name":"Bugaderia Empord\u00e0","article_modified_time":"2020-01-09T15:00:30+00:00","og_image":[{"width":338,"height":72,"url":"https:\/\/bugaderiaemporda.com\/wp-content\/uploads\/2019\/11\/bugaderia-logo-home-01.png","type":"image\/png"}],"twitter_card":"summary_large_image","twitter_misc":{"Tiempo de lectura":"6 minutos"},"schema":{"@context":"https:\/\/schema.org","@graph":[{"@type":"WebPage","@id":"https:\/\/bugaderiaemporda.com\/qualitat\/","url":"https:\/\/bugaderiaemporda.com\/qualitat\/","name":"Calidad - Bugaderia Empord\u00e0","isPartOf":{"@id":"https:\/\/bugaderiaemporda.com\/#website"},"datePublished":"2019-11-19T11:44:09+00:00","dateModified":"2020-01-09T15:00:30+00:00","breadcrumb":{"@id":"https:\/\/bugaderiaemporda.com\/qualitat\/#breadcrumb"},"inLanguage":"es","potentialAction":[{"@type":"ReadAction","target":["https:\/\/bugaderiaemporda.com\/qualitat\/"]}]},{"@type":"BreadcrumbList","@id":"https:\/\/bugaderiaemporda.com\/qualitat\/#breadcrumb","itemListElement":[{"@type":"ListItem","position":1,"name":"Inici","item":"https:\/\/bugaderiaemporda.com\/es\/"},{"@type":"ListItem","position":2,"name":"Calidad"}]},{"@type":"WebSite","@id":"https:\/\/bugaderiaemporda.com\/#website","url":"https:\/\/bugaderiaemporda.com\/","name":"Bugaderia Empord\u00e0","description":"Alta qualitat en renting t\u00e8xtil","potentialAction":[{"@type":"SearchAction","target":{"@type":"EntryPoint","urlTemplate":"https:\/\/bugaderiaemporda.com\/?s={search_term_string}"},"query-input":"required name=search_term_string"}],"inLanguage":"es"}]}},"_links":{"self":[{"href":"https:\/\/bugaderiaemporda.com\/es\/wp-json\/wp\/v2\/pages\/25148"}],"collection":[{"href":"https:\/\/bugaderiaemporda.com\/es\/wp-json\/wp\/v2\/pages"}],"about":[{"href":"https:\/\/bugaderiaemporda.com\/es\/wp-json\/wp\/v2\/types\/page"}],"author":[{"embeddable":true,"href":"https:\/\/bugaderiaemporda.com\/es\/wp-json\/wp\/v2\/users\/1"}],"replies":[{"embeddable":true,"href":"https:\/\/bugaderiaemporda.com\/es\/wp-json\/wp\/v2\/comments?post=25148"}],"version-history":[{"count":4,"href":"https:\/\/bugaderiaemporda.com\/es\/wp-json\/wp\/v2\/pages\/25148\/revisions"}],"predecessor-version":[{"id":25330,"href":"https:\/\/bugaderiaemporda.com\/es\/wp-json\/wp\/v2\/pages\/25148\/revisions\/25330"}],"wp:attachment":[{"href":"https:\/\/bugaderiaemporda.com\/es\/wp-json\/wp\/v2\/media?parent=25148"}],"curies":[{"name":"wp","href":"https:\/\/api.w.org\/{rel}","templated":true}]}}